{"id":34545,"date":"2026-02-27T00:26:08","date_gmt":"2026-02-27T00:26:08","guid":{"rendered":"https:\/\/nordicmart.andreevmaster.com\/product\/songmics-kenkahylly-suorakulmainen-kenkaorganisaattori-valkoinen\/"},"modified":"2026-02-27T09:45:38","modified_gmt":"2026-02-27T09:45:38","slug":"songmics-kenkahylly-suorakulmainen-kenkaorganisaattori-valkoinen","status":"publish","type":"product","link":"https:\/\/nordicmart.andreevmaster.com\/fi\/tuote\/songmics-kenkahylly-suorakulmainen-kenkaorganisaattori-valkoinen\/","title":{"rendered":"SONGMICS kenk\u00e4hylly, suorakulmainen kenk\u00e4organisaattori, valkoinen"},"content":{"rendered":"<p>Onko sinulla ongelmia kaikkien kenkiesi siistiss\u00e4 s\u00e4ilytt\u00e4misess\u00e4? SONGMICS:n DIY-keng\u00e4hylly on fiksu s\u00e4ilytysratkaisu! Vakauden ensisijaisuus: tukevat rautaverkot, hyvin suunniteltu kaatumissuoja ja ABS-muoviset liitoskappaleet antavat t\u00e4lle keng\u00e4hyllylle erinomaisen vakauden.Mihin haluat sijoittaa t\u00e4m\u00e4n kenk\u00e4hyllyn? Eteiseen \u2013 jotta keng\u00e4t ovat nopeasti saatavilla Kellariin \u2013 jotta s\u00e4\u00e4st\u00e4t tilaa muissa huoneissa Makuuhuoneeseen \u2013 jotta huone n\u00e4ytt\u00e4\u00e4 siistimm\u00e4lt\u00e4 Mik\u00e4 on suunnitelmasi? Tuotetiedot:V\u00e4ri: valkoinen Materiaali: rautaiset ritil\u00e4elementit, ABS-muoviset liitoskappaleet Koko: 83 x 31 x 88 cm (P x L x K) Paino: 6,8 kg Maks. staattinen kantavuus ritil\u00e4tasoa kohti: 10 kgToimitus sis\u00e4lt\u00e4\u00e4:12 x valkoista rautaverkkolevy\u00e4 (40 x 30 cm)15 x valkoista rautaverkkolevy\u00e4 (30 x 17 cm)10 x valkoista rautaverkkolevy\u00e4 (40 x 17 cm)36 valkoista muoviliitint\u00e41 kumivasara2 x kaatumissuoja1 x ohjeet (DE, EN, FR, ES, IT)SONGMICS Huomautukset:\u00c4l\u00e4 istu hyllylle \u00e4l\u00e4k\u00e4 j\u00e4t\u00e4 sit\u00e4 pysyv\u00e4sti ulos, jotta se ei altistu s\u00e4\u00e4olosuhteille.Muoviliittimien &#8221;SONGMICS&#8221;-logo tulee olla asennuksen aikana aina ulosp\u00e4in.Varmista asennuksen aikana, ett\u00e4 kaikki hyllytasot on ty\u00f6nnetty kokonaan muoviliittimiin. Asennuksen j\u00e4lkeen paina jokaisen tason liitoskappaleita kevyesti, jotta hyllyn vakaus paranee.<\/p>\n","protected":false},"excerpt":{"rendered":"<p>SONGMICS kenk\u00e4hylly, suorakulmainen kuutio-organisaattori, DIY-pistokehikko, 40 x 30 x 17 cm per kuutio, kenkien s\u00e4ilytys, vaatekaappi, eteinen, metallia, musta LPI25H<\/p>\n","protected":false},"featured_media":43218,"comment_status":"open","ping_status":"closed","template":"","meta":[],"product_brand":[],"product_cat":[32],"product_tag":[],"class_list":{"0":"post-34545","1":"product","2":"type-product","3":"status-publish","4":"has-post-thumbnail","6":"product_cat-uncategorized-fi","8":"first","9":"instock","10":"shipping-taxable","11":"purchasable","12":"product-type-simple"},"_links":{"self":[{"href":"https:\/\/nordicmart.andreevmaster.com\/fi\/wp-json\/wp\/v2\/product\/34545","targetHints":{"allow":["GET"]}}],"collection":[{"href":"https:\/\/nordicmart.andreevmaster.com\/fi\/wp-json\/wp\/v2\/product"}],"about":[{"href":"https:\/\/nordicmart.andreevmaster.com\/fi\/wp-json\/wp\/v2\/types\/product"}],"replies":[{"embeddable":true,"href":"https:\/\/nordicmart.andreevmaster.com\/fi\/wp-json\/wp\/v2\/comments?post=34545"}],"wp:featuredmedia":[{"embeddable":true,"href":"https:\/\/nordicmart.andreevmaster.com\/fi\/wp-json\/wp\/v2\/media\/43218"}],"wp:attachment":[{"href":"https:\/\/nordicmart.andreevmaster.com\/fi\/wp-json\/wp\/v2\/media?parent=34545"}],"wp:term":[{"taxonomy":"product_brand","embeddable":true,"href":"https:\/\/nordicmart.andreevmaster.com\/fi\/wp-json\/wp\/v2\/product_brand?post=34545"},{"taxonomy":"product_cat","embeddable":true,"href":"https:\/\/nordicmart.andreevmaster.com\/fi\/wp-json\/wp\/v2\/product_cat?post=34545"},{"taxonomy":"product_tag","embeddable":true,"href":"https:\/\/nordicmart.andreevmaster.com\/fi\/wp-json\/wp\/v2\/product_tag?post=34545"}],"curies":[{"name":"wp","href":"https:\/\/api.w.org\/{rel}","templated":true}]}}