{"id":34544,"date":"2026-02-27T00:26:08","date_gmt":"2026-02-27T00:26:08","guid":{"rendered":"https:\/\/nordicmart.andreevmaster.com\/product\/songmics-hyllyjarjestelma-useilla-lokeroilla\/"},"modified":"2026-02-27T09:45:37","modified_gmt":"2026-02-27T09:45:37","slug":"songmics-hyllyjarjestelma-useilla-lokeroilla","status":"publish","type":"product","link":"https:\/\/nordicmart.andreevmaster.com\/fi\/tuote\/songmics-hyllyjarjestelma-useilla-lokeroilla\/","title":{"rendered":"SONGMICS-hyllyj\u00e4rjestelm\u00e4 useilla lokeroilla"},"content":{"rendered":"<p>K\u00e4yt\u00e4nn\u00f6llinen metalliverkkokenk\u00e4teline voidaan koota eri muotoihin, jotta saat juuri sen, mit\u00e4 tarvitset. Useita yksik\u00f6it\u00e4 voidaan yhdist\u00e4\u00e4 toisiinsa, jotta saat lis\u00e4\u00e4 s\u00e4ilytystilaa ja mahdollisuuksia. Voit my\u00f6s poistaa yhden hyllyn, jotta saat tilaa saappaille. Anna luovuudellesi vapaat k\u00e4det t\u00e4m\u00e4n ainutlaatuisen tuotteen avulla. Tuotetiedot: V\u00e4ri: musta Materiaali: jauhemaalatut rautaverkot, ABS-muoviliitokset Koko: 83 x 31 x 88 cm (L x S x K) Koko per kuutio: 40 x 30 x 17 cm (L x S x K) Paino: 7 kg Kuution enimm\u00e4iskuormitus: 10 kg Toimitus sis\u00e4lt\u00e4\u00e4: 12 x musta rautaverkko (40 x 30 cm) 15 x musta rautaverkko (30 x 17 cm) 20 x musta rautaverkko (40 x 17 cm) 36 x musta ABS-muoviliitos 1 x kumivasara (175 g) 2 x kaatumissuoja 1 x asennusohjeet (DE, EN, FR, ES, IT) SONGMICS Huomautukset: \u00c4l\u00e4 j\u00e4t\u00e4 tuotetta pitk\u00e4ksi aikaa ulos, jotta s\u00e4\u00e4olosuhteet eiv\u00e4t vahingoita sit\u00e4. Pid\u00e4 muoviliittimien py\u00f6re\u00e4 puoli, jossa on &#8221;SONGMICS&#8221;-logo, ulosp\u00e4in asennuksen aikana.Kaikki silm\u00e4t tulee painaa alas asennuksen aikana. Tarkista jokaisen rivin valmistuttua, ett\u00e4 lankakehykset on painettu kokonaan liitoskappaleeseen tuotteen vakauden parantamiseksi.<\/p>\n","protected":false},"excerpt":{"rendered":"<p>SONGMICS kenk\u00e4hylly, suorakulmainen kuutio-organisaattori, DIY-pistokehikko, 40 x 30 x 17 cm per kuutio, kenkien s\u00e4ilytys, vaatekaappi, eteinen, metallia, musta LPI25H<\/p>\n","protected":false},"featured_media":43217,"comment_status":"open","ping_status":"closed","template":"","meta":[],"product_brand":[],"product_cat":[32],"product_tag":[],"class_list":{"0":"post-34544","1":"product","2":"type-product","3":"status-publish","4":"has-post-thumbnail","6":"product_cat-uncategorized-fi","8":"first","9":"instock","10":"shipping-taxable","11":"purchasable","12":"product-type-simple"},"_links":{"self":[{"href":"https:\/\/nordicmart.andreevmaster.com\/fi\/wp-json\/wp\/v2\/product\/34544","targetHints":{"allow":["GET"]}}],"collection":[{"href":"https:\/\/nordicmart.andreevmaster.com\/fi\/wp-json\/wp\/v2\/product"}],"about":[{"href":"https:\/\/nordicmart.andreevmaster.com\/fi\/wp-json\/wp\/v2\/types\/product"}],"replies":[{"embeddable":true,"href":"https:\/\/nordicmart.andreevmaster.com\/fi\/wp-json\/wp\/v2\/comments?post=34544"}],"wp:featuredmedia":[{"embeddable":true,"href":"https:\/\/nordicmart.andreevmaster.com\/fi\/wp-json\/wp\/v2\/media\/43217"}],"wp:attachment":[{"href":"https:\/\/nordicmart.andreevmaster.com\/fi\/wp-json\/wp\/v2\/media?parent=34544"}],"wp:term":[{"taxonomy":"product_brand","embeddable":true,"href":"https:\/\/nordicmart.andreevmaster.com\/fi\/wp-json\/wp\/v2\/product_brand?post=34544"},{"taxonomy":"product_cat","embeddable":true,"href":"https:\/\/nordicmart.andreevmaster.com\/fi\/wp-json\/wp\/v2\/product_cat?post=34544"},{"taxonomy":"product_tag","embeddable":true,"href":"https:\/\/nordicmart.andreevmaster.com\/fi\/wp-json\/wp\/v2\/product_tag?post=34544"}],"curies":[{"name":"wp","href":"https:\/\/api.w.org\/{rel}","templated":true}]}}