{"id":34543,"date":"2026-02-27T00:26:08","date_gmt":"2026-02-27T00:26:08","guid":{"rendered":"https:\/\/nordicmart.andreevmaster.com\/product\/songmics-9-osainen-valkoinen-hyllykko\/"},"modified":"2026-02-27T09:45:37","modified_gmt":"2026-02-27T09:45:37","slug":"songmics-9-osainen-valkoinen-hyllykko","status":"publish","type":"product","link":"https:\/\/nordicmart.andreevmaster.com\/fi\/tuote\/songmics-9-osainen-valkoinen-hyllykko\/","title":{"rendered":"SONGMICS 9-osainen valkoinen hyllykk\u00f6"},"content":{"rendered":"<p>Tuotetiedot: &#8211; V\u00e4ri: valkoinen &#8211; Materiaali: PP-muovi (levy), ABS-muovi (liitoskappale), metalliverkko &#8211; Mitat: 96 x 96 x 31,5 cm (L x K x S) &#8211; Kunkin lokeron enimm\u00e4iskuormitus: 10 kg &#8211; Nettopaino: 6,7 kg &#8211; Kunkin kuution tilavuus: 27 l Toimitus sis\u00e4lt\u00e4\u00e4 &#8211; 34 x valkoinen metalliverkko (30 x 30 cm) &#8211; 6 x valkoinen PP-levy (30 x 30 cm) &#8211; 34 x valkoista muoviliitint\u00e4 &#8211; 1 x kumivasara (175 g) &#8211; 2 x kaatumissuoja &#8211; 1 x ohjeet (DE, EN, FR, IT, ES) Huomautukset: &#8211; Hyllykk\u00f6\u00e4 ei ole tarkoitettu pidett\u00e4v\u00e4ksi ulkona pitki\u00e4 aikoja. &#8211; Liittimien py\u00f6re\u00e4n pinnan on aina oltava ulosp\u00e4in.- Levyt on asetettava liitoskoloihin kokonaan. Tarkka sovitus on t\u00e4rke\u00e4\u00e4, jotta hylly ei v\u00e4\u00e4nny.<\/p>\n","protected":false},"excerpt":{"rendered":"<p>SONGMICS hyllyj\u00e4rjestelm\u00e4, yksil\u00f6llisesti asennettava 9 lokeroa, musta, metalliverkosta 93 x 31 x 93 cm (L x K x S) LPI115H<\/p>\n","protected":false},"featured_media":43216,"comment_status":"open","ping_status":"closed","template":"","meta":[],"product_brand":[],"product_cat":[32],"product_tag":[],"class_list":{"0":"post-34543","1":"product","2":"type-product","3":"status-publish","4":"has-post-thumbnail","6":"product_cat-uncategorized-fi","8":"first","9":"instock","10":"shipping-taxable","11":"purchasable","12":"product-type-simple"},"_links":{"self":[{"href":"https:\/\/nordicmart.andreevmaster.com\/fi\/wp-json\/wp\/v2\/product\/34543","targetHints":{"allow":["GET"]}}],"collection":[{"href":"https:\/\/nordicmart.andreevmaster.com\/fi\/wp-json\/wp\/v2\/product"}],"about":[{"href":"https:\/\/nordicmart.andreevmaster.com\/fi\/wp-json\/wp\/v2\/types\/product"}],"replies":[{"embeddable":true,"href":"https:\/\/nordicmart.andreevmaster.com\/fi\/wp-json\/wp\/v2\/comments?post=34543"}],"wp:featuredmedia":[{"embeddable":true,"href":"https:\/\/nordicmart.andreevmaster.com\/fi\/wp-json\/wp\/v2\/media\/43216"}],"wp:attachment":[{"href":"https:\/\/nordicmart.andreevmaster.com\/fi\/wp-json\/wp\/v2\/media?parent=34543"}],"wp:term":[{"taxonomy":"product_brand","embeddable":true,"href":"https:\/\/nordicmart.andreevmaster.com\/fi\/wp-json\/wp\/v2\/product_brand?post=34543"},{"taxonomy":"product_cat","embeddable":true,"href":"https:\/\/nordicmart.andreevmaster.com\/fi\/wp-json\/wp\/v2\/product_cat?post=34543"},{"taxonomy":"product_tag","embeddable":true,"href":"https:\/\/nordicmart.andreevmaster.com\/fi\/wp-json\/wp\/v2\/product_tag?post=34543"}],"curies":[{"name":"wp","href":"https:\/\/api.w.org\/{rel}","templated":true}]}}