{"id":34542,"date":"2026-02-27T00:26:08","date_gmt":"2026-02-27T00:26:08","guid":{"rendered":"https:\/\/nordicmart.andreevmaster.com\/product\/songmics-9-osainen-hyllykko-musta\/"},"modified":"2026-02-27T09:45:37","modified_gmt":"2026-02-27T09:45:37","slug":"songmics-9-osainen-hyllykko-musta","status":"publish","type":"product","link":"https:\/\/nordicmart.andreevmaster.com\/fi\/tuote\/songmics-9-osainen-hyllykko-musta\/","title":{"rendered":"SONGMICS 9-osainen hyllykk\u00f6, musta"},"content":{"rendered":"<p>Tuotekuvaus: Mihin kaikkeen se mahtuu &#8230; K\u00e4yt\u00e4 hyllytt\u00e4mme vaatteiden, kenkien, toimistotarvikkeiden, kirjojen, lehtien ja monen muun s\u00e4ilytykseen. K\u00e4yt\u00f6ss\u00e4si on 9 lokeroa ja PP-levyt pohjaksi. Voit itse p\u00e4\u00e4tt\u00e4\u00e4, mihin lokeroon haluat pohjan ja mitk\u00e4 kuutiot ovat vain metalliverkkoa. Mihin tahansa se mahtuu&#8230; T\u00e4ll\u00e4 hyllyll\u00e4 on hylly joka huoneeseen. Eritt\u00e4in hillitty ulkon\u00e4k\u00f6 sopii mihin tahansa huoneeseen: olohuoneeseen, makuuhuoneeseen, lastenhuoneeseen, eteiseen, kylpyhuoneeseen, kellariin, autotalliin jne. Se tulisi suojata s\u00e4\u00e4lt\u00e4, kuten auringolta, sateelta ja tuulelta, jotta voit nauttia siit\u00e4 pitk\u00e4\u00e4n.  Tuotetiedot: &#8211; Mitat: 96 x 96 x 31,5 cm (L x K x S) &#8211; Kokonaistilavuus: 243 l &#8211; Kunkin kuution tilavuus: 27 l &#8211; Materiaali: PP-muovi (levy), ABS-muovi (liitoskappale), metalliverkko &#8211; V\u00e4ri: musta &#8211; Kunkin hyllyn enimm\u00e4iskuormitus: 10 kg &#8211; Bruttopaino: 6,7 kg &#8211; Nettopaino: 7,2 kg Toimitus sis\u00e4lt\u00e4\u00e4 &#8211; 34 x metalliverkko (30 x 30 x 30 cm) &#8211; 34 x metalliverkkopohja (30 x  kuormituskyky: 10 kg &#8211; Bruttopaino: 6,7 kg &#8211; Nettopaino: 7,2 kg Toimitus sis\u00e4lt\u00e4\u00e4 &#8211; 34 x metalliverkko (30 x 30 cm) &#8211; 6 x PP-levy (30 x 30 cm) &#8211; 34 x muoviliitin &#8211; 1 x kumivasara (175 g) &#8211; 2 x kaatumissuoja &#8211; 1 x ohjeet (DE, EN, FR, IT, ES) Huomautukset:  &#8211; Hyllykk\u00f6\u00e4 ei ole tarkoitettu pidempiaikaiseen ulkok\u00e4ytt\u00f6\u00f6n. &#8211; Liitoskappaleiden py\u00f6re\u00e4n pinnan on oltava aina ulosp\u00e4in. &#8211; Levyt on asetettava liitoskappaleiden uriin kokonaan. Tarkka sovitus on t\u00e4rke\u00e4\u00e4, jotta hylly ei v\u00e4\u00e4nny.<\/p>\n","protected":false},"excerpt":{"rendered":"<p>SONGMICS hyllyj\u00e4rjestelm\u00e4, yksil\u00f6llisesti asennettava 9 lokeroa, musta, metalliverkosta 93 x 31 x 93 cm (L x K x S) LPI115H<\/p>\n","protected":false},"featured_media":43215,"comment_status":"open","ping_status":"closed","template":"","meta":[],"product_brand":[],"product_cat":[32],"product_tag":[],"class_list":{"0":"post-34542","1":"product","2":"type-product","3":"status-publish","4":"has-post-thumbnail","6":"product_cat-uncategorized-fi","8":"first","9":"instock","10":"shipping-taxable","11":"purchasable","12":"product-type-simple"},"_links":{"self":[{"href":"https:\/\/nordicmart.andreevmaster.com\/fi\/wp-json\/wp\/v2\/product\/34542","targetHints":{"allow":["GET"]}}],"collection":[{"href":"https:\/\/nordicmart.andreevmaster.com\/fi\/wp-json\/wp\/v2\/product"}],"about":[{"href":"https:\/\/nordicmart.andreevmaster.com\/fi\/wp-json\/wp\/v2\/types\/product"}],"replies":[{"embeddable":true,"href":"https:\/\/nordicmart.andreevmaster.com\/fi\/wp-json\/wp\/v2\/comments?post=34542"}],"wp:featuredmedia":[{"embeddable":true,"href":"https:\/\/nordicmart.andreevmaster.com\/fi\/wp-json\/wp\/v2\/media\/43215"}],"wp:attachment":[{"href":"https:\/\/nordicmart.andreevmaster.com\/fi\/wp-json\/wp\/v2\/media?parent=34542"}],"wp:term":[{"taxonomy":"product_brand","embeddable":true,"href":"https:\/\/nordicmart.andreevmaster.com\/fi\/wp-json\/wp\/v2\/product_brand?post=34542"},{"taxonomy":"product_cat","embeddable":true,"href":"https:\/\/nordicmart.andreevmaster.com\/fi\/wp-json\/wp\/v2\/product_cat?post=34542"},{"taxonomy":"product_tag","embeddable":true,"href":"https:\/\/nordicmart.andreevmaster.com\/fi\/wp-json\/wp\/v2\/product_tag?post=34542"}],"curies":[{"name":"wp","href":"https:\/\/api.w.org\/{rel}","templated":true}]}}