{"id":34541,"date":"2026-02-27T00:26:08","date_gmt":"2026-02-27T00:26:08","guid":{"rendered":"https:\/\/nordicmart.andreevmaster.com\/product\/songmics-pistorasiahylly-6-valkoista-ritilakappaletta\/"},"modified":"2026-02-27T09:45:37","modified_gmt":"2026-02-27T09:45:37","slug":"songmics-pistorasiahylly-6-valkoista-ritilakappaletta","status":"publish","type":"product","link":"https:\/\/nordicmart.andreevmaster.com\/fi\/tuote\/songmics-pistorasiahylly-6-valkoista-ritilakappaletta\/","title":{"rendered":"SONGMICS pistorasiahylly 6 valkoista ritil\u00e4kappaletta"},"content":{"rendered":"<p>Tuotekuvaus: Mihin kaikkeen se mahtuu&#8230; K\u00e4yt\u00e4 hyllytt\u00e4mme vaatteiden, kenkien, toimistotarvikkeiden, kirjojen, lehtien ja monen muun tavaran s\u00e4ilytykseen. K\u00e4yt\u00f6ss\u00e4si on 6 lokeroa ja PP-levyt pohjaksi. Voit itse p\u00e4\u00e4tt\u00e4\u00e4, mihin lokeroon haluat pohjan ja mitk\u00e4 kuutiot koostuvat vain metalliverkosta. Mihin se voidaan sijoittaa&#8230; T\u00e4ll\u00e4 hyllyll\u00e4 on hylly joka huoneeseen. Eritt\u00e4in hillitty ulkon\u00e4k\u00f6 sopii joka huoneeseen: olohuoneeseen, makuuhuoneeseen, lastenhuoneeseen, eteiseen, kylpyhuoneeseen, kellariin, autotalliin jne. Se tulisi suojata s\u00e4\u00e4lt\u00e4, kuten auringolta, sateelta ja tuulelta, jotta voit nauttia siit\u00e4 pitk\u00e4\u00e4n.  Kuinka se kootaan&#8230; Yksityiskohtaiset asennusohjeet sis\u00e4ltyv\u00e4t tietysti toimitukseen (5 kielell\u00e4). Lyhyesti selitettyn\u00e4: yhdist\u00e4t metalliverkko-osat toisiinsa muovisilla liitoskappaleilla. Jokaisessa kulmassa asennetaan t\u00e4llainen liitoskappale, ja verkot ja levyt ty\u00f6nnet\u00e4\u00e4n paikoilleen. On t\u00e4rke\u00e4\u00e4 varmistaa, ett\u00e4 kaikki on kunnolla kiinni ja ett\u00e4 verkot ovat &#8221;lukittuneet&#8221; paikoilleen eik\u00e4 mik\u00e4\u00e4n voi v\u00e4\u00e4nty\u00e4.  Tuotetiedot: -V\u00e4ri: valkoinen -Materiaali: PP-muovi (levy), ABS-muovi (liitoskappale), metalliverkko -Mitat: 96 x 96 x 31,5 cm (L x K x S) -Kunkin lokeron enimm\u00e4iskuormitus: 10 kg -Nettopaino: 4,8 kg -Kunkin kuution tilavuus: 27 l Toimitus sis\u00e4lt\u00e4\u00e4: -24 x valkoista metalliverkkoa (30 x 30 cm) -6 x valkoista PP-levy\u00e4 (30 x 30 cm) &#8211; 26 x valkoista muoviliitint\u00e4 -1 x kumivasara (175 g) -2 x kaatumissuojaa -1 x ohjeet (DE, EN, FR, IT, ES)<\/p>\n","protected":false},"excerpt":{"rendered":"<p>SONGMICS pistokehys hyllykk\u00f6, yksil\u00f6llisesti asennettava Cube Sideboard hyllykk\u00f6 63 x 31 x 93 cm musta LPI111H<\/p>\n","protected":false},"featured_media":43214,"comment_status":"open","ping_status":"closed","template":"","meta":[],"product_brand":[],"product_cat":[32],"product_tag":[],"class_list":{"0":"post-34541","1":"product","2":"type-product","3":"status-publish","4":"has-post-thumbnail","6":"product_cat-uncategorized-fi","8":"first","9":"instock","10":"shipping-taxable","11":"purchasable","12":"product-type-simple"},"_links":{"self":[{"href":"https:\/\/nordicmart.andreevmaster.com\/fi\/wp-json\/wp\/v2\/product\/34541","targetHints":{"allow":["GET"]}}],"collection":[{"href":"https:\/\/nordicmart.andreevmaster.com\/fi\/wp-json\/wp\/v2\/product"}],"about":[{"href":"https:\/\/nordicmart.andreevmaster.com\/fi\/wp-json\/wp\/v2\/types\/product"}],"replies":[{"embeddable":true,"href":"https:\/\/nordicmart.andreevmaster.com\/fi\/wp-json\/wp\/v2\/comments?post=34541"}],"wp:featuredmedia":[{"embeddable":true,"href":"https:\/\/nordicmart.andreevmaster.com\/fi\/wp-json\/wp\/v2\/media\/43214"}],"wp:attachment":[{"href":"https:\/\/nordicmart.andreevmaster.com\/fi\/wp-json\/wp\/v2\/media?parent=34541"}],"wp:term":[{"taxonomy":"product_brand","embeddable":true,"href":"https:\/\/nordicmart.andreevmaster.com\/fi\/wp-json\/wp\/v2\/product_brand?post=34541"},{"taxonomy":"product_cat","embeddable":true,"href":"https:\/\/nordicmart.andreevmaster.com\/fi\/wp-json\/wp\/v2\/product_cat?post=34541"},{"taxonomy":"product_tag","embeddable":true,"href":"https:\/\/nordicmart.andreevmaster.com\/fi\/wp-json\/wp\/v2\/product_tag?post=34541"}],"curies":[{"name":"wp","href":"https:\/\/api.w.org\/{rel}","templated":true}]}}