{"id":34540,"date":"2026-02-27T00:26:07","date_gmt":"2026-02-27T00:26:07","guid":{"rendered":"https:\/\/nordicmart.andreevmaster.com\/product\/songmics-pistokehikko-6-ritilakuutiota-musta\/"},"modified":"2026-02-27T09:45:37","modified_gmt":"2026-02-27T09:45:37","slug":"songmics-pistokehikko-6-ritilakuutiota-musta","status":"publish","type":"product","link":"https:\/\/nordicmart.andreevmaster.com\/fi\/tuote\/songmics-pistokehikko-6-ritilakuutiota-musta\/","title":{"rendered":"SONGMICS pistokehikko 6 ritil\u00e4kuutiota musta"},"content":{"rendered":"<p>Tuotekuvaus: Mihin kaikkeen se mahtuu&#8230; K\u00e4yt\u00e4 hyllytt\u00e4mme vaatteiden, kenkien, toimistotarvikkeiden, kirjojen, lehtien ja monen muun tavaran s\u00e4ilytykseen. K\u00e4yt\u00f6ss\u00e4si on 6 lokeroa ja PP-levyt pohjaksi. Voit itse p\u00e4\u00e4tt\u00e4\u00e4, mihin lokeroon haluat pohjan ja mitk\u00e4 kuutiot ovat vain metalliverkkoa. Mihin se mahtuu&#8230; T\u00e4ll\u00e4 hyllyll\u00e4 on hylly joka huoneeseen. Eritt\u00e4in hillitty ulkon\u00e4k\u00f6 sopii mihin tahansa huoneeseen: olohuoneeseen, makuuhuoneeseen, lastenhuoneeseen, eteiseen, kylpyhuoneeseen, kellariin, autotalliin jne. Se tulisi suojata s\u00e4\u00e4lt\u00e4, kuten auringolta, sateelta ja tuulelta, jotta voit nauttia siit\u00e4 pitk\u00e4\u00e4n.  Jos pid\u00e4t hieman erikoisemmista ratkaisuista (eik\u00e4 sinua haittaa mahdolliset sateen, auringon, tuulen ja maan kosketuksen aiheuttamat vauriot maayhteydest\u00e4), voit k\u00e4ytt\u00e4\u00e4 hylly\u00e4 my\u00f6s kiipeilyhyllyn\u00e4 (ilman PP-levyj\u00e4). Kiinnit\u00e4 hylly hyvin maahan maakiiloilla ja varmista, ett\u00e4 se on tukevasti paikallaan, ja kiinnit\u00e4 tarvittaessa hyllyn osat toisiinsa nippusiteill\u00e4 (tuulen ja myrsky\u00e4 varten) ja anna kiipeilykasvien, kuten mustasilm\u00e4isen susannen, virnien tai kapusiinikrassin, kasvaa sen p\u00e4\u00e4ll\u00e4 \u2013 sis\u00e4ll\u00e4 on edelleen pieni hylly koristeille jne. (T\u00e4m\u00e4 voi lyhent\u00e4\u00e4 hyllyn k\u00e4ytt\u00f6ik\u00e4\u00e4 huomattavasti). Kuinka se kootaan &#8230; Yksityiskohtaiset asennusohjeet ovat tietysti mukana toimituksessa (5 kielell\u00e4). Lyhyesti selitettyn\u00e4: Yhdist\u00e4 metalliverkko muoviliittimill\u00e4 toisiinsa. Asenna t\u00e4llainen liitin jokaiseen kulmaan ja aseta verkot ja levyt paikoilleen. On t\u00e4rke\u00e4\u00e4 varmistaa, ett\u00e4 kaikki on kunnolla kiinni ja ett\u00e4 verkot ovat lukittuneet paikoilleen eik\u00e4 mik\u00e4\u00e4n voi v\u00e4\u00e4nty\u00e4. T\u00e4t\u00e4 varten pakkaukseen on lis\u00e4tty kumivasara, jotta voit naputtaa kaikki osat kunnolla paikoilleen.<\/p>\n","protected":false},"excerpt":{"rendered":"<p>SONGMICS pistokehys hyllykk\u00f6, yksil\u00f6llisesti asennettava Cube Sideboard hyllykk\u00f6 63 x 31 x 93 cm musta LPI111H<\/p>\n","protected":false},"featured_media":43213,"comment_status":"open","ping_status":"closed","template":"","meta":[],"product_brand":[],"product_cat":[32],"product_tag":[],"class_list":{"0":"post-34540","1":"product","2":"type-product","3":"status-publish","4":"has-post-thumbnail","6":"product_cat-uncategorized-fi","8":"first","9":"instock","10":"shipping-taxable","11":"purchasable","12":"product-type-simple"},"_links":{"self":[{"href":"https:\/\/nordicmart.andreevmaster.com\/fi\/wp-json\/wp\/v2\/product\/34540","targetHints":{"allow":["GET"]}}],"collection":[{"href":"https:\/\/nordicmart.andreevmaster.com\/fi\/wp-json\/wp\/v2\/product"}],"about":[{"href":"https:\/\/nordicmart.andreevmaster.com\/fi\/wp-json\/wp\/v2\/types\/product"}],"replies":[{"embeddable":true,"href":"https:\/\/nordicmart.andreevmaster.com\/fi\/wp-json\/wp\/v2\/comments?post=34540"}],"wp:featuredmedia":[{"embeddable":true,"href":"https:\/\/nordicmart.andreevmaster.com\/fi\/wp-json\/wp\/v2\/media\/43213"}],"wp:attachment":[{"href":"https:\/\/nordicmart.andreevmaster.com\/fi\/wp-json\/wp\/v2\/media?parent=34540"}],"wp:term":[{"taxonomy":"product_brand","embeddable":true,"href":"https:\/\/nordicmart.andreevmaster.com\/fi\/wp-json\/wp\/v2\/product_brand?post=34540"},{"taxonomy":"product_cat","embeddable":true,"href":"https:\/\/nordicmart.andreevmaster.com\/fi\/wp-json\/wp\/v2\/product_cat?post=34540"},{"taxonomy":"product_tag","embeddable":true,"href":"https:\/\/nordicmart.andreevmaster.com\/fi\/wp-json\/wp\/v2\/product_tag?post=34540"}],"curies":[{"name":"wp","href":"https:\/\/api.w.org\/{rel}","templated":true}]}}