{"id":34539,"date":"2026-02-27T00:26:07","date_gmt":"2026-02-27T00:26:07","guid":{"rendered":"https:\/\/nordicmart.andreevmaster.com\/product\/songmics-pienelainten-aitaus-metalliverkosta\/"},"modified":"2026-02-27T09:45:37","modified_gmt":"2026-02-27T09:45:37","slug":"songmics-pienelainten-aitaus-metalliverkosta","status":"publish","type":"product","link":"https:\/\/nordicmart.andreevmaster.com\/fi\/tuote\/songmics-pienelainten-aitaus-metalliverkosta\/","title":{"rendered":"SONGMICS pienel\u00e4inten aitaus metalliverkosta"},"content":{"rendered":"<p>Kun lemmikkisi voivat hyvin, ne osoittavat sinulle rakkauttaan. K\u00e4yt\u00e4 t\u00e4t\u00e4 SONGMICS:n 2-kerroksista h\u00e4kki\u00e4, jotta lemmikkisi saa avoimen, tilavan ja silti hyvin suojatun leikkipaikan. N\u00e4in pienet karvapallosi tuntevat itsens\u00e4 rakastetuiksi ja voivat leikki\u00e4 iloisesti. Lemmikit ovat perheenj\u00e4seni\u00e4: suunnittelemamme pienel\u00e4inten h\u00e4kki voidaan mukauttaa lemmikkisi tarpeisiin. Voit yhdist\u00e4\u00e4 27 rautaverkkoa (35 x 35 cm (P x K)) ja 37 ABS-muoviliitint\u00e4 eri muotoihin. Aseta lemmikin lelut, pehme\u00e4 peti ja vesikuppi aitaukseen ja rakenna lemmikillesi oma valtakunta. Turvallinen alue lemmikillesi: korkealaatuiset ABS-muoviliittimet antavat aitaukselle jo itsess\u00e4\u00e4n hyv\u00e4n vakauden. Vakauden lis\u00e4\u00e4miseksi mukana toimitetaan 50 nippusidett\u00e4, jotka est\u00e4v\u00e4t aidan romahtamisen k\u00e4yt\u00f6n aikana. Ilahduta nelijalkaista kumppaniasi t\u00e4ll\u00e4 SONGMICS-leikkikeh\u00e4ll\u00e4 ja anna sille koti, josta se on aina unelmoinut! Tuotetiedot:V\u00e4ri: musta Materiaali: rautaiset ritil\u00e4elementit, muoviset liitoskappaleet Kokonaismitat: 143 x 73 x 71 cm (P x L x K) Yksitt\u00e4isen ritil\u00e4elementin mitat: 35 x 35 cm (P x K) Paino: 7,4 kg Maks. staattinen kantavuus: 4 kg<\/p>\n","protected":false},"excerpt":{"rendered":"<p>SONGMICS lemmikkiel\u00e4inten h\u00e4kki 2-kerroksinen, DIY-pienel\u00e4inten aitaus ovella, kanin h\u00e4kki, kanit, marsut, metalliverkko, sis\u00e4k\u00e4ytt\u00f6\u00f6n, 143 x 73 x 71 cm, musta LPI06H<\/p>\n","protected":false},"featured_media":43212,"comment_status":"open","ping_status":"closed","template":"","meta":[],"product_brand":[],"product_cat":[32],"product_tag":[],"class_list":{"0":"post-34539","1":"product","2":"type-product","3":"status-publish","4":"has-post-thumbnail","6":"product_cat-uncategorized-fi","8":"first","9":"instock","10":"shipping-taxable","11":"purchasable","12":"product-type-simple"},"_links":{"self":[{"href":"https:\/\/nordicmart.andreevmaster.com\/fi\/wp-json\/wp\/v2\/product\/34539","targetHints":{"allow":["GET"]}}],"collection":[{"href":"https:\/\/nordicmart.andreevmaster.com\/fi\/wp-json\/wp\/v2\/product"}],"about":[{"href":"https:\/\/nordicmart.andreevmaster.com\/fi\/wp-json\/wp\/v2\/types\/product"}],"replies":[{"embeddable":true,"href":"https:\/\/nordicmart.andreevmaster.com\/fi\/wp-json\/wp\/v2\/comments?post=34539"}],"wp:featuredmedia":[{"embeddable":true,"href":"https:\/\/nordicmart.andreevmaster.com\/fi\/wp-json\/wp\/v2\/media\/43212"}],"wp:attachment":[{"href":"https:\/\/nordicmart.andreevmaster.com\/fi\/wp-json\/wp\/v2\/media?parent=34539"}],"wp:term":[{"taxonomy":"product_brand","embeddable":true,"href":"https:\/\/nordicmart.andreevmaster.com\/fi\/wp-json\/wp\/v2\/product_brand?post=34539"},{"taxonomy":"product_cat","embeddable":true,"href":"https:\/\/nordicmart.andreevmaster.com\/fi\/wp-json\/wp\/v2\/product_cat?post=34539"},{"taxonomy":"product_tag","embeddable":true,"href":"https:\/\/nordicmart.andreevmaster.com\/fi\/wp-json\/wp\/v2\/product_tag?post=34539"}],"curies":[{"name":"wp","href":"https:\/\/api.w.org\/{rel}","templated":true}]}}