{"id":34538,"date":"2026-02-27T00:26:07","date_gmt":"2026-02-27T00:26:07","guid":{"rendered":"https:\/\/nordicmart.andreevmaster.com\/product\/feandrea-ulkoaitaus-pienelaimille\/"},"modified":"2026-02-27T09:45:36","modified_gmt":"2026-02-27T09:45:36","slug":"feandrea-ulkoaitaus-pienelaimille","status":"publish","type":"product","link":"https:\/\/nordicmart.andreevmaster.com\/fi\/tuote\/feandrea-ulkoaitaus-pienelaimille\/","title":{"rendered":"Feandrea &#8211; ulkoaitaus pienel\u00e4imille"},"content":{"rendered":"<p>Kest\u00e4v\u00e4 ja el\u00e4inyst\u00e4v\u00e4llinen: Kest\u00e4v\u00e4 Oxford-pohja tekee t\u00e4st\u00e4 metallilangasta valmistetusta marsuh\u00e4kist\u00e4 ihanteellisen paikan pienelle yst\u00e4v\u00e4llesi leikki\u00e4, tutkia, juosta ja riehua. Oxford-kangas on vedenpit\u00e4v\u00e4 ja helppo puhdistaa liinalla. Ulkotarha ja h\u00e4kki yhdess\u00e4: Vaikka t\u00e4m\u00e4 kanin h\u00e4kki on eritt\u00e4in tilava (123 x 63 x 61 cm), siin\u00e4 on silti h\u00e4kin tavanomaiset ominaisuudet: 2 ritil\u00e4levy\u00e4 sulkevat h\u00e4kin yl\u00e4osan, jotta kanisi tai marsusi ei p\u00e4\u00e4se karkaamaan. Avaa molemmat ovet, jos haluat antaa lemmikillesi hieman enemm\u00e4n liikkumatilaa. Hyvin varustettuna lemmikkis\u00e4ngyll\u00e4, riippumatolla tai majalla, karvainen yst\u00e4v\u00e4si saattaa kuitenkin haluta pysy\u00e4 mieluummin kotona. Tuotetiedot:V\u00e4ri: musta Materiaali: Oxford-kangas, rautaiset ritil\u00e4elementit, ABS-muoviset liitoskappaleet Kokonaismitat: 123 x 63 x 61 cm (P x L x K) Kangaspohjan mitat: 122 x 61 x 9 cm (P x L x K) Oven mitat: 25 x 25 cm Paino: 4,8 kg<\/p>\n","protected":false},"excerpt":{"rendered":"<p>Feandrea -aitaus, marsu-h\u00e4kki, ulkoaitaus kaneille, vedenpit\u00e4v\u00e4 pohja ja 2 ovea, DIY-aitaus metallista, pienel\u00e4inten aitaus sis\u00e4k\u00e4ytt\u00f6\u00f6n, 123 x 63 x 61 cm, musta LPI05H<\/p>\n","protected":false},"featured_media":43211,"comment_status":"open","ping_status":"closed","template":"","meta":[],"product_brand":[],"product_cat":[32],"product_tag":[],"class_list":{"0":"post-34538","1":"product","2":"type-product","3":"status-publish","4":"has-post-thumbnail","6":"product_cat-uncategorized-fi","8":"first","9":"instock","10":"shipping-taxable","11":"purchasable","12":"product-type-simple"},"_links":{"self":[{"href":"https:\/\/nordicmart.andreevmaster.com\/fi\/wp-json\/wp\/v2\/product\/34538","targetHints":{"allow":["GET"]}}],"collection":[{"href":"https:\/\/nordicmart.andreevmaster.com\/fi\/wp-json\/wp\/v2\/product"}],"about":[{"href":"https:\/\/nordicmart.andreevmaster.com\/fi\/wp-json\/wp\/v2\/types\/product"}],"replies":[{"embeddable":true,"href":"https:\/\/nordicmart.andreevmaster.com\/fi\/wp-json\/wp\/v2\/comments?post=34538"}],"wp:featuredmedia":[{"embeddable":true,"href":"https:\/\/nordicmart.andreevmaster.com\/fi\/wp-json\/wp\/v2\/media\/43211"}],"wp:attachment":[{"href":"https:\/\/nordicmart.andreevmaster.com\/fi\/wp-json\/wp\/v2\/media?parent=34538"}],"wp:term":[{"taxonomy":"product_brand","embeddable":true,"href":"https:\/\/nordicmart.andreevmaster.com\/fi\/wp-json\/wp\/v2\/product_brand?post=34538"},{"taxonomy":"product_cat","embeddable":true,"href":"https:\/\/nordicmart.andreevmaster.com\/fi\/wp-json\/wp\/v2\/product_cat?post=34538"},{"taxonomy":"product_tag","embeddable":true,"href":"https:\/\/nordicmart.andreevmaster.com\/fi\/wp-json\/wp\/v2\/product_tag?post=34538"}],"curies":[{"name":"wp","href":"https:\/\/api.w.org\/{rel}","templated":true}]}}