{"id":34537,"date":"2026-02-27T00:26:06","date_gmt":"2026-02-27T00:26:06","guid":{"rendered":"https:\/\/nordicmart.andreevmaster.com\/product\/songmics-diy-hakki-32-metalliverkkolevya\/"},"modified":"2026-02-27T09:45:36","modified_gmt":"2026-02-27T09:45:36","slug":"songmics-diy-hakki-32-metalliverkkolevya","status":"publish","type":"product","link":"https:\/\/nordicmart.andreevmaster.com\/fi\/tuote\/songmics-diy-hakki-32-metalliverkkolevya\/","title":{"rendered":"SONGMICS DIY-h\u00e4kki 32 metalliverkkolevy\u00e4"},"content":{"rendered":"<p>Joustava h\u00e4kki pienel\u00e4imille ja koiranpennuille Metalliritil\u00e4t voidaan asentaa joustavasti (kahden levyn v\u00e4linen kulma voidaan kuitenkin kiinnitt\u00e4\u00e4 vain 90\u00b0 tai 180\u00b0 kulmaan). Voit rakentaa suuremman, matalan h\u00e4kin tai kaksinkertaistaa korkeuden pienent\u00e4m\u00e4ll\u00e4 pohjapinta-alaa ja pinomalla ritil\u00e4t p\u00e4\u00e4llekk\u00e4in. K\u00e4yt\u00e4nn\u00f6llinen H\u00e4kki voidaan koota nopeasti ja helposti erilaisille pienel\u00e4imille. N\u00e4in voit tarkkailla lemmikkej\u00e4si kaikilta sivuilta ja pit\u00e4\u00e4 silm\u00e4ll\u00e4 pikku veijareita. Yksinkertainen mutta turvallinen h\u00e4kki El\u00e4inh\u00e4kki on yksinkertainen, mutta tarjoaa kaikille nelijalkaisille asukkaille korkean turvallisuustason. Luistamattomat pohjalevyt voidaan kiinnitt\u00e4\u00e4 jalustoiksi aitauksen pohjaan. N\u00e4in aitaus ei liu&#8217;u liukkaalla lattialla. Mukana toimitetaan lis\u00e4ksi 100 nippusidett\u00e4 metalliverkkojen tukevaan kiinnitt\u00e4miseen. N\u00e4in voit siirt\u00e4\u00e4 h\u00e4kin turvallisesti ja helposti paikasta toiseen. Tuotetiedot: &#8211; V\u00e4ri: musta &#8211; Materiaali: metalliverkko, ABS-muoviliittimet &#8211; Tuotteen koko: 73 x 73 x 90 cm (L x S x K) &#8211; Paino: 7,9 kg Toimitus sis\u00e4lt\u00e4\u00e4:- 20 x metalliverkkolevy 35 x 35 cm &#8211; 12 x metalliverkkolevy 35 x 17 cm &#8211; 42 x ABS-muoviliitin &#8211; 100 x nippuside &#8211; 9 x lattiakenk\u00e4 &#8211; 1 x kumivasara 175 g &#8211; 1 x ohjeet (DE, EN, FR, ES, IT)SONGMICS-ohjeet:- \u00c4l\u00e4 istu tuotteen p\u00e4\u00e4lle ja pid\u00e4 se poissa tulen ja l\u00e4mm\u00f6nl\u00e4hteiden l\u00e4heisyydest\u00e4. \u00c4l\u00e4 k\u00e4yt\u00e4 tuotetta pitk\u00e4\u00e4n ulkona. &#8211; Asennuksen yhteydess\u00e4 varmista, ett\u00e4 levyn kulmat on ty\u00f6nnetty kokonaan liittimien pohjaan turvallisuuden lis\u00e4\u00e4miseksi. &#8211; Yhdist\u00e4 kaksi metalliverkkolevy\u00e4 vierekk\u00e4in 2 nippusiteell\u00e4. &#8211; K\u00e4yt\u00e4 lattiakiskoja, jotta leikkikeh\u00e4 ei liu&#8217;u.<\/p>\n","protected":false},"excerpt":{"rendered":"<p>SONGMICS metalliverkkoh\u00e4kki pienel\u00e4imille, laajennettavissa, DIY, pohjalevyill\u00e4, ulkoaitaus, leikkikeh\u00e4 lemmikeille, marsuille, koiranpennuille, kaneille, sis\u00e4k\u00e4ytt\u00f6\u00f6n LPI03H<\/p>\n","protected":false},"featured_media":43210,"comment_status":"open","ping_status":"closed","template":"","meta":[],"product_brand":[],"product_cat":[32],"product_tag":[],"class_list":{"0":"post-34537","1":"product","2":"type-product","3":"status-publish","4":"has-post-thumbnail","6":"product_cat-uncategorized-fi","8":"first","9":"instock","10":"shipping-taxable","11":"purchasable","12":"product-type-simple"},"_links":{"self":[{"href":"https:\/\/nordicmart.andreevmaster.com\/fi\/wp-json\/wp\/v2\/product\/34537","targetHints":{"allow":["GET"]}}],"collection":[{"href":"https:\/\/nordicmart.andreevmaster.com\/fi\/wp-json\/wp\/v2\/product"}],"about":[{"href":"https:\/\/nordicmart.andreevmaster.com\/fi\/wp-json\/wp\/v2\/types\/product"}],"replies":[{"embeddable":true,"href":"https:\/\/nordicmart.andreevmaster.com\/fi\/wp-json\/wp\/v2\/comments?post=34537"}],"wp:featuredmedia":[{"embeddable":true,"href":"https:\/\/nordicmart.andreevmaster.com\/fi\/wp-json\/wp\/v2\/media\/43210"}],"wp:attachment":[{"href":"https:\/\/nordicmart.andreevmaster.com\/fi\/wp-json\/wp\/v2\/media?parent=34537"}],"wp:term":[{"taxonomy":"product_brand","embeddable":true,"href":"https:\/\/nordicmart.andreevmaster.com\/fi\/wp-json\/wp\/v2\/product_brand?post=34537"},{"taxonomy":"product_cat","embeddable":true,"href":"https:\/\/nordicmart.andreevmaster.com\/fi\/wp-json\/wp\/v2\/product_cat?post=34537"},{"taxonomy":"product_tag","embeddable":true,"href":"https:\/\/nordicmart.andreevmaster.com\/fi\/wp-json\/wp\/v2\/product_tag?post=34537"}],"curies":[{"name":"wp","href":"https:\/\/api.w.org\/{rel}","templated":true}]}}