{"id":34534,"date":"2026-02-27T00:26:06","date_gmt":"2026-02-27T00:26:06","guid":{"rendered":"https:\/\/nordicmart.andreevmaster.com\/product\/songmics-verkkoaitaus-pienelaimille-12-verkkoa\/"},"modified":"2026-02-27T09:45:36","modified_gmt":"2026-02-27T09:45:36","slug":"songmics-verkkoaitaus-pienelaimille-12-verkkoa","status":"publish","type":"product","link":"https:\/\/nordicmart.andreevmaster.com\/fi\/tuote\/songmics-verkkoaitaus-pienelaimille-12-verkkoa\/","title":{"rendered":"SONGMICS-verkkoaitaus pienel\u00e4imille, 12 verkkoa"},"content":{"rendered":"<p>Kun lemmikkisi voivat hyvin, ne osoittavat sinulle rakkauttaan. K\u00e4yt\u00e4 siis t\u00e4t\u00e4 SONGMICS-ulkoaitausta tarjotaksesi lemmikillesi avoimen, tilavan ja silti hyvin suojatun leikkipaikan. N\u00e4in pikkuinen karvapallo tuntee itsens\u00e4 rakastetuksi ja voi leikki\u00e4 iloisesti. Lemmikit ovat perheenj\u00e4seni\u00e4, joilla on tarpeita: Suunnittelemamme ulkoaitaus voidaan mukauttaa lemmikkisi tarpeisiin. Voit yhdist\u00e4\u00e4 12 ritil\u00e4levy\u00e4 ja 24 ABS-muoviliitint\u00e4 eri muotoihin. Aseta lelut, lemmikkis\u00e4nky ja vesikuppi aitaukseen ja rakenna lemmikillesi oma valtakunta.Turvallinen alue lemmikillesi: Laadukkaat ABS-muoviliittimet antavat h\u00e4kille jo itsess\u00e4\u00e4n hyv\u00e4n vakauden. Vakauden lis\u00e4\u00e4miseksi mukana toimitetaan 40 nippusidett\u00e4, jotka est\u00e4v\u00e4t aidan romahtamisen k\u00e4yt\u00f6n aikana.Ilahduta nelijalkaista kumppaniasi t\u00e4ll\u00e4 SONGMICS-leikkikeh\u00e4ll\u00e4 ja anna sille koti, josta se on aina unelmoinut! Tuotetiedot: V\u00e4ri: musta Materiaali: metalliset ritil\u00e4elementit, muoviset liitoskappaleet Kokonaiskoko: 143 x 73 x 46 cm (P x L x K)Kokoonpanoelementin koko: 35 x 45 cm (P x K) Paino: 3,9 kg Toimitus sis\u00e4lt\u00e4\u00e4: 12 x metalliverkkolevy\u00e4 24 x muoviliitint\u00e4 1 x kumivasara 12 x liukumatonta alustaa 40 x nippusidett\u00e4 1 x ohjeet (DE, EN, FR, ES, IT) SONGMICS-ohjeet:Aseta matto tai vastaava ritil\u00e4levyjen p\u00e4\u00e4lle, jotka toimivat juoksupintana, jotta lemmikkisi tassut eiv\u00e4t vahingoitu. \u00c4l\u00e4 ly\u00f6 tuotetta voimakkaasti vasaralla. \u00c4l\u00e4 altista tuotetta ter\u00e4vien tai ter\u00e4vien esineiden vaikutukselle, \u00e4l\u00e4 istu juoksualueelle ja pid\u00e4 se poissa l\u00e4mm\u00f6nl\u00e4hteist\u00e4.\u00c4l\u00e4 j\u00e4t\u00e4 tuotetta pysyv\u00e4sti ulos. Varmista asennuksen aikana, ett\u00e4 kaikki ritil\u00e4elementit on ty\u00f6nnetty kokonaan muoviliittimiin. Suosittelemme k\u00e4ytt\u00e4m\u00e4\u00e4n liukumattomia tyynyj\u00e4, jotta h\u00e4kki pysyy paremmin paikallaan.<\/p>\n","protected":false},"excerpt":{"rendered":"<p>SONGMICS Pienel\u00e4inten aitaus, marsujen h\u00e4kki, sis\u00e4k\u00e4ytt\u00f6\u00f6n tarkoitettu aitaus, DIY, mukana kumivasara, 143 x 73 x 46 cm, musta LPI01H<\/p>\n","protected":false},"featured_media":43207,"comment_status":"open","ping_status":"closed","template":"","meta":[],"product_brand":[],"product_cat":[32],"product_tag":[],"class_list":{"0":"post-34534","1":"product","2":"type-product","3":"status-publish","4":"has-post-thumbnail","6":"product_cat-uncategorized-fi","8":"first","9":"instock","10":"shipping-taxable","11":"purchasable","12":"product-type-simple"},"_links":{"self":[{"href":"https:\/\/nordicmart.andreevmaster.com\/fi\/wp-json\/wp\/v2\/product\/34534","targetHints":{"allow":["GET"]}}],"collection":[{"href":"https:\/\/nordicmart.andreevmaster.com\/fi\/wp-json\/wp\/v2\/product"}],"about":[{"href":"https:\/\/nordicmart.andreevmaster.com\/fi\/wp-json\/wp\/v2\/types\/product"}],"replies":[{"embeddable":true,"href":"https:\/\/nordicmart.andreevmaster.com\/fi\/wp-json\/wp\/v2\/comments?post=34534"}],"wp:featuredmedia":[{"embeddable":true,"href":"https:\/\/nordicmart.andreevmaster.com\/fi\/wp-json\/wp\/v2\/media\/43207"}],"wp:attachment":[{"href":"https:\/\/nordicmart.andreevmaster.com\/fi\/wp-json\/wp\/v2\/media?parent=34534"}],"wp:term":[{"taxonomy":"product_brand","embeddable":true,"href":"https:\/\/nordicmart.andreevmaster.com\/fi\/wp-json\/wp\/v2\/product_brand?post=34534"},{"taxonomy":"product_cat","embeddable":true,"href":"https:\/\/nordicmart.andreevmaster.com\/fi\/wp-json\/wp\/v2\/product_cat?post=34534"},{"taxonomy":"product_tag","embeddable":true,"href":"https:\/\/nordicmart.andreevmaster.com\/fi\/wp-json\/wp\/v2\/product_tag?post=34534"}],"curies":[{"name":"wp","href":"https:\/\/api.w.org\/{rel}","templated":true}]}}