{"id":34533,"date":"2026-02-27T00:26:05","date_gmt":"2026-02-27T00:26:05","guid":{"rendered":"https:\/\/nordicmart.andreevmaster.com\/product\/songmics-pienelainten-hakki-102-x-51-x-51-cm-2-ovea-xl\/"},"modified":"2026-02-27T09:45:36","modified_gmt":"2026-02-27T09:45:36","slug":"songmics-pienelainten-hakki-102-x-51-x-51-cm-2-ovea-xl","status":"publish","type":"product","link":"https:\/\/nordicmart.andreevmaster.com\/fi\/tuote\/songmics-pienelainten-hakki-102-x-51-x-51-cm-2-ovea-xl\/","title":{"rendered":"SONGMICS pienel\u00e4inten h\u00e4kki 102 x 51 x 51 cm, 2 ovea XL"},"content":{"rendered":"<p>SONGMICS pienel\u00e4inten h\u00e4kki, hamsterin h\u00e4kki, lemmikkiel\u00e4inten h\u00e4kki, XL, leikkikeh\u00e4, katettu ja pohjalla varustettu ulkoilutila, ovet 2 koukulla, helppo puhdistaa, 102 x 51 x 51 cm<br \/>\nV\u00e4ri: musta<br \/>\nMateriaali: ter\u00e4s, PP-muovi<br \/>\nKoko: 102 x 51 x 51 cm (P x L x K)<br \/>\nPaino: 4,3 kg<\/p>\n","protected":false},"excerpt":{"rendered":"<p>SONGMICS pienel\u00e4inten h\u00e4kki, hamsterin h\u00e4kki, lemmikkiel\u00e4inten h\u00e4kki, XL, leikkikeh\u00e4, katettu ja pohjalla varustettu ulkoilutila, ovet 2 koukulla, helppo puhdistaa, 102 x 51 x 51 cm<\/p>\n","protected":false},"featured_media":43206,"comment_status":"open","ping_status":"closed","template":"","meta":[],"product_brand":[],"product_cat":[32],"product_tag":[],"class_list":{"0":"post-34533","1":"product","2":"type-product","3":"status-publish","4":"has-post-thumbnail","6":"product_cat-uncategorized-fi","8":"first","9":"instock","10":"shipping-taxable","11":"purchasable","12":"product-type-simple"},"_links":{"self":[{"href":"https:\/\/nordicmart.andreevmaster.com\/fi\/wp-json\/wp\/v2\/product\/34533","targetHints":{"allow":["GET"]}}],"collection":[{"href":"https:\/\/nordicmart.andreevmaster.com\/fi\/wp-json\/wp\/v2\/product"}],"about":[{"href":"https:\/\/nordicmart.andreevmaster.com\/fi\/wp-json\/wp\/v2\/types\/product"}],"replies":[{"embeddable":true,"href":"https:\/\/nordicmart.andreevmaster.com\/fi\/wp-json\/wp\/v2\/comments?post=34533"}],"wp:featuredmedia":[{"embeddable":true,"href":"https:\/\/nordicmart.andreevmaster.com\/fi\/wp-json\/wp\/v2\/media\/43206"}],"wp:attachment":[{"href":"https:\/\/nordicmart.andreevmaster.com\/fi\/wp-json\/wp\/v2\/media?parent=34533"}],"wp:term":[{"taxonomy":"product_brand","embeddable":true,"href":"https:\/\/nordicmart.andreevmaster.com\/fi\/wp-json\/wp\/v2\/product_brand?post=34533"},{"taxonomy":"product_cat","embeddable":true,"href":"https:\/\/nordicmart.andreevmaster.com\/fi\/wp-json\/wp\/v2\/product_cat?post=34533"},{"taxonomy":"product_tag","embeddable":true,"href":"https:\/\/nordicmart.andreevmaster.com\/fi\/wp-json\/wp\/v2\/product_tag?post=34533"}],"curies":[{"name":"wp","href":"https:\/\/api.w.org\/{rel}","templated":true}]}}