{"id":34531,"date":"2026-02-27T00:26:05","date_gmt":"2026-02-27T00:26:05","guid":{"rendered":"https:\/\/nordicmart.andreevmaster.com\/product\/songmics-diy-pienelainten-metallihakki-123-x-63-x-41-cm-valkoinen\/"},"modified":"2026-02-27T09:45:35","modified_gmt":"2026-02-27T09:45:35","slug":"songmics-diy-pienelainten-metallihakki-123-x-63-x-41-cm-valkoinen","status":"publish","type":"product","link":"https:\/\/nordicmart.andreevmaster.com\/fi\/tuote\/songmics-diy-pienelainten-metallihakki-123-x-63-x-41-cm-valkoinen\/","title":{"rendered":"SONGMICS DIY-pienel\u00e4inten metallih\u00e4kki 123 x 63 x 41 cm valkoinen"},"content":{"rendered":"<p>SONGMICS Pienel\u00e4inten aitaus, marsujen h\u00e4kki, sis\u00e4k\u00e4ytt\u00f6\u00f6n tarkoitettu aitaus, DIY, mukana kumivasara, 143 x 73 x 46 cm, musta LPI01H<br \/>\nV\u00e4ri: valkoinen<br \/>\nMateriaali: metalliset ritil\u00e4elementit, ABS-muoviset liitoskappaleet<br \/>\nKoko: 123 x 63 x 41 cm (P x L x K)<br \/>\nPaino: 3,8 kg<\/p>\n","protected":false},"excerpt":{"rendered":"<p>SONGMICS Pienel\u00e4inten aitaus, marsujen h\u00e4kki, sis\u00e4k\u00e4ytt\u00f6\u00f6n tarkoitettu aitaus, DIY, mukana kumivasara, 143 x 73 x 46 cm, musta LPI01H<\/p>\n","protected":false},"featured_media":43204,"comment_status":"open","ping_status":"closed","template":"","meta":[],"product_brand":[],"product_cat":[32],"product_tag":[],"class_list":{"0":"post-34531","1":"product","2":"type-product","3":"status-publish","4":"has-post-thumbnail","6":"product_cat-uncategorized-fi","8":"first","9":"instock","10":"shipping-taxable","11":"purchasable","12":"product-type-simple"},"_links":{"self":[{"href":"https:\/\/nordicmart.andreevmaster.com\/fi\/wp-json\/wp\/v2\/product\/34531","targetHints":{"allow":["GET"]}}],"collection":[{"href":"https:\/\/nordicmart.andreevmaster.com\/fi\/wp-json\/wp\/v2\/product"}],"about":[{"href":"https:\/\/nordicmart.andreevmaster.com\/fi\/wp-json\/wp\/v2\/types\/product"}],"replies":[{"embeddable":true,"href":"https:\/\/nordicmart.andreevmaster.com\/fi\/wp-json\/wp\/v2\/comments?post=34531"}],"wp:featuredmedia":[{"embeddable":true,"href":"https:\/\/nordicmart.andreevmaster.com\/fi\/wp-json\/wp\/v2\/media\/43204"}],"wp:attachment":[{"href":"https:\/\/nordicmart.andreevmaster.com\/fi\/wp-json\/wp\/v2\/media?parent=34531"}],"wp:term":[{"taxonomy":"product_brand","embeddable":true,"href":"https:\/\/nordicmart.andreevmaster.com\/fi\/wp-json\/wp\/v2\/product_brand?post=34531"},{"taxonomy":"product_cat","embeddable":true,"href":"https:\/\/nordicmart.andreevmaster.com\/fi\/wp-json\/wp\/v2\/product_cat?post=34531"},{"taxonomy":"product_tag","embeddable":true,"href":"https:\/\/nordicmart.andreevmaster.com\/fi\/wp-json\/wp\/v2\/product_tag?post=34531"}],"curies":[{"name":"wp","href":"https:\/\/api.w.org\/{rel}","templated":true}]}}