{"id":34525,"date":"2026-02-27T00:26:03","date_gmt":"2026-02-27T00:26:03","guid":{"rendered":"https:\/\/nordicmart.andreevmaster.com\/product\/songmics-hyllyjarjestelma-kenkahylly-16-kuution-sarja\/"},"modified":"2026-02-27T09:45:34","modified_gmt":"2026-02-27T09:45:34","slug":"songmics-hyllyjarjestelma-kenkahylly-16-kuution-sarja","status":"publish","type":"product","link":"https:\/\/nordicmart.andreevmaster.com\/fi\/tuote\/songmics-hyllyjarjestelma-kenkahylly-16-kuution-sarja\/","title":{"rendered":"SONGMICS hyllyj\u00e4rjestelm\u00e4, kenk\u00e4hylly, 16 kuution sarja"},"content":{"rendered":"<p>Tuotetiedot\uff1a &#8211; V\u00e4ri: valkoinen &#8211; Materiaali: PP-muovilevyt metallikehyksell\u00e4, ABS-muoviliittimet &#8211; Mitat: 153 x 133 x 31 cm (L x K x S) &#8211; Muovilevyn mitat: 30 x 30 cm &#8211; Paino: 10,7 kg &#8211; Maks. kuormitus kuutiota kohti: 10 kg Toimitus sis\u00e4lt\u00e4\u00e4:  &#8211; 56 x valkoista puolil\u00e4pin\u00e4kyv\u00e4\u00e4 levy\u00e4 (30 x 30 cm) &#8211; 16 x valkoista puolil\u00e4pin\u00e4kyv\u00e4\u00e4 ovilevy\u00e4 (30 x 30 cm) &#8211; 52 x mustaa ABS-muoviliitint\u00e4 &#8211; 1 x kumivasara (175 g) &#8211; 2 x kaatumissuoja &#8211; 1 x ohjeet (DE, EN, FR, IT, ES)SONGMICS Huomautukset:- \u00c4l\u00e4 j\u00e4t\u00e4 hylly\u00e4 pitk\u00e4ksi aikaa ulos, jotta se ei vahingoitu s\u00e4\u00e4olosuhteiden vuoksi.- Asennuksen aikana SONGMICS-logon on oltava n\u00e4kyviss\u00e4 liitoskappaleiden etupuolella.- Kaikki muovilevyt on painettava tiukasti alas asennuksen aikana. Kun jokainen rivi on valmis, tarkista, ett\u00e4 metallilankakehykset on ty\u00f6nnetty kokonaan ja tiukasti liitoskappaleisiin hyllyn vakauden parantamiseksi.<\/p>\n","protected":false},"excerpt":{"rendered":"<p>Hyllyj\u00e4rjestelm\u00e4, kenk\u00e4hylly, 16 kuution sarja, muovinen vaatekaappi, ovilla, pistokehylly, vaatteiden s\u00e4ilytys, valkoinen<\/p>\n","protected":false},"featured_media":43198,"comment_status":"open","ping_status":"closed","template":"","meta":[],"product_brand":[],"product_cat":[32],"product_tag":[],"class_list":{"0":"post-34525","1":"product","2":"type-product","3":"status-publish","4":"has-post-thumbnail","6":"product_cat-uncategorized-fi","8":"first","9":"instock","10":"shipping-taxable","11":"purchasable","12":"product-type-simple"},"_links":{"self":[{"href":"https:\/\/nordicmart.andreevmaster.com\/fi\/wp-json\/wp\/v2\/product\/34525","targetHints":{"allow":["GET"]}}],"collection":[{"href":"https:\/\/nordicmart.andreevmaster.com\/fi\/wp-json\/wp\/v2\/product"}],"about":[{"href":"https:\/\/nordicmart.andreevmaster.com\/fi\/wp-json\/wp\/v2\/types\/product"}],"replies":[{"embeddable":true,"href":"https:\/\/nordicmart.andreevmaster.com\/fi\/wp-json\/wp\/v2\/comments?post=34525"}],"wp:featuredmedia":[{"embeddable":true,"href":"https:\/\/nordicmart.andreevmaster.com\/fi\/wp-json\/wp\/v2\/media\/43198"}],"wp:attachment":[{"href":"https:\/\/nordicmart.andreevmaster.com\/fi\/wp-json\/wp\/v2\/media?parent=34525"}],"wp:term":[{"taxonomy":"product_brand","embeddable":true,"href":"https:\/\/nordicmart.andreevmaster.com\/fi\/wp-json\/wp\/v2\/product_brand?post=34525"},{"taxonomy":"product_cat","embeddable":true,"href":"https:\/\/nordicmart.andreevmaster.com\/fi\/wp-json\/wp\/v2\/product_cat?post=34525"},{"taxonomy":"product_tag","embeddable":true,"href":"https:\/\/nordicmart.andreevmaster.com\/fi\/wp-json\/wp\/v2\/product_tag?post=34525"}],"curies":[{"name":"wp","href":"https:\/\/api.w.org\/{rel}","templated":true}]}}