{"id":34522,"date":"2026-02-27T00:26:02","date_gmt":"2026-02-27T00:26:02","guid":{"rendered":"https:\/\/nordicmart.andreevmaster.com\/product\/songmics-diy-kengahylly-16-kuutiosta-31-x-123-x-123-cm\/"},"modified":"2026-02-27T09:45:34","modified_gmt":"2026-02-27T09:45:34","slug":"songmics-diy-kengahylly-16-kuutiosta-31-x-123-x-123-cm","status":"publish","type":"product","link":"https:\/\/nordicmart.andreevmaster.com\/fi\/tuote\/songmics-diy-kengahylly-16-kuutiosta-31-x-123-x-123-cm\/","title":{"rendered":"SONGMICS DIY-keng\u00e4hylly 16 kuutiosta 31 x 123 x 123 cm"},"content":{"rendered":"<p>SONGMICS kenk\u00e4hylly, hyllyj\u00e4rjestelm\u00e4, pistokehylly, 15 kuution sarja, DIY-hylly, pinottava, PP-muovia, vaatekaappina, makuuhuoneeseen, toimistoon<br \/>\nV\u00e4ri: harmaa<br \/>\nMateriaali: PP-muovi, metallirunko, ABS-muovi<br \/>\nKoko (15 kuutiota): 153 x 31 x 153 cm (P x L x K)<br \/>\nKoko (16 kuutiota): 123 x 31 x 123 cm (P x L x K)<br \/>\nKoko per kuutio: 30 x 30 x 30 cm (P x L x K)<br \/>\nPaino: 8,3 kg<br \/>\nKuvion enimm\u00e4iskantavuus: 10 kg<\/p>\n","protected":false},"excerpt":{"rendered":"<p>SONGMICS kenk\u00e4hylly, hyllyj\u00e4rjestelm\u00e4, pistokehylly, 15 kuution sarja, DIY-hylly, pinottava, PP-muovia, vaatekaappina, makuuhuoneeseen, toimistoon<\/p>\n","protected":false},"featured_media":43196,"comment_status":"open","ping_status":"closed","template":"","meta":[],"product_brand":[],"product_cat":[32],"product_tag":[],"class_list":{"0":"post-34522","1":"product","2":"type-product","3":"status-publish","4":"has-post-thumbnail","6":"product_cat-uncategorized-fi","8":"first","9":"instock","10":"shipping-taxable","11":"purchasable","12":"product-type-simple"},"_links":{"self":[{"href":"https:\/\/nordicmart.andreevmaster.com\/fi\/wp-json\/wp\/v2\/product\/34522","targetHints":{"allow":["GET"]}}],"collection":[{"href":"https:\/\/nordicmart.andreevmaster.com\/fi\/wp-json\/wp\/v2\/product"}],"about":[{"href":"https:\/\/nordicmart.andreevmaster.com\/fi\/wp-json\/wp\/v2\/types\/product"}],"replies":[{"embeddable":true,"href":"https:\/\/nordicmart.andreevmaster.com\/fi\/wp-json\/wp\/v2\/comments?post=34522"}],"wp:featuredmedia":[{"embeddable":true,"href":"https:\/\/nordicmart.andreevmaster.com\/fi\/wp-json\/wp\/v2\/media\/43196"}],"wp:attachment":[{"href":"https:\/\/nordicmart.andreevmaster.com\/fi\/wp-json\/wp\/v2\/media?parent=34522"}],"wp:term":[{"taxonomy":"product_brand","embeddable":true,"href":"https:\/\/nordicmart.andreevmaster.com\/fi\/wp-json\/wp\/v2\/product_brand?post=34522"},{"taxonomy":"product_cat","embeddable":true,"href":"https:\/\/nordicmart.andreevmaster.com\/fi\/wp-json\/wp\/v2\/product_cat?post=34522"},{"taxonomy":"product_tag","embeddable":true,"href":"https:\/\/nordicmart.andreevmaster.com\/fi\/wp-json\/wp\/v2\/product_tag?post=34522"}],"curies":[{"name":"wp","href":"https:\/\/api.w.org\/{rel}","templated":true}]}}