{"id":34521,"date":"2026-02-27T00:26:02","date_gmt":"2026-02-27T00:26:02","guid":{"rendered":"https:\/\/nordicmart.andreevmaster.com\/product\/songmics-hyllyjarjestelma-kenkahylly-ovilla-12-kuution-sarja\/"},"modified":"2026-02-27T09:45:34","modified_gmt":"2026-02-27T09:45:34","slug":"songmics-hyllyjarjestelma-kenkahylly-ovilla-12-kuution-sarja","status":"publish","type":"product","link":"https:\/\/nordicmart.andreevmaster.com\/fi\/tuote\/songmics-hyllyjarjestelma-kenkahylly-ovilla-12-kuution-sarja\/","title":{"rendered":"SONGMICS hyllyj\u00e4rjestelm\u00e4, kenk\u00e4hylly ovilla, 12 kuution sarja"},"content":{"rendered":"<p>Todellinen monitaituri: vaatekaappi makuuhuoneessa, kenk\u00e4hylly eteisess\u00e4, hyllyj\u00e4rjestelm\u00e4 k\u00e4ytt\u00e4m\u00e4tt\u00f6m\u00e4ss\u00e4 nurkassa&#8230; T\u00e4m\u00e4 kaappi on todellinen monitaituri! \u00c4l\u00e4 unohda kiinnitt\u00e4\u00e4 sen ovikoukkuja. T\u00e4t\u00e4 varten sinun tarvitsee vain ty\u00f6nt\u00e4\u00e4 koukun sateenvarjon muotoinen p\u00e4\u00e4 liitoskappaleeseen. Sulje ovet ja anna p\u00f6lylle mahdollisuus! Vakaa, kest\u00e4v\u00e4 ja pitk\u00e4ik\u00e4inen: Valmistettu tukevasta metallilankakehyksest\u00e4, PP-muovilevyist\u00e4 ja korkealaatuisista ABS-muoviliittimist\u00e4, t\u00e4m\u00e4 kaappi on eritt\u00e4in kest\u00e4v\u00e4. Jokaiseen kuutioon mahtuu jopa 10 kg vaatteita tai kenki\u00e4. Lis\u00e4ksi kaatumissuoja takaa lis\u00e4vakauden ja turvallisen k\u00e4yt\u00f6n. Tuotetiedot: &#8211; V\u00e4ri: valkoinen &#8211; Materiaali: PP-muovilevyt, metallilankakehys, ABS-muoviliittimet &#8211; Koon koko: 30 x 30 x 30 cm (P x L x K) &#8211; Kokonaiskoko: 93 x 31 x 123 cm (P x L x K) &#8211; Paino: 8 kg &#8211; Maks. staattinen kantavuus per lokero: 10 kg &#8211; Maks. staattinen kantavuus yhteens\u00e4: 80 kg Toimitus sis\u00e4lt\u00e4\u00e4:- 43 x muovilevy\u00e4, valkoinen (30 x 30 cm) &#8211; 12 x ovilevy\u00e4, valkoinen (30 x 30 cm) &#8211; 44 x muoviliitint\u00e4, musta &#8211; 12 x ovikoukkua &#8211; 1 x vasara &#8211; 2 x kaatumissuojaa &#8211; 1 x ohjeet (DE, EN, FR, ES, IT) SONGMICS Huomautukset:- Kaikki muovilevyt on painettava tiukasti liitoskappaleisiin. Koputtele liitoskappaleita mukana toimitetulla vasaralla jokaisen rivin kokoamisen j\u00e4lkeen, jotta kaikki osat ovat tukevasti kiinni toisiinsa. &#8211; Tuotteen suurin staattinen kantavuus on 80 kg. \u00c4l\u00e4 ylit\u00e4 t\u00e4t\u00e4 enimm\u00e4ispainoa. &#8211; \u00c4l\u00e4 s\u00e4ilyt\u00e4 ter\u00e4vi\u00e4 tai ter\u00e4vi\u00e4 esineit\u00e4 tuotteessa. &#8211; T\u00e4m\u00e4 tuote voidaan koota vain toimitukseen sis\u00e4ltyvist\u00e4 osista eri muodoissa.<\/p>\n","protected":false},"excerpt":{"rendered":"<p>SONGMICS 12-osioinen hyllyj\u00e4rjestelm\u00e4, muovinen kenk\u00e4hylly, ovet, vaatekaappi, hylly vaatteille, kengille, leluille ja kirjoille, helppo koota, 93 x 31 x 123 cm, valkoinen LPC342W01<\/p>\n","protected":false},"featured_media":43195,"comment_status":"open","ping_status":"closed","template":"","meta":[],"product_brand":[],"product_cat":[32],"product_tag":[],"class_list":{"0":"post-34521","1":"product","2":"type-product","3":"status-publish","4":"has-post-thumbnail","6":"product_cat-uncategorized-fi","8":"first","9":"instock","10":"shipping-taxable","11":"purchasable","12":"product-type-simple"},"_links":{"self":[{"href":"https:\/\/nordicmart.andreevmaster.com\/fi\/wp-json\/wp\/v2\/product\/34521","targetHints":{"allow":["GET"]}}],"collection":[{"href":"https:\/\/nordicmart.andreevmaster.com\/fi\/wp-json\/wp\/v2\/product"}],"about":[{"href":"https:\/\/nordicmart.andreevmaster.com\/fi\/wp-json\/wp\/v2\/types\/product"}],"replies":[{"embeddable":true,"href":"https:\/\/nordicmart.andreevmaster.com\/fi\/wp-json\/wp\/v2\/comments?post=34521"}],"wp:featuredmedia":[{"embeddable":true,"href":"https:\/\/nordicmart.andreevmaster.com\/fi\/wp-json\/wp\/v2\/media\/43195"}],"wp:attachment":[{"href":"https:\/\/nordicmart.andreevmaster.com\/fi\/wp-json\/wp\/v2\/media?parent=34521"}],"wp:term":[{"taxonomy":"product_brand","embeddable":true,"href":"https:\/\/nordicmart.andreevmaster.com\/fi\/wp-json\/wp\/v2\/product_brand?post=34521"},{"taxonomy":"product_cat","embeddable":true,"href":"https:\/\/nordicmart.andreevmaster.com\/fi\/wp-json\/wp\/v2\/product_cat?post=34521"},{"taxonomy":"product_tag","embeddable":true,"href":"https:\/\/nordicmart.andreevmaster.com\/fi\/wp-json\/wp\/v2\/product_tag?post=34521"}],"curies":[{"name":"wp","href":"https:\/\/api.w.org\/{rel}","templated":true}]}}