{"id":34519,"date":"2026-02-27T00:26:02","date_gmt":"2026-02-27T00:26:02","guid":{"rendered":"https:\/\/nordicmart.andreevmaster.com\/product\/songmics-muovinen-kenkahylly-hyllyjarjestelma-pistokehylly\/"},"modified":"2026-02-27T09:45:33","modified_gmt":"2026-02-27T09:45:33","slug":"songmics-muovinen-kenkahylly-hyllyjarjestelma-pistokehylly","status":"publish","type":"product","link":"https:\/\/nordicmart.andreevmaster.com\/fi\/tuote\/songmics-muovinen-kenkahylly-hyllyjarjestelma-pistokehylly\/","title":{"rendered":"SONGMICS muovinen kenk\u00e4hylly, hyllyj\u00e4rjestelm\u00e4, pistokehylly"},"content":{"rendered":"<p>Vakaa, turvallinen, kest\u00e4v\u00e4 PP-muovilevyt on kiinnitetty tiukasti toisiinsa korkealaatuisilla ABS-liitoskappaleilla, joten jokainen yksikk\u00f6 kest\u00e4\u00e4 jopa 10 kg vaatteita tai kenki\u00e4. Lis\u00e4ksi kaatumissuoja takaa lis\u00e4vakauden ja turvallisen k\u00e4yt\u00f6n. Mukautettavissa tarpeisiisi Voit rakentaa ja laajentaa t\u00e4t\u00e4 hyllyj\u00e4rjestelm\u00e4\u00e4 eri muodoissa mukana toimitettujen varaosaliittimien avulla, jotta se sopii tiloihisi. Tilaa lis\u00e4\u00e4 hyllyj\u00e4 laajentaaksesi mahdollisuuksiasi entisest\u00e4\u00e4n! Tuotetiedot: &#8211; V\u00e4ri: musta, puolil\u00e4pin\u00e4kyv\u00e4t ovet &#8211; Materiaali: PP-muovilevyt, metallirunko, ABS-muoviliittimet &#8211; Maks. staattinen kantavuus per hylly: 10 kg Toimitus sis\u00e4lt\u00e4\u00e4: &#8211; 12 x musta muovilevy (40 x 17 cm) &#8211; 15 x musta muovilevy (40 x 30 cm) &#8211; 18 x musta muovilevy (30 x 17 cm) &#8211; 12 x puolil\u00e4pin\u00e4kyv\u00e4 muovilevy (40 x 17 cm) &#8211; 42 x ABS-muoviliitoskappale &#8211; 1 x vasara &#8211; 2 x kaatumissuoja &#8211; 1 x ohjeet (DE, EN, FR, ES, IT) SONGMICS Huomautukset: &#8211; \u00c4l\u00e4 istu tuotteen p\u00e4\u00e4lle tai aseta sen p\u00e4\u00e4lle liian painavia esineit\u00e4. &#8211; \u00c4l\u00e4 altista tuotetta voimakkaalle auringonvalolle pitk\u00e4ksi aikaa. &#8211; Kaikki muovilevyt on painettava tiukasti liitoskappaleisiin; k\u00e4yt\u00e4 apuna vasaraa, jotta kaikki osat kiinnittyv\u00e4t tukevasti toisiinsa. Paina lis\u00e4ksi jokaisen rivin kokoamisen j\u00e4lkeen liitoskappaleita, kunnes ne ovat t\u00e4ysin lukittuneet. &#8211; Kiinnit\u00e4 tuote sein\u00e4\u00e4n mukana toimitetulla kaatumissuojalla, jos se on yli 60 cm korkea. &#8211; Pid\u00e4 tuote poissa ter\u00e4vist\u00e4 tai ter\u00e4ksisist\u00e4 esineist\u00e4 vahingoittumisen v\u00e4ltt\u00e4miseksi.<\/p>\n","protected":false},"excerpt":{"rendered":"<p>SONGMICS kenk\u00e4hylly muovi, suorakulmainen hyllyj\u00e4rjestelm\u00e4 12 lokerolla, DIY-pistokehylly, s\u00e4ilytyshylly, vaatekaappi, kenk\u00e4j\u00e4rjestelij\u00e4, 40 x 30 x 17 cm per lokero, metallilanka, musta LPC26HV1<\/p>\n","protected":false},"featured_media":43193,"comment_status":"open","ping_status":"closed","template":"","meta":[],"product_brand":[],"product_cat":[32],"product_tag":[],"class_list":{"0":"post-34519","1":"product","2":"type-product","3":"status-publish","4":"has-post-thumbnail","6":"product_cat-uncategorized-fi","8":"first","9":"instock","10":"shipping-taxable","11":"purchasable","12":"product-type-simple"},"_links":{"self":[{"href":"https:\/\/nordicmart.andreevmaster.com\/fi\/wp-json\/wp\/v2\/product\/34519","targetHints":{"allow":["GET"]}}],"collection":[{"href":"https:\/\/nordicmart.andreevmaster.com\/fi\/wp-json\/wp\/v2\/product"}],"about":[{"href":"https:\/\/nordicmart.andreevmaster.com\/fi\/wp-json\/wp\/v2\/types\/product"}],"replies":[{"embeddable":true,"href":"https:\/\/nordicmart.andreevmaster.com\/fi\/wp-json\/wp\/v2\/comments?post=34519"}],"wp:featuredmedia":[{"embeddable":true,"href":"https:\/\/nordicmart.andreevmaster.com\/fi\/wp-json\/wp\/v2\/media\/43193"}],"wp:attachment":[{"href":"https:\/\/nordicmart.andreevmaster.com\/fi\/wp-json\/wp\/v2\/media?parent=34519"}],"wp:term":[{"taxonomy":"product_brand","embeddable":true,"href":"https:\/\/nordicmart.andreevmaster.com\/fi\/wp-json\/wp\/v2\/product_brand?post=34519"},{"taxonomy":"product_cat","embeddable":true,"href":"https:\/\/nordicmart.andreevmaster.com\/fi\/wp-json\/wp\/v2\/product_cat?post=34519"},{"taxonomy":"product_tag","embeddable":true,"href":"https:\/\/nordicmart.andreevmaster.com\/fi\/wp-json\/wp\/v2\/product_tag?post=34519"}],"curies":[{"name":"wp","href":"https:\/\/api.w.org\/{rel}","templated":true}]}}