{"id":34518,"date":"2026-02-27T00:26:01","date_gmt":"2026-02-27T00:26:01","guid":{"rendered":"https:\/\/nordicmart.andreevmaster.com\/product\/songmics-kenkahylly-hyllyjarjestelma-9-kuutiolla-muovinen-vaatekaappi\/"},"modified":"2026-02-27T09:45:33","modified_gmt":"2026-02-27T09:45:33","slug":"songmics-kenkahylly-hyllyjarjestelma-9-kuutiolla-muovinen-vaatekaappi","status":"publish","type":"product","link":"https:\/\/nordicmart.andreevmaster.com\/fi\/tuote\/songmics-kenkahylly-hyllyjarjestelma-9-kuutiolla-muovinen-vaatekaappi\/","title":{"rendered":"SONGMICS kenk\u00e4hylly, hyllyj\u00e4rjestelm\u00e4 9 kuutiolla, muovinen vaatekaappi"},"content":{"rendered":"<p>K\u00e4ytt\u00e4j\u00e4yst\u00e4v\u00e4llinen muotoilu: l\u00e4pikuultavien ovilevyjen ansiosta n\u00e4et heti, mink\u00e4 esineen otat. Lis\u00e4ksi muovista valmistetut levyt ovat erityisen helppohoitoisia, koska ne ovat vesi- ja p\u00f6lytiiviit\u00e4 sek\u00e4 homeenkest\u00e4vi\u00e4. Saumaton muotoilu Metallikehyksen nelj\u00e4n kulman hieman kaarevan muotoilun ansiosta liitoskappaleet ja levyt voidaan liitt\u00e4\u00e4 erityisen tiiviisti toisiinsa; P\u00f6ly tai hy\u00f6nteiset eiv\u00e4t p\u00e4\u00e4se l\u00e4pi. Lis\u00e4turvallisuus Jokaisessa Songmics-pistokej\u00e4rjestelm\u00e4ss\u00e4 on kaatumissuoja. Sen avulla voit kiinnitt\u00e4\u00e4 hyllyk\u00f6n sein\u00e4\u00e4n. Tuotetiedot: &#8211; V\u00e4ri: valkoinen &#8211; Materiaali: PP-muovilevyt metallikehyksell\u00e4, ABS-muoviset liitoskappaleet &#8211; Mitat: 93 x 123 x 31 cm (L x K x S) &#8211; Muovilevyn mitat: 30 x 30 cm &#8211; Paino: 6,6 kg &#8211; Maks. kuormitus kuutiota kohti: 10 kgToimitus sis\u00e4lt\u00e4\u00e4:- 34 x valkoista puolil\u00e4pin\u00e4kyv\u00e4\u00e4 levy\u00e4 (30 x 30 cm)- 9 x valkoista puolil\u00e4pin\u00e4kyv\u00e4\u00e4 ovilevy\u00e4 (30 x 30 cm)- 34 x mustaa ABS-muoviliitint\u00e4- 1 x kumivasara (175 g)SONGMICS-ohjeet:- \u00c4l\u00e4 j\u00e4t\u00e4 hylly\u00e4 pitk\u00e4ksi aikaa ulos, jotta se ei vahingoitu s\u00e4\u00e4olosuhteiden vuoksi. &#8211; Asennuksen aikana SONGMICS-logon on oltava n\u00e4kyviss\u00e4 liitoskappaleiden etupuolella. &#8211; Kaikki muovilevyt on painettava tiukasti alas asennuksen aikana. Kun jokainen rivi on valmis, tarkista, ett\u00e4 metallilankakehykset on ty\u00f6nnetty kokonaan ja tiukasti liitoskappaleisiin hyllyn vakauden parantamiseksi.<\/p>\n","protected":false},"excerpt":{"rendered":"<p>SONGMICS 9 kuution DIY-hyllyj\u00e4rjestelm\u00e4 Muovinen vaatekaappi ovilla, tyylik\u00e4s valkoinen, vakaa ja helppo asentaa, pistokehylly, LPC116WS<\/p>\n","protected":false},"featured_media":43192,"comment_status":"open","ping_status":"closed","template":"","meta":[],"product_brand":[],"product_cat":[32],"product_tag":[],"class_list":{"0":"post-34518","1":"product","2":"type-product","3":"status-publish","4":"has-post-thumbnail","6":"product_cat-uncategorized-fi","8":"first","9":"instock","10":"shipping-taxable","11":"purchasable","12":"product-type-simple"},"_links":{"self":[{"href":"https:\/\/nordicmart.andreevmaster.com\/fi\/wp-json\/wp\/v2\/product\/34518","targetHints":{"allow":["GET"]}}],"collection":[{"href":"https:\/\/nordicmart.andreevmaster.com\/fi\/wp-json\/wp\/v2\/product"}],"about":[{"href":"https:\/\/nordicmart.andreevmaster.com\/fi\/wp-json\/wp\/v2\/types\/product"}],"replies":[{"embeddable":true,"href":"https:\/\/nordicmart.andreevmaster.com\/fi\/wp-json\/wp\/v2\/comments?post=34518"}],"wp:featuredmedia":[{"embeddable":true,"href":"https:\/\/nordicmart.andreevmaster.com\/fi\/wp-json\/wp\/v2\/media\/43192"}],"wp:attachment":[{"href":"https:\/\/nordicmart.andreevmaster.com\/fi\/wp-json\/wp\/v2\/media?parent=34518"}],"wp:term":[{"taxonomy":"product_brand","embeddable":true,"href":"https:\/\/nordicmart.andreevmaster.com\/fi\/wp-json\/wp\/v2\/product_brand?post=34518"},{"taxonomy":"product_cat","embeddable":true,"href":"https:\/\/nordicmart.andreevmaster.com\/fi\/wp-json\/wp\/v2\/product_cat?post=34518"},{"taxonomy":"product_tag","embeddable":true,"href":"https:\/\/nordicmart.andreevmaster.com\/fi\/wp-json\/wp\/v2\/product_tag?post=34518"}],"curies":[{"name":"wp","href":"https:\/\/api.w.org\/{rel}","templated":true}]}}