{"id":34513,"date":"2026-02-27T00:26:00","date_gmt":"2026-02-27T00:26:00","guid":{"rendered":"https:\/\/nordicmart.andreevmaster.com\/product\/kenkahylly-10-tasoinen-pistokehylly-hyllyjarjestelma-2\/"},"modified":"2026-02-27T09:45:32","modified_gmt":"2026-02-27T09:45:32","slug":"kenkahylly-10-tasoinen-pistokehylly-hyllyjarjestelma-2","status":"publish","type":"product","link":"https:\/\/nordicmart.andreevmaster.com\/fi\/tuote\/kenkahylly-10-tasoinen-pistokehylly-hyllyjarjestelma-2\/","title":{"rendered":"Kenk\u00e4hylly 10-tasoinen, pistokehylly, hyllyj\u00e4rjestelm\u00e4"},"content":{"rendered":"<p>Vakaa, turvallinen ja kest\u00e4v\u00e4: PP-muovipaneelit on kiinnitetty lujasti toisiinsa korkealaatuisilla ABS-liittimill\u00e4, joten kuhunkin yksikk\u00f6\u00f6n mahtuu jopa 10 kg vaatteita tai kenki\u00e4. Lis\u00e4ksi kallistuksenestosuojaus tarjoaa lis\u00e4vakautta ja turvallista k\u00e4ytt\u00f6\u00e4. Muokattavissa tarpeidesi mukaan: Voit rakentaa ja laajentaa t\u00e4t\u00e4 naulakkoj\u00e4rjestelm\u00e4\u00e4 eri muotoisiksi mukana toimitettujen vaihtoliittimien ansiosta ja mukauttaa sen tilasi mukaan. Tilaa lis\u00e4\u00e4 pultittomia hyllyj\u00e4, niin voit laajentaa vaihtoehtoja entisest\u00e4\u00e4n! Varastoimme erilaisia varastohyllyj\u00e4 eri kokoisina ja v\u00e4risin\u00e4. Tutustu siis SONGMICSin muihin tuotteisiin, jos et voi pit\u00e4\u00e4 n\u00e4ppej\u00e4si erossa DIY:n tekemisest\u00e4!Tuotetiedot:V\u00e4ri: Musta, puoliksi l\u00e4pin\u00e4kyv\u00e4t ovetMateriaali: Musta, puoliksi l\u00e4pin\u00e4kyv\u00e4t ovetMateriaali: Musta, puoliksi l\u00e4pin\u00e4kyv\u00e4t ovet: Materiaali: PP-muovipaneelit, rautalankakehys, ABS-muoviliittimetKoko (1 x 10): 43 x 31 x 173 cm (P x L x K)Koko (2 x 5): Paino: 7,2 kgMaksimi staattinen kuormitettavuus hylly\u00e4 kohden: 10 kgToimituksen laajuus:12 x Musta muovihylly (40 x 30 cm)20 x Musta muovihylly (30 x 17 cm)10 x Musta muovihylly (40 x 17 cm)10 x Puoliksi l\u00e4pin\u00e4kyv\u00e4 muovihylly (40 x 17 cm)48 x ABS-muoviliittimet1 x Vasara2 x K\u00e4rkip\u00e4\u00e4nesto1 x Ohjeet (DE, EN, FR, ES, IT)Muoviliittimet: Sis\u00e4kierteet lis\u00e4\u00e4v\u00e4t kitkavoimaa, joten paneelit ja liittimet pysyv\u00e4t tiukasti yhdess\u00e4.Saumaton muotoilu: Hieman kaareva muotoilu metallisen keh\u00e4n nelj\u00e4ss\u00e4 kulmassa tekee liittimist\u00e4 ja paneeleista erityisen tiukasti kiinni, p\u00f6ly tai hy\u00f6nteiset eiv\u00e4t p\u00e4\u00e4se l\u00e4pi.Lis\u00e4turvaa: Jokainen Songmics-tauluhyllyj\u00e4rjestelm\u00e4 on varustettu kallistuksenestosuojalla, jonka avulla voit ankkuroida tauluhyllyn sein\u00e4\u00e4n.SONGMICS-ohjeet: \u00c4l\u00e4 istu tuotteen p\u00e4\u00e4ll\u00e4 \u00e4l\u00e4k\u00e4 aseta painavia esineit\u00e4 sen p\u00e4\u00e4lle.\u00e4l\u00e4 altista tuotetta pitk\u00e4\u00e4n voimakkaalle auringonvalolle.kaikki muovipaneelit tulee painaa tukevasti liitoskappaleisiin; k\u00e4yt\u00e4 my\u00f6s vasaraa varmistaaksesi kaikkien yksitt\u00e4isten osien vakaan liitoksen. Lis\u00e4ksi paina jokaisen rivin kokoamisen j\u00e4lkeen liitoskappaleita, kunnes ne ovat t\u00e4ysin kiinni.Kiinnit\u00e4 tuote sein\u00e4\u00e4n mukana tulevalla kippaussuojalla, jos se on yli 60 cm korkea.Pid\u00e4 tuote poissa ter\u00e4vien tai ter\u00e4vien esineiden ja tulenl\u00e4hteiden l\u00e4heisyydest\u00e4 vahinkojen v\u00e4ltt\u00e4miseksi.<\/p>\n","protected":false},"excerpt":{"rendered":"<p>Vakaa, turvallinen ja kest\u00e4v\u00e4: PP-muovipaneelit on kiinnitetty lujasti toisiinsa korkealaatuisilla ABS-liittimill\u00e4, joten kuhunkin yksikk\u00f6\u00f6n mahtuu jopa 10 kg vaatteita tai kenki\u00e4. Lis\u00e4ksi kallistuksenestosuojaus tarjoaa lis\u00e4vakautta ja turvallista k\u00e4ytt\u00f6\u00e4. Muokattavissa tarpeidesi mukaan: Voit rakentaa ja laajentaa t\u00e4t\u00e4 naulakkoj\u00e4rjestelm\u00e4\u00e4 eri muotoisiksi mukana toimitettujen vaihtoliittimien ansiosta ja mukauttaa sen tilasi mukaan. Tilaa lis\u00e4\u00e4 pultittomia hyllyj\u00e4, niin voit laajentaa [&hellip;]<\/p>\n","protected":false},"featured_media":0,"comment_status":"open","ping_status":"closed","template":"","meta":[],"product_brand":[],"product_cat":[32],"product_tag":[],"class_list":{"0":"post-34513","1":"product","2":"type-product","3":"status-publish","5":"product_cat-uncategorized-fi","7":"first","8":"instock","9":"shipping-taxable","10":"product-type-simple"},"_links":{"self":[{"href":"https:\/\/nordicmart.andreevmaster.com\/fi\/wp-json\/wp\/v2\/product\/34513","targetHints":{"allow":["GET"]}}],"collection":[{"href":"https:\/\/nordicmart.andreevmaster.com\/fi\/wp-json\/wp\/v2\/product"}],"about":[{"href":"https:\/\/nordicmart.andreevmaster.com\/fi\/wp-json\/wp\/v2\/types\/product"}],"replies":[{"embeddable":true,"href":"https:\/\/nordicmart.andreevmaster.com\/fi\/wp-json\/wp\/v2\/comments?post=34513"}],"wp:attachment":[{"href":"https:\/\/nordicmart.andreevmaster.com\/fi\/wp-json\/wp\/v2\/media?parent=34513"}],"wp:term":[{"taxonomy":"product_brand","embeddable":true,"href":"https:\/\/nordicmart.andreevmaster.com\/fi\/wp-json\/wp\/v2\/product_brand?post=34513"},{"taxonomy":"product_cat","embeddable":true,"href":"https:\/\/nordicmart.andreevmaster.com\/fi\/wp-json\/wp\/v2\/product_cat?post=34513"},{"taxonomy":"product_tag","embeddable":true,"href":"https:\/\/nordicmart.andreevmaster.com\/fi\/wp-json\/wp\/v2\/product_tag?post=34513"}],"curies":[{"name":"wp","href":"https:\/\/api.w.org\/{rel}","templated":true}]}}