{"id":34509,"date":"2026-02-27T00:25:59","date_gmt":"2026-02-27T00:25:59","guid":{"rendered":"https:\/\/nordicmart.andreevmaster.com\/product\/songmics-kenkahylly-10-lokerolla-kenkakaappi-30-x-40-x-30-cm-per-lokero\/"},"modified":"2026-02-27T09:45:31","modified_gmt":"2026-02-27T09:45:31","slug":"songmics-kenkahylly-10-lokerolla-kenkakaappi-30-x-40-x-30-cm-per-lokero","status":"publish","type":"product","link":"https:\/\/nordicmart.andreevmaster.com\/fi\/tuote\/songmics-kenkahylly-10-lokerolla-kenkakaappi-30-x-40-x-30-cm-per-lokero\/","title":{"rendered":"SONGMICS  Kenk\u00e4hylly 10 lokerolla, kenk\u00e4kaappi, 30 x 40 x 30 cm per lokero"},"content":{"rendered":"<p>SONGMICS kenk\u00e4hylly 10 lokerolla, kenk\u00e4kaappi, 30 x 40 x 30 cm per lokero, kapea, ovet, ter\u00e4srunko, muovi, eteiseen, makuuhuoneeseen, sis\u00e4\u00e4nk\u00e4yntiin, musta LPC035B01<br \/>\nTuotetiedot:<br \/>\n&#8211; V\u00e4ri: musta<br \/>\n&#8211; Materiaali: ABS-muoviliittimet, PP-muovilevy, ter\u00e4srunko<br \/>\n&#8211; Koko: 32 x 82 x 152 cm (S x L x K)<br \/>\n&#8211; Sis\u00e4mitat per lokero: 30 x 40 x 30 cm (S x L x K)<br \/>\n&#8211; Paino: 9,6 kg<br \/>\n&#8211; Maks. staattinen kantavuus per lokero: 5 kg<br \/>\n&#8211; Maks. staattinen kokonaiskuormitus: 50 kg<\/p>\n<p>Toimitus sis\u00e4lt\u00e4\u00e4:<br \/>\n&#8211; 10 x muovilevy silmukalla (40 x 30 cm)<br \/>\n&#8211; 34 x muovilevy (40 x 30 cm)<br \/>\n&#8211; 15 x muovilevy (30 x 30 cm)<br \/>\n&#8211; 2 x kaatumissuoja<br \/>\n&#8211; 34 x hyllynivelt\u00e4<br \/>\n&#8211; 40 x muoviliitin<br \/>\n&#8211; 1 x metallilanka, jossa 5 koukkua<br \/>\n&#8211; 1 x kumivasara<br \/>\n&#8211; 1 x ohjeet<\/p>\n<p>Huomautukset:<br \/>\n&#8211; Kiinnit\u00e4 t\u00e4m\u00e4 kenk\u00e4organisaattori sein\u00e4\u00e4n mukana toimitetulla kaatumissuojalla turvallisen k\u00e4ytt\u00f6ymp\u00e4rist\u00f6n luomiseksi.<br \/>\n&#8211; \u00c4l\u00e4 aseta kenk\u00e4kaapille esineit\u00e4, jotka ylitt\u00e4v\u00e4t sen enimm\u00e4iskuormituksen.<br \/>\n&#8211; \u00c4l\u00e4 j\u00e4t\u00e4 kenk\u00e4hylly\u00e4 pitk\u00e4ksi aikaa ulos, jotta s\u00e4\u00e4olosuhteet eiv\u00e4t vahingoita sit\u00e4.<br \/>\n&#8211; Asennuksen yhteydess\u00e4 varmista, ett\u00e4 muovisten liittimien py\u00f6ristetty reuna, jossa on \u201dSONGMICS\u201d-logo, on ulosp\u00e4in.<br \/>\n&#8211; Asennuksen yhteydess\u00e4 varmista, ett\u00e4 levyjen kulmat on kiinnitetty kokonaan liittimien alaosaan vakauden lis\u00e4\u00e4miseksi.<\/p>\n","protected":false},"excerpt":{"rendered":"<p>SONGMICS kenk\u00e4hylly 10 lokerolla, kenk\u00e4kaappi, 30 x 40 x 30 cm per lokero, kapea, ovet, ter\u00e4srunko, muovi, eteiseen, makuuhuoneeseen, sis\u00e4\u00e4nk\u00e4yntiin, musta LPC035B01<\/p>\n","protected":false},"featured_media":43184,"comment_status":"open","ping_status":"closed","template":"","meta":[],"product_brand":[],"product_cat":[32],"product_tag":[],"class_list":{"0":"post-34509","1":"product","2":"type-product","3":"status-publish","4":"has-post-thumbnail","6":"product_cat-uncategorized-fi","8":"first","9":"instock","10":"shipping-taxable","11":"purchasable","12":"product-type-simple"},"_links":{"self":[{"href":"https:\/\/nordicmart.andreevmaster.com\/fi\/wp-json\/wp\/v2\/product\/34509","targetHints":{"allow":["GET"]}}],"collection":[{"href":"https:\/\/nordicmart.andreevmaster.com\/fi\/wp-json\/wp\/v2\/product"}],"about":[{"href":"https:\/\/nordicmart.andreevmaster.com\/fi\/wp-json\/wp\/v2\/types\/product"}],"replies":[{"embeddable":true,"href":"https:\/\/nordicmart.andreevmaster.com\/fi\/wp-json\/wp\/v2\/comments?post=34509"}],"wp:featuredmedia":[{"embeddable":true,"href":"https:\/\/nordicmart.andreevmaster.com\/fi\/wp-json\/wp\/v2\/media\/43184"}],"wp:attachment":[{"href":"https:\/\/nordicmart.andreevmaster.com\/fi\/wp-json\/wp\/v2\/media?parent=34509"}],"wp:term":[{"taxonomy":"product_brand","embeddable":true,"href":"https:\/\/nordicmart.andreevmaster.com\/fi\/wp-json\/wp\/v2\/product_brand?post=34509"},{"taxonomy":"product_cat","embeddable":true,"href":"https:\/\/nordicmart.andreevmaster.com\/fi\/wp-json\/wp\/v2\/product_cat?post=34509"},{"taxonomy":"product_tag","embeddable":true,"href":"https:\/\/nordicmart.andreevmaster.com\/fi\/wp-json\/wp\/v2\/product_tag?post=34509"}],"curies":[{"name":"wp","href":"https:\/\/api.w.org\/{rel}","templated":true}]}}