{"id":34505,"date":"2026-02-27T00:25:58","date_gmt":"2026-02-27T00:25:58","guid":{"rendered":"https:\/\/nordicmart.andreevmaster.com\/product\/songmics-kenkahylly-4-lokerolla-kenkakaappi-ovilla\/"},"modified":"2026-02-27T09:45:30","modified_gmt":"2026-02-27T09:45:30","slug":"songmics-kenkahylly-4-lokerolla-kenkakaappi-ovilla","status":"publish","type":"product","link":"https:\/\/nordicmart.andreevmaster.com\/fi\/tuote\/songmics-kenkahylly-4-lokerolla-kenkakaappi-ovilla\/","title":{"rendered":"SONGMICS kenk\u00e4hylly 4 lokerolla, kenk\u00e4kaappi, ovilla"},"content":{"rendered":"<p>Kenk\u00e4hylly 12 lokerolla, kenk\u00e4kaappi, 30 x 40 x 30 cm per lokero, kapea, ovet, ter\u00e4srunko, muovi, valkoinen<br \/>\nTekniset tiedot:<br \/>\n&#8211; 2 rivin mitat: 32 x 83 x 63 cm (S x L x K)<br \/>\n&#8211; Sis\u00e4mitat per lokero: 30 x 40 x 30 cm (S x L x K)<br \/>\n&#8211; Paino: 4,5 kg<br \/>\n&#8211; Maks. staattinen kantavuus per lokero: 5 kg<br \/>\n&#8211; Maks. staattinen kantavuus yhteens\u00e4: 32 kg<br \/>\n&#8211; Materiaali: ABS-muoviliittimet, PP-muovilevy, ter\u00e4srunko<br \/>\n&#8211; V\u00e4ri: valkoinen<\/p>\n","protected":false},"excerpt":{"rendered":"<p>Kenk\u00e4hylly 12 lokerolla, kenk\u00e4kaappi, 30 x 40 x 30 cm per lokero, kapea, ovet, ter\u00e4srunko, muovi, valkoinen<\/p>\n","protected":false},"featured_media":43180,"comment_status":"open","ping_status":"closed","template":"","meta":[],"product_brand":[],"product_cat":[32],"product_tag":[],"class_list":{"0":"post-34505","1":"product","2":"type-product","3":"status-publish","4":"has-post-thumbnail","6":"product_cat-uncategorized-fi","8":"first","9":"instock","10":"shipping-taxable","11":"purchasable","12":"product-type-simple"},"_links":{"self":[{"href":"https:\/\/nordicmart.andreevmaster.com\/fi\/wp-json\/wp\/v2\/product\/34505","targetHints":{"allow":["GET"]}}],"collection":[{"href":"https:\/\/nordicmart.andreevmaster.com\/fi\/wp-json\/wp\/v2\/product"}],"about":[{"href":"https:\/\/nordicmart.andreevmaster.com\/fi\/wp-json\/wp\/v2\/types\/product"}],"replies":[{"embeddable":true,"href":"https:\/\/nordicmart.andreevmaster.com\/fi\/wp-json\/wp\/v2\/comments?post=34505"}],"wp:featuredmedia":[{"embeddable":true,"href":"https:\/\/nordicmart.andreevmaster.com\/fi\/wp-json\/wp\/v2\/media\/43180"}],"wp:attachment":[{"href":"https:\/\/nordicmart.andreevmaster.com\/fi\/wp-json\/wp\/v2\/media?parent=34505"}],"wp:term":[{"taxonomy":"product_brand","embeddable":true,"href":"https:\/\/nordicmart.andreevmaster.com\/fi\/wp-json\/wp\/v2\/product_brand?post=34505"},{"taxonomy":"product_cat","embeddable":true,"href":"https:\/\/nordicmart.andreevmaster.com\/fi\/wp-json\/wp\/v2\/product_cat?post=34505"},{"taxonomy":"product_tag","embeddable":true,"href":"https:\/\/nordicmart.andreevmaster.com\/fi\/wp-json\/wp\/v2\/product_tag?post=34505"}],"curies":[{"name":"wp","href":"https:\/\/api.w.org\/{rel}","templated":true}]}}