{"id":34500,"date":"2026-02-27T00:25:57","date_gmt":"2026-02-27T00:25:57","guid":{"rendered":"https:\/\/nordicmart.andreevmaster.com\/product\/songmics-10-tasoinen-kenkahylly-pistokehylly-hyllyjarjestelma\/"},"modified":"2026-02-27T09:45:29","modified_gmt":"2026-02-27T09:45:29","slug":"songmics-10-tasoinen-kenkahylly-pistokehylly-hyllyjarjestelma","status":"publish","type":"product","link":"https:\/\/nordicmart.andreevmaster.com\/fi\/tuote\/songmics-10-tasoinen-kenkahylly-pistokehylly-hyllyjarjestelma\/","title":{"rendered":"SONGMICS 10-tasoinen kenk\u00e4hylly, pistokehylly, hyllyj\u00e4rjestelm\u00e4"},"content":{"rendered":"<p>Vakaa, turvallinen, kest\u00e4v\u00e4 PP-muovilevyt on kiinnitetty tiukasti toisiinsa korkealaatuisilla ABS-liittimill\u00e4, joten jokainen yksikk\u00f6 kest\u00e4\u00e4 jopa 10 kg vaatteita tai kenki\u00e4. Lis\u00e4ksi kaatumissuoja takaa lis\u00e4vakauden ja turvallisen k\u00e4yt\u00f6n. Tuotetiedot: &#8211; V\u00e4ri: vintage-ruskea &#8211; Materiaali: PP-muovilevyt, metallirunko, ABS-muoviliittimet &#8211; Koko (1 x 10): 43 x 31 x 173 cm (P x L x K) &#8211; Koko (2 x 5): 83 x 31 x 88 cm (P x L x K) &#8211; Paino: 7,2 kg &#8211; Maks. staattinen kantavuus per lokero: 10 kg Toimitus sis\u00e4lt\u00e4\u00e4: &#8211; 12 x muovilevy vintage-ruskea (40 x 30 cm) &#8211; 20 x muovilevy vintage-ruskea (30 x 17 cm) &#8211; 10 x muovilevy vintage-ruskeana (40 x 17 cm) &#8211; 10 x ovilevy vintage-ruskeana (40 x 17 cm) &#8211; 48 x ABS-muoviliitin &#8211; 1 x vasara &#8211; 2 x kaatumissuoja &#8211; 1 x ohjeet (DE, EN, FR, ES, IT) SONGMICS Huomautukset:- \u00c4l\u00e4 altista tuotetta voimakkaalle auringonvalolle pitk\u00e4ksi aikaa. &#8211; \u00c4l\u00e4 istu tuotteen p\u00e4\u00e4lle tai aseta liian painavia esineit\u00e4 sen p\u00e4\u00e4lle. &#8211; Kaikki muovilevyt on painettava tiukasti liitoskappaleisiin; k\u00e4yt\u00e4 t\u00e4h\u00e4n my\u00f6s vasaraa, jotta kaikki osat ovat tukevasti kiinni toisissaan. Paina lis\u00e4ksi jokaisen rivin kokoamisen j\u00e4lkeen liitoskappaleita, kunnes ne ovat t\u00e4ysin lukittuneet. &#8211; Kiinnit\u00e4 tuote sein\u00e4\u00e4n mukana toimitetulla kaatumissuojalla, jos se on yli 60 cm korkea.<\/p>\n","protected":false},"excerpt":{"rendered":"<p>Kenk\u00e4hylly, 10 tasoa, pistokehylly, hyllyj\u00e4rjestelm\u00e4, kenk\u00e4j\u00e4rjestelij\u00e4, DIY-hylly, ovella, PP-muovia, harmaa<\/p>\n","protected":false},"featured_media":43176,"comment_status":"open","ping_status":"closed","template":"","meta":[],"product_brand":[],"product_cat":[32],"product_tag":[],"class_list":{"0":"post-34500","1":"product","2":"type-product","3":"status-publish","4":"has-post-thumbnail","6":"product_cat-uncategorized-fi","8":"first","9":"instock","10":"shipping-taxable","11":"purchasable","12":"product-type-simple"},"_links":{"self":[{"href":"https:\/\/nordicmart.andreevmaster.com\/fi\/wp-json\/wp\/v2\/product\/34500","targetHints":{"allow":["GET"]}}],"collection":[{"href":"https:\/\/nordicmart.andreevmaster.com\/fi\/wp-json\/wp\/v2\/product"}],"about":[{"href":"https:\/\/nordicmart.andreevmaster.com\/fi\/wp-json\/wp\/v2\/types\/product"}],"replies":[{"embeddable":true,"href":"https:\/\/nordicmart.andreevmaster.com\/fi\/wp-json\/wp\/v2\/comments?post=34500"}],"wp:featuredmedia":[{"embeddable":true,"href":"https:\/\/nordicmart.andreevmaster.com\/fi\/wp-json\/wp\/v2\/media\/43176"}],"wp:attachment":[{"href":"https:\/\/nordicmart.andreevmaster.com\/fi\/wp-json\/wp\/v2\/media?parent=34500"}],"wp:term":[{"taxonomy":"product_brand","embeddable":true,"href":"https:\/\/nordicmart.andreevmaster.com\/fi\/wp-json\/wp\/v2\/product_brand?post=34500"},{"taxonomy":"product_cat","embeddable":true,"href":"https:\/\/nordicmart.andreevmaster.com\/fi\/wp-json\/wp\/v2\/product_cat?post=34500"},{"taxonomy":"product_tag","embeddable":true,"href":"https:\/\/nordicmart.andreevmaster.com\/fi\/wp-json\/wp\/v2\/product_tag?post=34500"}],"curies":[{"name":"wp","href":"https:\/\/api.w.org\/{rel}","templated":true}]}}