{"id":34499,"date":"2026-02-27T00:25:57","date_gmt":"2026-02-27T00:25:57","guid":{"rendered":"https:\/\/nordicmart.andreevmaster.com\/product\/songmics-pienelainten-hakki-pohjalevyilla-leikkikeha-irrotettavalla-ja-vedenpitavalla-alustalla-hakki-hamstereille\/"},"modified":"2026-02-27T09:45:29","modified_gmt":"2026-02-27T09:45:29","slug":"songmics-pienelainten-hakki-pohjalevyilla-leikkikeha-irrotettavalla-ja-vedenpitavalla-alustalla-hakki-hamstereille","status":"publish","type":"product","link":"https:\/\/nordicmart.andreevmaster.com\/fi\/tuote\/songmics-pienelainten-hakki-pohjalevyilla-leikkikeha-irrotettavalla-ja-vedenpitavalla-alustalla-hakki-hamstereille\/","title":{"rendered":"SONGMICS Pienel\u00e4inten h\u00e4kki pohjalevyill\u00e4, leikkikeh\u00e4 irrotettavalla ja vedenpit\u00e4v\u00e4ll\u00e4 alustalla, h\u00e4kki hamstereille"},"content":{"rendered":"<p>Pienel\u00e4inten h\u00e4kki pohjalevyill\u00e4, leikkikeh\u00e4 irrotettavalla ja vedenpit\u00e4v\u00e4ll\u00e4 alustalla, h\u00e4kki hamstereille, kaneille, 125 x 63 x 42 cm, valkoinen<br \/>\nTuotetiedot:<br \/>\n&#8211; V\u00e4ri: valkoinen<br \/>\n&#8211; Materiaali: PP-muovilevyt, ABS-muoviliittimet<br \/>\n&#8211; Kotelon koko: 125 x 63 x 42 cm (P x L x K)<br \/>\n&#8211; Oxford-kankaan alustan koko: 124 x 65 cm (P x L)<br \/>\n&#8211; Paino: 3,8 kg<\/p>\n<p>Toimitus sis\u00e4lt\u00e4\u00e4<br \/>\n&#8211; 12 x muovilevy (40 x 30 cm)<br \/>\n&#8211; 8 x muovilevy (30 x 30 cm)<br \/>\n&#8211; 27 x muoviliitin<br \/>\n&#8211; 30 x nippuside<br \/>\n&#8211; 1 x vedenpit\u00e4v\u00e4 alusta Oxford-kankaasta (124 x 65 cm)<br \/>\n&#8211; 1 x kumivasara<br \/>\n&#8211; 1 x ohjeet<\/p>\n<p>Huomautukset:<br \/>\n&#8211; Est\u00e4\u00e4ksesi lemmikkiel\u00e4imi\u00e4 pureskelemasta tai puremasta, asenna muovilevyt siten, ett\u00e4 saumat ovat alasp\u00e4in tai ulosp\u00e4in.<br \/>\n&#8211; T\u00e4m\u00e4 aitaus on tarkoitettu vain pienille el\u00e4imille. \u00c4l\u00e4 k\u00e4yt\u00e4 sit\u00e4 koirille tai kissoille.<br \/>\n&#8211; Asennuksen aikana varmista, ett\u00e4 muovilevyt lukittuvat kokonaan muoviliittimiin, jotta aitauksen vakaus paranee.<br \/>\n&#8211; Yhdist\u00e4 kaksi vierekk\u00e4in sijoitettua muovilevy\u00e4 lis\u00e4ksi kahdella nippusiteell\u00e4. \u00c4l\u00e4 k\u00e4yt\u00e4 aitausta pysyv\u00e4sti ulkona.<\/p>\n","protected":false},"excerpt":{"rendered":"<p>Pienel\u00e4inten h\u00e4kki pohjalevyill\u00e4, leikkikeh\u00e4 irrotettavalla ja vedenpit\u00e4v\u00e4ll\u00e4 alustalla, h\u00e4kki hamstereille, kaneille, 125 x 63 x 42 cm, valkoinen<\/p>\n","protected":false},"featured_media":43175,"comment_status":"open","ping_status":"closed","template":"","meta":[],"product_brand":[],"product_cat":[32],"product_tag":[],"class_list":{"0":"post-34499","1":"product","2":"type-product","3":"status-publish","4":"has-post-thumbnail","6":"product_cat-uncategorized-fi","8":"first","9":"instock","10":"shipping-taxable","11":"purchasable","12":"product-type-simple"},"_links":{"self":[{"href":"https:\/\/nordicmart.andreevmaster.com\/fi\/wp-json\/wp\/v2\/product\/34499","targetHints":{"allow":["GET"]}}],"collection":[{"href":"https:\/\/nordicmart.andreevmaster.com\/fi\/wp-json\/wp\/v2\/product"}],"about":[{"href":"https:\/\/nordicmart.andreevmaster.com\/fi\/wp-json\/wp\/v2\/types\/product"}],"replies":[{"embeddable":true,"href":"https:\/\/nordicmart.andreevmaster.com\/fi\/wp-json\/wp\/v2\/comments?post=34499"}],"wp:featuredmedia":[{"embeddable":true,"href":"https:\/\/nordicmart.andreevmaster.com\/fi\/wp-json\/wp\/v2\/media\/43175"}],"wp:attachment":[{"href":"https:\/\/nordicmart.andreevmaster.com\/fi\/wp-json\/wp\/v2\/media?parent=34499"}],"wp:term":[{"taxonomy":"product_brand","embeddable":true,"href":"https:\/\/nordicmart.andreevmaster.com\/fi\/wp-json\/wp\/v2\/product_brand?post=34499"},{"taxonomy":"product_cat","embeddable":true,"href":"https:\/\/nordicmart.andreevmaster.com\/fi\/wp-json\/wp\/v2\/product_cat?post=34499"},{"taxonomy":"product_tag","embeddable":true,"href":"https:\/\/nordicmart.andreevmaster.com\/fi\/wp-json\/wp\/v2\/product_tag?post=34499"}],"curies":[{"name":"wp","href":"https:\/\/api.w.org\/{rel}","templated":true}]}}