{"id":34493,"date":"2026-02-27T00:25:55","date_gmt":"2026-02-27T00:25:55","guid":{"rendered":"https:\/\/nordicmart.andreevmaster.com\/product\/songmics-vapaa-aitaus-pohjalevyilla-leikkikeha-marsujen-aitaus\/"},"modified":"2026-02-27T09:45:28","modified_gmt":"2026-02-27T09:45:28","slug":"songmics-vapaa-aitaus-pohjalevyilla-leikkikeha-marsujen-aitaus","status":"publish","type":"product","link":"https:\/\/nordicmart.andreevmaster.com\/fi\/tuote\/songmics-vapaa-aitaus-pohjalevyilla-leikkikeha-marsujen-aitaus\/","title":{"rendered":"SONGMICS vapaa-aitaus pohjalevyill\u00e4, leikkikeh\u00e4, marsujen aitaus"},"content":{"rendered":"<p>SONGMICS ulkoaitaus pohjalevyill\u00e4, leikkikeh\u00e4, marsuaitaus, muovista, aitaus hamstereille, kaneille, siileille<br \/>\nTekniset tiedot:<br \/>\n&#8211; Koko: 125 x 63 x 42 cm (P x L x K)<br \/>\n&#8211; Paino: 3,5 kg<br \/>\n&#8211; V\u00e4ri: harmaa<br \/>\n&#8211; Materiaali: PP-muovilevyt, ABS-muoviliittimet<\/p>\n","protected":false},"excerpt":{"rendered":"<p>SONGMICS ulkoaitaus pohjalevyill\u00e4, leikkikeh\u00e4, marsuaitaus, muovista, aitaus hamstereille, kaneille, siileille<\/p>\n","protected":false},"featured_media":43169,"comment_status":"open","ping_status":"closed","template":"","meta":[],"product_brand":[],"product_cat":[32],"product_tag":[],"class_list":{"0":"post-34493","1":"product","2":"type-product","3":"status-publish","4":"has-post-thumbnail","6":"product_cat-uncategorized-fi","8":"first","9":"instock","10":"shipping-taxable","11":"purchasable","12":"product-type-simple"},"_links":{"self":[{"href":"https:\/\/nordicmart.andreevmaster.com\/fi\/wp-json\/wp\/v2\/product\/34493","targetHints":{"allow":["GET"]}}],"collection":[{"href":"https:\/\/nordicmart.andreevmaster.com\/fi\/wp-json\/wp\/v2\/product"}],"about":[{"href":"https:\/\/nordicmart.andreevmaster.com\/fi\/wp-json\/wp\/v2\/types\/product"}],"replies":[{"embeddable":true,"href":"https:\/\/nordicmart.andreevmaster.com\/fi\/wp-json\/wp\/v2\/comments?post=34493"}],"wp:featuredmedia":[{"embeddable":true,"href":"https:\/\/nordicmart.andreevmaster.com\/fi\/wp-json\/wp\/v2\/media\/43169"}],"wp:attachment":[{"href":"https:\/\/nordicmart.andreevmaster.com\/fi\/wp-json\/wp\/v2\/media?parent=34493"}],"wp:term":[{"taxonomy":"product_brand","embeddable":true,"href":"https:\/\/nordicmart.andreevmaster.com\/fi\/wp-json\/wp\/v2\/product_brand?post=34493"},{"taxonomy":"product_cat","embeddable":true,"href":"https:\/\/nordicmart.andreevmaster.com\/fi\/wp-json\/wp\/v2\/product_cat?post=34493"},{"taxonomy":"product_tag","embeddable":true,"href":"https:\/\/nordicmart.andreevmaster.com\/fi\/wp-json\/wp\/v2\/product_tag?post=34493"}],"curies":[{"name":"wp","href":"https:\/\/api.w.org\/{rel}","templated":true}]}}