{"id":34492,"date":"2026-02-27T00:25:55","date_gmt":"2026-02-27T00:25:55","guid":{"rendered":"https:\/\/nordicmart.andreevmaster.com\/product\/songmics-yopoyta-2-laatikkoa\/"},"modified":"2026-02-27T09:45:28","modified_gmt":"2026-02-27T09:45:28","slug":"songmics-yopoyta-2-laatikkoa","status":"publish","type":"product","link":"https:\/\/nordicmart.andreevmaster.com\/fi\/tuote\/songmics-yopoyta-2-laatikkoa\/","title":{"rendered":"SONGMICS Y\u00f6p\u00f6yt\u00e4, 2 laatikkoa"},"content":{"rendered":"<p>Pid\u00e4 kaaos kurissa! En\u00e4\u00e4 sinun ei tarvitse kohdata seuraavaa tilannetta: &#8221;\u00c4iti, miss\u00e4 sukat ovat?&#8221;. T\u00e4m\u00e4 suloinen kuutiohylly kannustaa lapsesi siivoamaan huoneensa itse. T\u00e4ss\u00e4 kaapissa on oma paikkansa lasten sukkille, vaatteille, leluille tai kirjoille. L\u00f6yd\u00e4 viel\u00e4 lis\u00e4\u00e4 mahdollisuuksia: t\u00e4m\u00e4 hylly tarjoaa monipuolisia k\u00e4ytt\u00f6mahdollisuuksia. Voit rakentaa sen yksil\u00f6llisesti ja sovittaa huoneeseesi. Kiitos erikoislaatuisten kuvioiden ja raikkaiden v\u00e4rien, lapsesi tulevat ihastumaan t\u00e4h\u00e4n yksisarvisaiheiseen s\u00e4ilytyskuutioon. Tuotetiedot:- V\u00e4ri: valkoinen &#8211; Materiaali: PP-muovilevyt metallikehyksell\u00e4, ABS-muoviliittimet &#8211; Koko (15 kuutiota): 153 x 31 x 153 cm (P x L x K) &#8211; Koko (16 kuutiota): 123 x 31 x 123 cm (P x L x K) &#8211; Koko per kuutio: 30 x 30 x 30 cm (P x L x K) &#8211; Paino: 10,5 kg &#8211; Maks. staattinen kantavuus per kuutio: 10 kg Toimitus sis\u00e4lt\u00e4\u00e4:- 56 x maidonvalkoista muovilevy\u00e4 (30 x 30 cm) &#8211; 16 x kuvioitua ovilevy\u00e4 (30 x 30 cm) &#8211; 52 x valkoista ABS-muoviliitint\u00e4 &#8211; 1 x vasara &#8211; 2 x kaatumissuoja &#8211; 1 x ohjeet SONGMICS Huomautukset:- Kiinnit\u00e4 t\u00e4m\u00e4 tuote sein\u00e4\u00e4n mukana toimitetulla kaatumissuojalla turvallisen k\u00e4yt\u00f6n varmistamiseksi. &#8211; Ei sovellu alle 3-vuotiaille lapsille. Yli 3-vuotiaat lapset saavat k\u00e4ytt\u00e4\u00e4 tuotetta vain aikuisen valvonnassa. &#8211; \u00c4l\u00e4 asenna tuotetta, jos siit\u00e4 puuttuu osia tai se on viallinen. Ota t\u00e4ll\u00f6in v\u00e4litt\u00f6m\u00e4sti yhteytt\u00e4 meihin, jotta voimme l\u00e4hett\u00e4\u00e4 sinulle varaosat.<\/p>\n","protected":false},"excerpt":{"rendered":"<p>SONGMICS hyllyj\u00e4rjestelm\u00e4 16 kuutiolla, lasten s\u00e4ilytyskaappi, vaatekaappi ovilla, muovinen kenk\u00e4hylly, pistokehylly, monik\u00e4ytt\u00f6inen, keng\u00e4t, lelut, 123 x 31 x 123 cm, valkoinen LPC906W01<\/p>\n","protected":false},"featured_media":43168,"comment_status":"open","ping_status":"closed","template":"","meta":[],"product_brand":[],"product_cat":[32],"product_tag":[],"class_list":{"0":"post-34492","1":"product","2":"type-product","3":"status-publish","4":"has-post-thumbnail","6":"product_cat-uncategorized-fi","8":"first","9":"instock","10":"shipping-taxable","11":"purchasable","12":"product-type-simple"},"_links":{"self":[{"href":"https:\/\/nordicmart.andreevmaster.com\/fi\/wp-json\/wp\/v2\/product\/34492","targetHints":{"allow":["GET"]}}],"collection":[{"href":"https:\/\/nordicmart.andreevmaster.com\/fi\/wp-json\/wp\/v2\/product"}],"about":[{"href":"https:\/\/nordicmart.andreevmaster.com\/fi\/wp-json\/wp\/v2\/types\/product"}],"replies":[{"embeddable":true,"href":"https:\/\/nordicmart.andreevmaster.com\/fi\/wp-json\/wp\/v2\/comments?post=34492"}],"wp:featuredmedia":[{"embeddable":true,"href":"https:\/\/nordicmart.andreevmaster.com\/fi\/wp-json\/wp\/v2\/media\/43168"}],"wp:attachment":[{"href":"https:\/\/nordicmart.andreevmaster.com\/fi\/wp-json\/wp\/v2\/media?parent=34492"}],"wp:term":[{"taxonomy":"product_brand","embeddable":true,"href":"https:\/\/nordicmart.andreevmaster.com\/fi\/wp-json\/wp\/v2\/product_brand?post=34492"},{"taxonomy":"product_cat","embeddable":true,"href":"https:\/\/nordicmart.andreevmaster.com\/fi\/wp-json\/wp\/v2\/product_cat?post=34492"},{"taxonomy":"product_tag","embeddable":true,"href":"https:\/\/nordicmart.andreevmaster.com\/fi\/wp-json\/wp\/v2\/product_tag?post=34492"}],"curies":[{"name":"wp","href":"https:\/\/api.w.org\/{rel}","templated":true}]}}