{"id":34491,"date":"2026-02-27T00:25:55","date_gmt":"2026-02-27T00:25:55","guid":{"rendered":"https:\/\/nordicmart.andreevmaster.com\/product\/songmics-hyllyjarjestelma-lapsille-16-kuution-sarja\/"},"modified":"2026-02-27T09:45:28","modified_gmt":"2026-02-27T09:45:28","slug":"songmics-hyllyjarjestelma-lapsille-16-kuution-sarja","status":"publish","type":"product","link":"https:\/\/nordicmart.andreevmaster.com\/fi\/tuote\/songmics-hyllyjarjestelma-lapsille-16-kuution-sarja\/","title":{"rendered":"SONGMICS hyllyj\u00e4rjestelm\u00e4 lapsille, 16 kuution sarja"},"content":{"rendered":"<p>SONGMICS hyllyj\u00e4rjestelm\u00e4 16 kuutiolla, lasten s\u00e4ilytyskaappi, vaatekaappi ovilla, muovinen kenk\u00e4hylly, pistokehylly, monik\u00e4ytt\u00f6inen, keng\u00e4t, lelut, 123 x 31 x 123 cm, valkoinen LPC906W01<br \/>\nV\u00e4ri: vaaleanpunainen<br \/>\nMateriaali: PP-muovilevyt metallikehyksell\u00e4, ABS-muoviliittimet<br \/>\nKoko (15 kuutiota): 153 x 31 x 153 cm (P x L x K)<br \/>\nKoko (16 kuutiota): 123 x 31 x 123 cm (P x L x K)<br \/>\nKoko per kuutio: 30 x 30 x 30 cm (P x L x K)<br \/>\nPaino: 10,5 kg<br \/>\nKuvion enimm\u00e4iskantavuus: 10 kg<br \/>\nPaino: 10,5 kg<br \/>\nSuurin staattinen kantavuus kuutiota kohti: 10 kg<\/p>\n","protected":false},"excerpt":{"rendered":"<p>SONGMICS hyllyj\u00e4rjestelm\u00e4 16 kuutiolla, lasten s\u00e4ilytyskaappi, vaatekaappi ovilla, muovinen kenk\u00e4hylly, pistokehylly, monik\u00e4ytt\u00f6inen, keng\u00e4t, lelut, 123 x 31 x 123 cm, valkoinen LPC906W01<\/p>\n","protected":false},"featured_media":43167,"comment_status":"open","ping_status":"closed","template":"","meta":[],"product_brand":[],"product_cat":[32],"product_tag":[],"class_list":{"0":"post-34491","1":"product","2":"type-product","3":"status-publish","4":"has-post-thumbnail","6":"product_cat-uncategorized-fi","8":"first","9":"instock","10":"shipping-taxable","11":"purchasable","12":"product-type-simple"},"_links":{"self":[{"href":"https:\/\/nordicmart.andreevmaster.com\/fi\/wp-json\/wp\/v2\/product\/34491","targetHints":{"allow":["GET"]}}],"collection":[{"href":"https:\/\/nordicmart.andreevmaster.com\/fi\/wp-json\/wp\/v2\/product"}],"about":[{"href":"https:\/\/nordicmart.andreevmaster.com\/fi\/wp-json\/wp\/v2\/types\/product"}],"replies":[{"embeddable":true,"href":"https:\/\/nordicmart.andreevmaster.com\/fi\/wp-json\/wp\/v2\/comments?post=34491"}],"wp:featuredmedia":[{"embeddable":true,"href":"https:\/\/nordicmart.andreevmaster.com\/fi\/wp-json\/wp\/v2\/media\/43167"}],"wp:attachment":[{"href":"https:\/\/nordicmart.andreevmaster.com\/fi\/wp-json\/wp\/v2\/media?parent=34491"}],"wp:term":[{"taxonomy":"product_brand","embeddable":true,"href":"https:\/\/nordicmart.andreevmaster.com\/fi\/wp-json\/wp\/v2\/product_brand?post=34491"},{"taxonomy":"product_cat","embeddable":true,"href":"https:\/\/nordicmart.andreevmaster.com\/fi\/wp-json\/wp\/v2\/product_cat?post=34491"},{"taxonomy":"product_tag","embeddable":true,"href":"https:\/\/nordicmart.andreevmaster.com\/fi\/wp-json\/wp\/v2\/product_tag?post=34491"}],"curies":[{"name":"wp","href":"https:\/\/api.w.org\/{rel}","templated":true}]}}