{"id":34490,"date":"2026-02-27T00:25:54","date_gmt":"2026-02-27T00:25:54","guid":{"rendered":"https:\/\/nordicmart.andreevmaster.com\/product\/songmics-muovinen-lasten-vaatekaappi\/"},"modified":"2026-02-27T09:45:28","modified_gmt":"2026-02-27T09:45:28","slug":"songmics-muovinen-lasten-vaatekaappi","status":"publish","type":"product","link":"https:\/\/nordicmart.andreevmaster.com\/fi\/tuote\/songmics-muovinen-lasten-vaatekaappi\/","title":{"rendered":"SONGMICS muovinen lasten vaatekaappi"},"content":{"rendered":"<p>Positiivinen vaikutus lapsiin Omaper\u00e4iset kuviot, raikkaat v\u00e4rit ja suloiset kuutiot \u2013 jos lapsesi ovat kiinnostuneita avaruudesta tai oppivat mielell\u00e4\u00e4n leikkim\u00e4ll\u00e4, t\u00e4m\u00e4 vaatekaappi her\u00e4tt\u00e4\u00e4 varmasti innostusta ja kannustaa lapsia k\u00e4ytt\u00e4m\u00e4\u00e4n kuutioita ja siivoamaan tavaransa itse. Huone saa uuden loiston! L\u00f6yd\u00e4 lis\u00e4\u00e4 mahdollisuuksia T\u00e4ss\u00e4 vaatekaapissa on 4 vaatetankoa pienille henkareille ja erilliset kuutiot lelujen, ty\u00f6kalujen ja kenkien s\u00e4ilytt\u00e4miseen. Toisiinsa kiinnittyv\u00e4n rakenteen ansiosta voit koota huonekalun haluamallasi tavalla, jotta se sopii mihin tahansa nurkkaan eri huoneissa, kuten makuuhuoneessa, leikkihuoneessa, eteisess\u00e4 tai muualla. Tuotetiedot:- V\u00e4ri: valkoinen &#8211; Materiaali: PP-muovilevy, metallirunko, ABS-muoviliitin &#8211; Koko: 123 x 41 x 123 cm (P x L x K) &#8211; Koko per kuutio: 30 x 40 x 30 cm (P x L x K) &#8211; Paino: 11 kg &#8211; Kuution enimm\u00e4iskantavuus: 10 kg &#8211; Kokonaiskantavuus: 80 kg Toimitus sis\u00e4lt\u00e4\u00e4: &#8211; 40 x muovilevy (40 x 30 cm) &#8211; 16 x muovilevy (30 x 30 cm)- 16 x ovi (30 x 30 cm) &#8211; 4 x ripustustanko &#8211; 52 x ABS-muoviliitin &#8211; 1 x vasara &#8211; 1 x kaatumissuoja &#8211; 1 x ohjeet (DE, EN, FR, IT, ES) SONGMICS-huomautukset: &#8211; Kiinnit\u00e4 tuote sein\u00e4\u00e4n mukana toimitetulla kaatumissuojalla.- Ei sovellu alle 3-vuotiaille lapsille. Yli 3-vuotiaat lapset saavat k\u00e4ytt\u00e4\u00e4 tuotetta vain aikuisen valvonnassa. &#8211; Kaikki muovilevyt on painettava kokonaan alas asennuksen aikana. Tarkista jokaisen rivin valmistuttua, ett\u00e4 lankakehykset on painettu kokonaan liitoskappaleeseen, jotta tuotteen vakaus paranee.<\/p>\n","protected":false},"excerpt":{"rendered":"<p>SONGMICS vaatekaappi, DIY-s\u00e4ilytyskaappi, ripustettaville vaatteille, s\u00e4ilytys, lapsille, 16 kuutiolla, 4 ripustustangolla, 123 x 41 x 123 cm, valkoinen LPC905W01<\/p>\n","protected":false},"featured_media":43166,"comment_status":"open","ping_status":"closed","template":"","meta":[],"product_brand":[],"product_cat":[32],"product_tag":[],"class_list":{"0":"post-34490","1":"product","2":"type-product","3":"status-publish","4":"has-post-thumbnail","6":"product_cat-uncategorized-fi","8":"first","9":"instock","10":"shipping-taxable","11":"purchasable","12":"product-type-simple"},"_links":{"self":[{"href":"https:\/\/nordicmart.andreevmaster.com\/fi\/wp-json\/wp\/v2\/product\/34490","targetHints":{"allow":["GET"]}}],"collection":[{"href":"https:\/\/nordicmart.andreevmaster.com\/fi\/wp-json\/wp\/v2\/product"}],"about":[{"href":"https:\/\/nordicmart.andreevmaster.com\/fi\/wp-json\/wp\/v2\/types\/product"}],"replies":[{"embeddable":true,"href":"https:\/\/nordicmart.andreevmaster.com\/fi\/wp-json\/wp\/v2\/comments?post=34490"}],"wp:featuredmedia":[{"embeddable":true,"href":"https:\/\/nordicmart.andreevmaster.com\/fi\/wp-json\/wp\/v2\/media\/43166"}],"wp:attachment":[{"href":"https:\/\/nordicmart.andreevmaster.com\/fi\/wp-json\/wp\/v2\/media?parent=34490"}],"wp:term":[{"taxonomy":"product_brand","embeddable":true,"href":"https:\/\/nordicmart.andreevmaster.com\/fi\/wp-json\/wp\/v2\/product_brand?post=34490"},{"taxonomy":"product_cat","embeddable":true,"href":"https:\/\/nordicmart.andreevmaster.com\/fi\/wp-json\/wp\/v2\/product_cat?post=34490"},{"taxonomy":"product_tag","embeddable":true,"href":"https:\/\/nordicmart.andreevmaster.com\/fi\/wp-json\/wp\/v2\/product_tag?post=34490"}],"curies":[{"name":"wp","href":"https:\/\/api.w.org\/{rel}","templated":true}]}}