{"id":34489,"date":"2026-02-27T00:25:54","date_gmt":"2026-02-27T00:25:54","guid":{"rendered":"https:\/\/nordicmart.andreevmaster.com\/product\/songmics-muovinen-pistorasiahylly-lapsille\/"},"modified":"2026-02-27T09:45:27","modified_gmt":"2026-02-27T09:45:27","slug":"songmics-muovinen-pistorasiahylly-lapsille","status":"publish","type":"product","link":"https:\/\/nordicmart.andreevmaster.com\/fi\/tuote\/songmics-muovinen-pistorasiahylly-lapsille\/","title":{"rendered":"SONGMICS muovinen pistorasiahylly lapsille"},"content":{"rendered":"<p>Positiivinen vaikutus lapsiin \u2013 Omaper\u00e4iset kuviot, raikkaat v\u00e4rit ja suloiset kuutiot \u2013 Jos lapsesi ovat kiinnostuneita avaruudesta tai oppivat mielell\u00e4\u00e4n leikkim\u00e4ll\u00e4, t\u00e4m\u00e4 kenk\u00e4kaappi her\u00e4tt\u00e4\u00e4 varmasti innostusta ja kannustaa lapsia siivoamaan tavaransa itse. Huone saa uuden loiston! Tuotetiedot:- V\u00e4ri: valkoinen &#8211; Materiaali: PP-muovilevy, metallirunko, ABS-muoviliitin &#8211; Kahden rivin koko: 83 x 31 x 54 cm (P x L x K) &#8211; Yksitt\u00e4isen rivin koko: 43 x 31 x 105 cm (P x L x K) &#8211; Kunkin lokeron koko: 40 x 30 x 17 cm (P x L x K) &#8211; Paino: 4,4 kg &#8211; Maks. staattinen kantavuus per kuutio: 10 kg &#8211; Maks. staattinen kantavuus yhteens\u00e4: 80 kg Toimitus sis\u00e4lt\u00e4\u00e4: &#8211; 8 x muovilevy (40 x 30 cm) &#8211; 6 x muovilevy (40 x 17 cm) &#8211; 12 x muovilevy (30 x 17 cm) &#8211; 6 x ovi (40 x 17 cm) &#8211; 28 x ABS-muoviliitin &#8211; 1 x vasara &#8211; 1 x kaatumissuoja &#8211; 1 x ohjeet (DE, EN, FR, IT, ES) SONGMICS Huomautukset:- Kiinnit\u00e4 tuote sein\u00e4\u00e4n mukana toimitetulla kaatumissuojalla. &#8211; Ei sovellu alle 3-vuotiaille lapsille. Yli 3-vuotiaat lapset saavat k\u00e4ytt\u00e4\u00e4 tuotetta vain aikuisen valvonnassa. &#8211; Kaikki muovilevyt on painettava kokonaan alas asennuksen aikana. Tarkista jokaisen rivin valmistuttua, ett\u00e4 lankakehykset on painettu kokonaan liitoskappaleeseen tuotteen vakauden parantamiseksi.<\/p>\n","protected":false},"excerpt":{"rendered":"<p>SONGMICS lasten kenk\u00e4hylly, s\u00e4ilytyskaappi, kenkien j\u00e4rjestelij\u00e4, lapsille, 6 lokeroa, muovilevyill\u00e4, vaatekaappi ovilla, 43 x 31 x 105 cm, valkoinen LPC904W01<\/p>\n","protected":false},"featured_media":43165,"comment_status":"open","ping_status":"closed","template":"","meta":[],"product_brand":[],"product_cat":[32],"product_tag":[],"class_list":{"0":"post-34489","1":"product","2":"type-product","3":"status-publish","4":"has-post-thumbnail","6":"product_cat-uncategorized-fi","8":"first","9":"instock","10":"shipping-taxable","11":"purchasable","12":"product-type-simple"},"_links":{"self":[{"href":"https:\/\/nordicmart.andreevmaster.com\/fi\/wp-json\/wp\/v2\/product\/34489","targetHints":{"allow":["GET"]}}],"collection":[{"href":"https:\/\/nordicmart.andreevmaster.com\/fi\/wp-json\/wp\/v2\/product"}],"about":[{"href":"https:\/\/nordicmart.andreevmaster.com\/fi\/wp-json\/wp\/v2\/types\/product"}],"replies":[{"embeddable":true,"href":"https:\/\/nordicmart.andreevmaster.com\/fi\/wp-json\/wp\/v2\/comments?post=34489"}],"wp:featuredmedia":[{"embeddable":true,"href":"https:\/\/nordicmart.andreevmaster.com\/fi\/wp-json\/wp\/v2\/media\/43165"}],"wp:attachment":[{"href":"https:\/\/nordicmart.andreevmaster.com\/fi\/wp-json\/wp\/v2\/media?parent=34489"}],"wp:term":[{"taxonomy":"product_brand","embeddable":true,"href":"https:\/\/nordicmart.andreevmaster.com\/fi\/wp-json\/wp\/v2\/product_brand?post=34489"},{"taxonomy":"product_cat","embeddable":true,"href":"https:\/\/nordicmart.andreevmaster.com\/fi\/wp-json\/wp\/v2\/product_cat?post=34489"},{"taxonomy":"product_tag","embeddable":true,"href":"https:\/\/nordicmart.andreevmaster.com\/fi\/wp-json\/wp\/v2\/product_tag?post=34489"}],"curies":[{"name":"wp","href":"https:\/\/api.w.org\/{rel}","templated":true}]}}