{"id":34488,"date":"2026-02-27T00:25:54","date_gmt":"2026-02-27T00:25:54","guid":{"rendered":"https:\/\/nordicmart.andreevmaster.com\/product\/songmics-muovinen-hyllyjarjestelma\/"},"modified":"2026-02-27T09:45:27","modified_gmt":"2026-02-27T09:45:27","slug":"songmics-muovinen-hyllyjarjestelma","status":"publish","type":"product","link":"https:\/\/nordicmart.andreevmaster.com\/fi\/tuote\/songmics-muovinen-hyllyjarjestelma\/","title":{"rendered":"SONGMICS muovinen hyllyj\u00e4rjestelm\u00e4"},"content":{"rendered":"<p>Todellinen katseenvangitsija Ainutlaatuiset kuviot, suloiset v\u00e4rit \u2013 Lahjoita lapsillesi t\u00e4m\u00e4 avaruusaiheinen hylly, jotta he voivat antaa mielikuvituksensa lent\u00e4\u00e4 \u2013 Pienet tutkimusmatkailijat pit\u00e4v\u00e4t matkaa avaruuteen todella siistin\u00e4! L\u00f6yd\u00e4 viel\u00e4 enemm\u00e4n mahdollisuuksia T\u00e4m\u00e4 pistokehikko tarjoaa monipuolisia k\u00e4ytt\u00f6mahdollisuuksia. Voit koota sen yksil\u00f6llisesti ja mukauttaa sen tilaasi. S\u00f6p\u00f6t avaruusaiheiset kuviot kannustavat lapsia siivoamaan ja toimivat vihjein\u00e4 siit\u00e4, mihin lokeroon kukin esine kuuluu. T\u00dcV-testattu laatu T\u00dcV Rheinlandin seuraavissa testeiss\u00e4 ei havaittu vaarallista \u201d19 tuotteen osan vapautumista\u201d standardin EN 71-3:2019 mukaisesti eik\u00e4 \u201dalumiinin vapautumista\u201d komission direktiivin (EU) 2019\/1922, lis\u00e4ys direktiiviin 2009\/48\/EY (raportti nro: 244235596a 001). Tuotetiedot: &#8211; V\u00e4ri: valkoinen &#8211; Materiaali: PP-muovilevyt metallikehyksell\u00e4, ABS-muoviliittimet &#8211; Koko: 123 x 31 x 123 cm (P x L x K) &#8211; Koon per kuutio: 30 x 30 x 30 cm (P x L x K) &#8211; Paino: 7,2 kg &#8211; Maks. staattinen kuormitus per kuutio: 10 kg &#8211; Maks. staattinen kokonaiskuormitus: 80 kg SONGMICS-ohjeet:- Kiinnit\u00e4 t\u00e4m\u00e4 tuote sein\u00e4\u00e4n mukana toimitetulla kaatumissuojalla turvallisen k\u00e4yt\u00f6n varmistamiseksi. &#8211; Ei sovellu alle 3-vuotiaille lapsille. Yli 3-vuotiaat lapset saavat k\u00e4ytt\u00e4\u00e4 tuotetta vain aikuisen valvonnassa. &#8211; Kaikki muovilevyt on painettava kokonaan alas asennuksen aikana. Tarkista jokaisen rivin valmistuttua, ett\u00e4 lankakehykset on painettu kokonaan liitoskappaleeseen tuotteen vakauden parantamiseksi.<\/p>\n","protected":false},"excerpt":{"rendered":"<p>SONGMICS hyllyj\u00e4rjestelm\u00e4, 10 kuutiota, lasten s\u00e4ilytyskaappi, hylly, muovinen kenk\u00e4hylly, vaatekaappi ovilla, kengille, leluille, 123 x 31 x 123 cm, valkoinen LPC903W01<\/p>\n","protected":false},"featured_media":43164,"comment_status":"open","ping_status":"closed","template":"","meta":[],"product_brand":[],"product_cat":[32],"product_tag":[],"class_list":{"0":"post-34488","1":"product","2":"type-product","3":"status-publish","4":"has-post-thumbnail","6":"product_cat-uncategorized-fi","8":"first","9":"instock","10":"shipping-taxable","11":"purchasable","12":"product-type-simple"},"_links":{"self":[{"href":"https:\/\/nordicmart.andreevmaster.com\/fi\/wp-json\/wp\/v2\/product\/34488","targetHints":{"allow":["GET"]}}],"collection":[{"href":"https:\/\/nordicmart.andreevmaster.com\/fi\/wp-json\/wp\/v2\/product"}],"about":[{"href":"https:\/\/nordicmart.andreevmaster.com\/fi\/wp-json\/wp\/v2\/types\/product"}],"replies":[{"embeddable":true,"href":"https:\/\/nordicmart.andreevmaster.com\/fi\/wp-json\/wp\/v2\/comments?post=34488"}],"wp:featuredmedia":[{"embeddable":true,"href":"https:\/\/nordicmart.andreevmaster.com\/fi\/wp-json\/wp\/v2\/media\/43164"}],"wp:attachment":[{"href":"https:\/\/nordicmart.andreevmaster.com\/fi\/wp-json\/wp\/v2\/media?parent=34488"}],"wp:term":[{"taxonomy":"product_brand","embeddable":true,"href":"https:\/\/nordicmart.andreevmaster.com\/fi\/wp-json\/wp\/v2\/product_brand?post=34488"},{"taxonomy":"product_cat","embeddable":true,"href":"https:\/\/nordicmart.andreevmaster.com\/fi\/wp-json\/wp\/v2\/product_cat?post=34488"},{"taxonomy":"product_tag","embeddable":true,"href":"https:\/\/nordicmart.andreevmaster.com\/fi\/wp-json\/wp\/v2\/product_tag?post=34488"}],"curies":[{"name":"wp","href":"https:\/\/api.w.org\/{rel}","templated":true}]}}