{"id":34487,"date":"2026-02-27T00:25:53","date_gmt":"2026-02-27T00:25:53","guid":{"rendered":"https:\/\/nordicmart.andreevmaster.com\/product\/songmics-lasten-sailytyskaappi\/"},"modified":"2026-02-27T09:45:27","modified_gmt":"2026-02-27T09:45:27","slug":"songmics-lasten-sailytyskaappi","status":"publish","type":"product","link":"https:\/\/nordicmart.andreevmaster.com\/fi\/tuote\/songmics-lasten-sailytyskaappi\/","title":{"rendered":"SONGMICS lasten s\u00e4ilytyskaappi"},"content":{"rendered":"<p>Pid\u00e4 kaaos kurissa! En\u00e4\u00e4 sinun ei tarvitse kohdata seuraavaa tilannetta: &#8221;\u00c4iti, miss\u00e4 sukat ovat?&#8221;. T\u00e4m\u00e4 suloinen kuutiohylly kannustaa lapsesi siivoamaan huoneensa itse. T\u00e4ss\u00e4 kaapissa on oma paikkansa lasten sukkille, vaatteille, leluille tai kirjoille. L\u00f6yd\u00e4 viel\u00e4 enemm\u00e4n mahdollisuuksia T\u00e4m\u00e4 hylly tarjoaa monipuolisia k\u00e4ytt\u00f6mahdollisuuksia. Voit koota sen yksil\u00f6llisesti ja mukauttaa sen tilaan sopivaksi. Lahjoita lapsillesi t\u00e4m\u00e4 avaruusaiheinen hylly, jotta he voivat antaa mielikuvituksensa lent\u00e4\u00e4. Pienet tutkimusmatkailijat pit\u00e4v\u00e4t avaruusmatkaa todella siistin\u00e4! Tuotetiedot: &#8211; V\u00e4ri: maidonvalkoinen, v\u00e4rik\u00e4s kuvio (avaruusaihe) &#8211; Materiaali: PP-muovilevyt metallikehyksell\u00e4, ABS-muoviliittimet &#8211; Koko: 123 x 31 x 123 cm (P x L x K) &#8211; Koko per kuutio: 30 x 30 x 30 cm (P x L x K) &#8211; Paino: 10,5 kg &#8211; Kuution maks. staattinen kantavuus: 10 kgToimitus sis\u00e4lt\u00e4\u00e4:- 56 x muovilevy maidonvalkoisena (30 x 30 cm) &#8211; 15 x ovilevy kuviolla (30 x 30 cm) &#8211; 52 x ABS-muoviliitin valkoisena &#8211; 1 x vasara &#8211; 2 x kaatumissuoja &#8211; 1 x ohjeet (DE, EN, FR, ES, IT) SONGMICS Huomautukset:- Kiinnit\u00e4 t\u00e4m\u00e4 tuote sein\u00e4\u00e4n mukana toimitetulla kaatumissuojalla turvallisen k\u00e4yt\u00f6n varmistamiseksi. &#8211; Ei sovellu alle 3-vuotiaille lapsille. Yli 3-vuotiaat lapset saavat k\u00e4ytt\u00e4\u00e4 tuotetta vain aikuisen valvonnassa. &#8211; \u00c4l\u00e4 asenna tuotetta, jos siit\u00e4 puuttuu osia tai se on viallinen. Ota t\u00e4ll\u00f6in v\u00e4litt\u00f6m\u00e4sti yhteytt\u00e4 meihin, jotta voimme l\u00e4hett\u00e4\u00e4 sinulle varaosat. Tuotekuvaus<\/p>\n","protected":false},"excerpt":{"rendered":"<p>SONGMICS hyllyj\u00e4rjestelm\u00e4, 15 kuutiota, lasten s\u00e4ilytyskaappi, pistokehylly, muovinen kenk\u00e4hylly, vaatekaappi ovilla, monik\u00e4ytt\u00f6inen, keng\u00e4t, lelut, 123 x 31 x 123 cm, valkoinen LPC902W<\/p>\n","protected":false},"featured_media":43163,"comment_status":"open","ping_status":"closed","template":"","meta":[],"product_brand":[],"product_cat":[32],"product_tag":[],"class_list":{"0":"post-34487","1":"product","2":"type-product","3":"status-publish","4":"has-post-thumbnail","6":"product_cat-uncategorized-fi","8":"first","9":"instock","10":"shipping-taxable","11":"purchasable","12":"product-type-simple"},"_links":{"self":[{"href":"https:\/\/nordicmart.andreevmaster.com\/fi\/wp-json\/wp\/v2\/product\/34487","targetHints":{"allow":["GET"]}}],"collection":[{"href":"https:\/\/nordicmart.andreevmaster.com\/fi\/wp-json\/wp\/v2\/product"}],"about":[{"href":"https:\/\/nordicmart.andreevmaster.com\/fi\/wp-json\/wp\/v2\/types\/product"}],"replies":[{"embeddable":true,"href":"https:\/\/nordicmart.andreevmaster.com\/fi\/wp-json\/wp\/v2\/comments?post=34487"}],"wp:featuredmedia":[{"embeddable":true,"href":"https:\/\/nordicmart.andreevmaster.com\/fi\/wp-json\/wp\/v2\/media\/43163"}],"wp:attachment":[{"href":"https:\/\/nordicmart.andreevmaster.com\/fi\/wp-json\/wp\/v2\/media?parent=34487"}],"wp:term":[{"taxonomy":"product_brand","embeddable":true,"href":"https:\/\/nordicmart.andreevmaster.com\/fi\/wp-json\/wp\/v2\/product_brand?post=34487"},{"taxonomy":"product_cat","embeddable":true,"href":"https:\/\/nordicmart.andreevmaster.com\/fi\/wp-json\/wp\/v2\/product_cat?post=34487"},{"taxonomy":"product_tag","embeddable":true,"href":"https:\/\/nordicmart.andreevmaster.com\/fi\/wp-json\/wp\/v2\/product_tag?post=34487"}],"curies":[{"name":"wp","href":"https:\/\/api.w.org\/{rel}","templated":true}]}}