{"id":34486,"date":"2026-02-27T00:25:53","date_gmt":"2026-02-27T00:25:53","guid":{"rendered":"https:\/\/nordicmart.andreevmaster.com\/product\/songmics-diy-pistokehysjarjestelma-14-lokeroa-valkoinen\/"},"modified":"2026-02-27T09:45:27","modified_gmt":"2026-02-27T09:45:27","slug":"songmics-diy-pistokehysjarjestelma-14-lokeroa-valkoinen","status":"publish","type":"product","link":"https:\/\/nordicmart.andreevmaster.com\/fi\/tuote\/songmics-diy-pistokehysjarjestelma-14-lokeroa-valkoinen\/","title":{"rendered":"SONGMICS DIY-pistokehysj\u00e4rjestelm\u00e4 14 lokeroa valkoinen"},"content":{"rendered":"<p>Vakaus on etusijalla: t\u00e4m\u00e4n hyllyj\u00e4rjestelm\u00e4n PP-muovilevyt on kiinnitetty toisiinsa korkealaatuisilla liitoskappaleilla, mik\u00e4 takaa hyv\u00e4n kantavuuden. Jokainen lokero kest\u00e4\u00e4 10 kg:n painon. Voit siis s\u00e4ilytt\u00e4\u00e4 siin\u00e4 vaatteita, kenki\u00e4, leluja tai laukkuja ilman ongelmia. Hyllyn vakautta lis\u00e4\u00e4v\u00e4t my\u00f6s mukana toimitetut kaksi kaatumisenestohihnaa. Kaikki tarvittavat ty\u00f6kalut mukana: Asennuksen helpottamiseksi toimitamme kaiken tarvittavan, mukaan lukien kumivasaran. Seuraa vain ohjeita tai asennusvideota ja kokoa hylly vaihe vaiheelta. N\u00e4in asennus sujuu hetkess\u00e4. Tuotetiedot: V\u00e4ri: Puolil\u00e4pin\u00e4kyv\u00e4 valkoinen Materiaali: PP-muovilevyt metallilankakehyksell\u00e4, PC-ABS-seosmuoviset liitoskappaleet Koko: 63 x 31 x 93 cm (P x L x K) Paino: 6,4 kg Maks. staattinen kantavuus kuutiota kohti: 10 kg Toimitus sis\u00e4lt\u00e4\u00e4: 15 x muovilevy (30 x 30 cm)13 x muovilevy, jossa on lovet (30 x 30 cm) 3 x muovilevy (30 x 15 cm) 24 x py\u00f6re\u00e4 liitoskappale 20 x T-muotoinen liitoskappale 6 x ristimuotoinen liitoskappale 1 x kumivasara 2 x kaatumisenestohihna 1 x ohjeet (DE, EN, FR, ES, IT) SONGMICS Huomautukset:Pid\u00e4 lapset poissa pienist\u00e4 osista mahdollisten vaarojen v\u00e4ltt\u00e4miseksi. Kaikki muovilevyt on painettava kokonaan alas asennuksen aikana. Tarkista my\u00f6s, ett\u00e4 lankakehykset on painettu kokonaan liitoskappaleeseen tuotteen vakauden parantamiseksi.<\/p>\n","protected":false},"excerpt":{"rendered":"<p>SONGMICS kuutiohylly, muovinen hyllyj\u00e4rjestelm\u00e4, pistokehylly, tilaa s\u00e4\u00e4st\u00e4v\u00e4, vaatteiden, lelujen, pukeutumishuoneen, olohuoneen, makuuhuoneen s\u00e4ilytys, valkoinen LPC601W<\/p>\n","protected":false},"featured_media":43162,"comment_status":"open","ping_status":"closed","template":"","meta":[],"product_brand":[],"product_cat":[32],"product_tag":[],"class_list":{"0":"post-34486","1":"product","2":"type-product","3":"status-publish","4":"has-post-thumbnail","6":"product_cat-uncategorized-fi","8":"first","9":"instock","10":"shipping-taxable","11":"purchasable","12":"product-type-simple"},"_links":{"self":[{"href":"https:\/\/nordicmart.andreevmaster.com\/fi\/wp-json\/wp\/v2\/product\/34486","targetHints":{"allow":["GET"]}}],"collection":[{"href":"https:\/\/nordicmart.andreevmaster.com\/fi\/wp-json\/wp\/v2\/product"}],"about":[{"href":"https:\/\/nordicmart.andreevmaster.com\/fi\/wp-json\/wp\/v2\/types\/product"}],"replies":[{"embeddable":true,"href":"https:\/\/nordicmart.andreevmaster.com\/fi\/wp-json\/wp\/v2\/comments?post=34486"}],"wp:featuredmedia":[{"embeddable":true,"href":"https:\/\/nordicmart.andreevmaster.com\/fi\/wp-json\/wp\/v2\/media\/43162"}],"wp:attachment":[{"href":"https:\/\/nordicmart.andreevmaster.com\/fi\/wp-json\/wp\/v2\/media?parent=34486"}],"wp:term":[{"taxonomy":"product_brand","embeddable":true,"href":"https:\/\/nordicmart.andreevmaster.com\/fi\/wp-json\/wp\/v2\/product_brand?post=34486"},{"taxonomy":"product_cat","embeddable":true,"href":"https:\/\/nordicmart.andreevmaster.com\/fi\/wp-json\/wp\/v2\/product_cat?post=34486"},{"taxonomy":"product_tag","embeddable":true,"href":"https:\/\/nordicmart.andreevmaster.com\/fi\/wp-json\/wp\/v2\/product_tag?post=34486"}],"curies":[{"name":"wp","href":"https:\/\/api.w.org\/{rel}","templated":true}]}}