{"id":34485,"date":"2026-02-27T00:25:53","date_gmt":"2026-02-27T00:25:53","guid":{"rendered":"https:\/\/nordicmart.andreevmaster.com\/product\/songmics-kenkahylly-30-lokerolla\/"},"modified":"2026-02-27T09:45:27","modified_gmt":"2026-02-27T09:45:27","slug":"songmics-kenkahylly-30-lokerolla","status":"publish","type":"product","link":"https:\/\/nordicmart.andreevmaster.com\/fi\/tuote\/songmics-kenkahylly-30-lokerolla\/","title":{"rendered":"SONGMICS kenk\u00e4hylly 30 lokerolla"},"content":{"rendered":"<p>T\u00e4m\u00e4n kenk\u00e4hyllyn kohokohdat: &#8211; Muovilevyt on helppo puhdistaa. &#8211; Avoimet lokerot est\u00e4v\u00e4t ep\u00e4miellytt\u00e4vien hajujen muodostumisen. &#8211; S\u00e4\u00e4dett\u00e4v\u00e4t v\u00e4lisein\u00e4t; erikokoiset keng\u00e4t \u2013 kuten saappaat, lenkkarit tai korkokeng\u00e4t \u2013 sopivat t\u00e4ydellisesti t\u00e4h\u00e4n hyllyyn. &#8211; 30 lokeroa; suuri kapasiteetti; sopii v\u00e4hint\u00e4\u00e4n 30 parille kenki\u00e4.- Mukana toimitettu kaatumissuoja tarjoaa lis\u00e4 turvallisuutta. &#8211; Auttaa sinua s\u00e4ilytt\u00e4m\u00e4\u00e4n kenki\u00e4 eteisess\u00e4 tai vaatteita ja leluja makuuhuoneessa. Tuotetiedot: &#8211; V\u00e4ri: puolil\u00e4pin\u00e4kyv\u00e4 valkoinen &#8211; Materiaali: PP-muovilevyt, metallilankakehys, ABS-muoviliittimet &#8211; Koko: 91 x 31 x 123 cm (P x L x K) &#8211; Koon koko (4 eri kokoa): 22 x 30 x 13,3 cm (P x L x K) 22 x 30 x 20 cm (P x L x K) 22 x 30 x 26,6 cm (P x L x K) 22 x 30 x 40 cm (P x L x K) &#8211; Paino: 8,7 kg &#8211; Maks. staattinen kantavuus lokeroa kohti: 10 kg &#8211; Maks. staattinen kantavuus yhteens\u00e4: 80 kg Toimitus sis\u00e4lt\u00e4\u00e4:- 15 x muovilevy (40 x 30 cm)- 12 x muovilevy (40 x 22 cm)- 34 x muovilevy (30 x 22 cm)- 40 x liitoskappale- 72 x yksitt\u00e4inen koukku- 18 x kaksoiskoukku- 1 x kaatumissuoja- 1 x vasara- 1 x ohjeet (DE, FR, EN, ES, IT)SONGMICS Huomautukset:- Tuotteen suurin staattinen kantavuus on 80 kg. \u00c4l\u00e4 ylit\u00e4 t\u00e4t\u00e4 enimm\u00e4ispainoa.- Kiinnit\u00e4 t\u00e4m\u00e4 tuote sein\u00e4\u00e4n mukana toimitetulla kaatumissuojalla turvallisen k\u00e4yt\u00f6n varmistamiseksi.- Kaikki t\u00e4m\u00e4n tuotteen asennukseen tarvittavat tarvikkeet sis\u00e4ltyv\u00e4t toimitukseen.<\/p>\n","protected":false},"excerpt":{"rendered":"<p>SONGMICS kenk\u00e4hylly, 30 lokeroa, hyllyj\u00e4rjestelm\u00e4, pistokehylly, 91 x 31 x 123 cm, s\u00e4\u00e4dett\u00e4v\u00e4t v\u00e4lisein\u00e4t, kenkien ja vaatteiden s\u00e4ilytys, monik\u00e4ytt\u00f6inen hylly, puolil\u00e4pin\u00e4kyv\u00e4 valkoinen LPC505W<\/p>\n","protected":false},"featured_media":43161,"comment_status":"open","ping_status":"closed","template":"","meta":[],"product_brand":[],"product_cat":[32],"product_tag":[],"class_list":{"0":"post-34485","1":"product","2":"type-product","3":"status-publish","4":"has-post-thumbnail","6":"product_cat-uncategorized-fi","8":"first","9":"instock","10":"shipping-taxable","11":"purchasable","12":"product-type-simple"},"_links":{"self":[{"href":"https:\/\/nordicmart.andreevmaster.com\/fi\/wp-json\/wp\/v2\/product\/34485","targetHints":{"allow":["GET"]}}],"collection":[{"href":"https:\/\/nordicmart.andreevmaster.com\/fi\/wp-json\/wp\/v2\/product"}],"about":[{"href":"https:\/\/nordicmart.andreevmaster.com\/fi\/wp-json\/wp\/v2\/types\/product"}],"replies":[{"embeddable":true,"href":"https:\/\/nordicmart.andreevmaster.com\/fi\/wp-json\/wp\/v2\/comments?post=34485"}],"wp:featuredmedia":[{"embeddable":true,"href":"https:\/\/nordicmart.andreevmaster.com\/fi\/wp-json\/wp\/v2\/media\/43161"}],"wp:attachment":[{"href":"https:\/\/nordicmart.andreevmaster.com\/fi\/wp-json\/wp\/v2\/media?parent=34485"}],"wp:term":[{"taxonomy":"product_brand","embeddable":true,"href":"https:\/\/nordicmart.andreevmaster.com\/fi\/wp-json\/wp\/v2\/product_brand?post=34485"},{"taxonomy":"product_cat","embeddable":true,"href":"https:\/\/nordicmart.andreevmaster.com\/fi\/wp-json\/wp\/v2\/product_cat?post=34485"},{"taxonomy":"product_tag","embeddable":true,"href":"https:\/\/nordicmart.andreevmaster.com\/fi\/wp-json\/wp\/v2\/product_tag?post=34485"}],"curies":[{"name":"wp","href":"https:\/\/api.w.org\/{rel}","templated":true}]}}