{"id":34483,"date":"2026-02-27T00:25:52","date_gmt":"2026-02-27T00:25:52","guid":{"rendered":"https:\/\/nordicmart.andreevmaster.com\/product\/songmics-diy-pistokehysjarjestelma-18-lokeroa-valkoinen\/"},"modified":"2026-02-27T09:45:26","modified_gmt":"2026-02-27T09:45:26","slug":"songmics-diy-pistokehysjarjestelma-18-lokeroa-valkoinen","status":"publish","type":"product","link":"https:\/\/nordicmart.andreevmaster.com\/fi\/tuote\/songmics-diy-pistokehysjarjestelma-18-lokeroa-valkoinen\/","title":{"rendered":"SONGMICS DIY-pistokehysj\u00e4rjestelm\u00e4 18 lokeroa Valkoinen"},"content":{"rendered":"<p>Vakaus on etusijalla: t\u00e4m\u00e4n hyllyj\u00e4rjestelm\u00e4n PP-muovilevyt on kiinnitetty toisiinsa korkealaatuisilla liitoskappaleilla, mik\u00e4 takaa hyv\u00e4n kantavuuden. Jokainen lokero kest\u00e4\u00e4 5 kg:n painon. Voit siis s\u00e4ilytt\u00e4\u00e4 vaatteita, kenki\u00e4, leluja tai laukkuja ongelmitta. Hyllyn vakautta lis\u00e4\u00e4v\u00e4t my\u00f6s mukana toimitetut kaksi kaatumisenestohihnaa.Asennus on helppoa: t\u00e4m\u00e4n hyllyj\u00e4rjestelm\u00e4n kokoaminen on yht\u00e4 helppoa kuin rakennuspalikoilla leikkiminen ja se on hauskaa. Aseta levyt liitoskappaleiden syvennyksiin, koputtele niit\u00e4 mukana toimitetulla kumivasaralla kevyesti ja napsauta v\u00e4lisein\u00e4t koukkuihin \u2013 ja kokoaminen on valmis! Tuotetiedot:V\u00e4ri: puolil\u00e4pin\u00e4kyv\u00e4 valkoinen Materiaali: PP-muovilevyt metallilankakehyksell\u00e4, liitoskappaleet ABS-muovia Koko: 123 x 31 x 93 cm (P x L x K) Paino: 7,7 kg Maks. staattinen kuormituskyky kuutiota kohti: 5 kgToimitus sis\u00e4lt\u00e4\u00e4:30 x muovilevy (40 x 30 cm)13 x muovilevy (30 x 30 cm)34 x ABS-muovista valmistettu liitoskappale12 x yksitt\u00e4inen koukku12 x kaksoiskoukku1 x kumivasara2 x kaatumisenestohihna1 x ohjeet (DE, EN, FR, ES, IT)SONGMICS-huomautukset:T\u00e4m\u00e4 tuote voidaan koota eri muodoissa, mutta vain yksitt\u00e4isten osien m\u00e4\u00e4r\u00e4n rajoissa. Pid\u00e4 lapset poissa pienist\u00e4 osista mahdollisten vaarojen v\u00e4ltt\u00e4miseksi. Kaikki muovilevyt on painettava kokonaan alas asennuksen aikana. Tarkista my\u00f6s, ett\u00e4 lankakehykset on painettu kokonaan liitoskappaleeseen tuotteen vakauden lis\u00e4\u00e4miseksi.<\/p>\n","protected":false},"excerpt":{"rendered":"<p>SONGMICS kuutiohylly, kenk\u00e4hylly, muovinen hyllyj\u00e4rjestelm\u00e4, v\u00e4liseinill\u00e4, kumivasara mukana, pukeutumishuoneeseen, olohuoneeseen, makuuhuoneeseen, valkoinen LPC501W<\/p>\n","protected":false},"featured_media":43159,"comment_status":"open","ping_status":"closed","template":"","meta":[],"product_brand":[],"product_cat":[32],"product_tag":[],"class_list":{"0":"post-34483","1":"product","2":"type-product","3":"status-publish","4":"has-post-thumbnail","6":"product_cat-uncategorized-fi","8":"first","9":"instock","10":"shipping-taxable","11":"purchasable","12":"product-type-simple"},"_links":{"self":[{"href":"https:\/\/nordicmart.andreevmaster.com\/fi\/wp-json\/wp\/v2\/product\/34483","targetHints":{"allow":["GET"]}}],"collection":[{"href":"https:\/\/nordicmart.andreevmaster.com\/fi\/wp-json\/wp\/v2\/product"}],"about":[{"href":"https:\/\/nordicmart.andreevmaster.com\/fi\/wp-json\/wp\/v2\/types\/product"}],"replies":[{"embeddable":true,"href":"https:\/\/nordicmart.andreevmaster.com\/fi\/wp-json\/wp\/v2\/comments?post=34483"}],"wp:featuredmedia":[{"embeddable":true,"href":"https:\/\/nordicmart.andreevmaster.com\/fi\/wp-json\/wp\/v2\/media\/43159"}],"wp:attachment":[{"href":"https:\/\/nordicmart.andreevmaster.com\/fi\/wp-json\/wp\/v2\/media?parent=34483"}],"wp:term":[{"taxonomy":"product_brand","embeddable":true,"href":"https:\/\/nordicmart.andreevmaster.com\/fi\/wp-json\/wp\/v2\/product_brand?post=34483"},{"taxonomy":"product_cat","embeddable":true,"href":"https:\/\/nordicmart.andreevmaster.com\/fi\/wp-json\/wp\/v2\/product_cat?post=34483"},{"taxonomy":"product_tag","embeddable":true,"href":"https:\/\/nordicmart.andreevmaster.com\/fi\/wp-json\/wp\/v2\/product_tag?post=34483"}],"curies":[{"name":"wp","href":"https:\/\/api.w.org\/{rel}","templated":true}]}}