{"id":34482,"date":"2026-02-27T00:25:52","date_gmt":"2026-02-27T00:25:52","guid":{"rendered":"https:\/\/nordicmart.andreevmaster.com\/product\/songmics-pistokehysjarjestelma-32-kuutiota-valkoinen\/"},"modified":"2026-02-27T09:45:26","modified_gmt":"2026-02-27T09:45:26","slug":"songmics-pistokehysjarjestelma-32-kuutiota-valkoinen","status":"publish","type":"product","link":"https:\/\/nordicmart.andreevmaster.com\/fi\/tuote\/songmics-pistokehysjarjestelma-32-kuutiota-valkoinen\/","title":{"rendered":"SONGMICS-pistokehysj\u00e4rjestelm\u00e4 32 kuutiota, valkoinen"},"content":{"rendered":"<p>Onko sinulla seuraava ongelma: &#8221;Kuinka voin s\u00e4ilytt\u00e4\u00e4 kaikki kenk\u00e4ni siististi pieness\u00e4 asunnossani?&#8221; T\u00e4m\u00e4 SONGMICS:n 32 kuution kenk\u00e4hylly on fiksu ratkaisu t\u00e4h\u00e4n ongelmaan! Sen avulla voit sanoa hyv\u00e4stit kenk\u00e4kaaokselle ja l\u00f6yt\u00e4\u00e4 joka aamu nopeasti asuusi sopivat keng\u00e4t. Vakauden ensisijaisuus: T\u00e4m\u00e4 s\u00e4ilytysratkaisu on valmistettu korkealaatuisista PP-muovilevyist\u00e4, ABS-muoviliittimist\u00e4 ja rautalankakehyksest\u00e4, joten se on vakaa s\u00e4ilytysratkaisu kengillesi.K\u00e4tev\u00e4 apulainen: t\u00e4m\u00e4 toisiinsa kiinnittyv\u00e4 hyllyj\u00e4rjestelm\u00e4 tarjoaa monipuolisia k\u00e4ytt\u00f6mahdollisuuksia. Voit koota kuutiot tarpeen mukaan, jotta s\u00e4ilytysratkaisu sopii optimaalisesti tiloihisi. On my\u00f6s mahdollista koota useita pieni\u00e4 hyllyj\u00e4, jotta jokaisessa huoneessa on oma s\u00e4ilytysratkaisunsa. Yksinkertaisen ja modernin muotoilunsa ansiosta t\u00e4m\u00e4 kenk\u00e4kaappi sopii hyvin my\u00f6s olohuoneeseen, lastenhuoneeseen, autotalliin tai kellariin. Tuotetiedot: V\u00e4ri: puolil\u00e4pin\u00e4kyv\u00e4 valkoinen Materiaali: PP-muovilevyt metallilankakehyksell\u00e4, ABS-muoviliittimet Mitat: 90 x 36 x 178 cm (P x L x K) Paino: 14,5 kg Enimm\u00e4iskuormitus per kuutio: 4,5 kg Toimitus sis\u00e4lt\u00e4\u00e4: 76 x muovilevy\u00e4 puolil\u00e4pin\u00e4kyv\u00e4\u00e4 valkoista (35 x 22 cm) 32 x muovilevy\u00e4 puolil\u00e4pin\u00e4kyv\u00e4\u00e4 valkoista (22 x 22 cm) 96 x ABS-muoviliitint\u00e4 mustaa 1 x kumivasara 2 x kaatumissuoja 1 x ohjeet (DE, EN, FR, ES, IT)SONGMICS Huomautukset:Tuote ei saa joutua kosketuksiin ter\u00e4vien esineiden kanssa. Lis\u00e4ksi se on pidett\u00e4v\u00e4 poissa syttymisl\u00e4hteist\u00e4.\u00c4l\u00e4 istu tuotteen p\u00e4\u00e4lle. \u00c4l\u00e4 my\u00f6sk\u00e4\u00e4n j\u00e4t\u00e4 tuotetta pitk\u00e4ksi aikaa ulos, jotta se ei vahingoitu s\u00e4\u00e4olosuhteiden vaikutuksesta.Kaikki muovilevyt on painettava kokonaan alas asennuksen aikana. Tarkista jokaisen rivin valmistuttua, ett\u00e4 lankakehykset on painettu kokonaan liitoskappaleeseen tuotteen vakauden parantamiseksi.<\/p>\n","protected":false},"excerpt":{"rendered":"<p>SONGMICS kenk\u00e4hylly, modulaarinen kuutiohylly, kenk\u00e4kaappi, toisiinsa kiinnittyv\u00e4 rakenne, muovinen hyllyj\u00e4rjestelm\u00e4, olohuoneeseen, pukeutumishuoneeseen, kylpyhuoneeseen, mukana kumivasara, valkoinen LPC48S<\/p>\n","protected":false},"featured_media":43158,"comment_status":"open","ping_status":"closed","template":"","meta":[],"product_brand":[],"product_cat":[32],"product_tag":[],"class_list":{"0":"post-34482","1":"product","2":"type-product","3":"status-publish","4":"has-post-thumbnail","6":"product_cat-uncategorized-fi","8":"first","9":"instock","10":"shipping-taxable","11":"purchasable","12":"product-type-simple"},"_links":{"self":[{"href":"https:\/\/nordicmart.andreevmaster.com\/fi\/wp-json\/wp\/v2\/product\/34482","targetHints":{"allow":["GET"]}}],"collection":[{"href":"https:\/\/nordicmart.andreevmaster.com\/fi\/wp-json\/wp\/v2\/product"}],"about":[{"href":"https:\/\/nordicmart.andreevmaster.com\/fi\/wp-json\/wp\/v2\/types\/product"}],"replies":[{"embeddable":true,"href":"https:\/\/nordicmart.andreevmaster.com\/fi\/wp-json\/wp\/v2\/comments?post=34482"}],"wp:featuredmedia":[{"embeddable":true,"href":"https:\/\/nordicmart.andreevmaster.com\/fi\/wp-json\/wp\/v2\/media\/43158"}],"wp:attachment":[{"href":"https:\/\/nordicmart.andreevmaster.com\/fi\/wp-json\/wp\/v2\/media?parent=34482"}],"wp:term":[{"taxonomy":"product_brand","embeddable":true,"href":"https:\/\/nordicmart.andreevmaster.com\/fi\/wp-json\/wp\/v2\/product_brand?post=34482"},{"taxonomy":"product_cat","embeddable":true,"href":"https:\/\/nordicmart.andreevmaster.com\/fi\/wp-json\/wp\/v2\/product_cat?post=34482"},{"taxonomy":"product_tag","embeddable":true,"href":"https:\/\/nordicmart.andreevmaster.com\/fi\/wp-json\/wp\/v2\/product_tag?post=34482"}],"curies":[{"name":"wp","href":"https:\/\/api.w.org\/{rel}","templated":true}]}}