{"id":34481,"date":"2026-02-27T00:25:52","date_gmt":"2026-02-27T00:25:52","guid":{"rendered":"https:\/\/nordicmart.andreevmaster.com\/product\/songmics-pistokehikko-16-syvaa-kuutiota-valkoinen\/"},"modified":"2026-02-27T09:45:26","modified_gmt":"2026-02-27T09:45:26","slug":"songmics-pistokehikko-16-syvaa-kuutiota-valkoinen","status":"publish","type":"product","link":"https:\/\/nordicmart.andreevmaster.com\/fi\/tuote\/songmics-pistokehikko-16-syvaa-kuutiota-valkoinen\/","title":{"rendered":"SONGMICS-pistokehikko 16 syv\u00e4\u00e4 kuutiota, valkoinen"},"content":{"rendered":"<p>Vakaa, turvallinen, kest\u00e4v\u00e4 PP-muovilevyt on kiinnitetty tiukasti toisiinsa korkealaatuisilla ABS-liittimill\u00e4, joten jokainen yksikk\u00f6 kest\u00e4\u00e4 jopa 10 kg vaatteita tai kenki\u00e4. Lis\u00e4ksi kaatumissuoja takaa lis\u00e4vakauden ja turvallisen k\u00e4yt\u00f6n. Mukautettavissa tarpeisiisiVoit rakentaa ja laajentaa t\u00e4t\u00e4 hyllyj\u00e4rjestelm\u00e4\u00e4 eri muodoissa mukana toimitettujen varaosaliittimien avulla, jotta se sopii tiloihisi. Anna mielikuvituksesi lent\u00e4\u00e4 ja l\u00f6yd\u00e4 monia mahdollisuuksia t\u00e4m\u00e4n tyylikk\u00e4\u00e4n valkoisen kenk\u00e4hyllyn avulla! Tuotetiedot: &#8211; V\u00e4ri: valkoinen &#8211; Materiaali: PP-muovilevyt, metallirunko, ABS-muoviliittimet &#8211; Koko porrasmallinen: 113 x 36 x 113 cm (P x L x K) &#8211; Koko suorakulmainen (4 x 4): 91 x 36 x 91 cm (P x L x K) &#8211; Paino: 7,2 kg &#8211; Maks. staattinen kantavuus kuutiota kohti: 10 kg Toimitus sis\u00e4lt\u00e4\u00e4:- 16 x muovilevy (22 x 22 cm) &#8211; 40 x muovilevy (22 x 35 cm) &#8211; 52 x ABS-muoviliitin &#8211; 1 x vasara &#8211; 2 x kaatumissuoja &#8211; 1 x ohjeet (DE, EN, FR, ES, IT) SONGMICS Huomautukset:- Suojaa tuote ter\u00e4vilt\u00e4 tai ter\u00e4ksisilt\u00e4 esineilt\u00e4 sek\u00e4 tulen l\u00e4hteilt\u00e4 vaurioiden v\u00e4ltt\u00e4miseksi. &#8211; \u00c4l\u00e4 altista tuotetta voimakkaalle auringonvalolle pitk\u00e4ksi aikaa. &#8211; \u00c4l\u00e4 istu tuotteen p\u00e4\u00e4lle tai aseta liian painavia esineit\u00e4 sen p\u00e4\u00e4lle.- Kaikki muovilevyt on painettava tiukasti liitoskappaleisiin; k\u00e4yt\u00e4 t\u00e4h\u00e4n my\u00f6s vasaraa, jotta kaikki osat kiinnittyv\u00e4t tukevasti toisiinsa. Paina lis\u00e4ksi jokaisen rivin kokoamisen j\u00e4lkeen liitoskappaleita, kunnes ne ovat t\u00e4ysin lukittuneet. &#8211; Kiinnit\u00e4 tuote sein\u00e4\u00e4n mukana toimitetulla kaatumissuojalla, jos se on yli 60 cm korkea.<\/p>\n","protected":false},"excerpt":{"rendered":"<p>SONGMICS kenk\u00e4hylly muovinen, suorakulmainen hyllyj\u00e4rjestelm\u00e4 16 lokerolla, DIY-pistokehylly, s\u00e4ilytyshylly, vaatekaappi, kenk\u00e4j\u00e4rjestelij\u00e4, 22 x 35 x 22 cm per lokero, metallilanka, valkoinen LPC44S<\/p>\n","protected":false},"featured_media":43157,"comment_status":"open","ping_status":"closed","template":"","meta":[],"product_brand":[],"product_cat":[32],"product_tag":[],"class_list":{"0":"post-34481","1":"product","2":"type-product","3":"status-publish","4":"has-post-thumbnail","6":"product_cat-uncategorized-fi","8":"first","9":"instock","10":"shipping-taxable","11":"purchasable","12":"product-type-simple"},"_links":{"self":[{"href":"https:\/\/nordicmart.andreevmaster.com\/fi\/wp-json\/wp\/v2\/product\/34481","targetHints":{"allow":["GET"]}}],"collection":[{"href":"https:\/\/nordicmart.andreevmaster.com\/fi\/wp-json\/wp\/v2\/product"}],"about":[{"href":"https:\/\/nordicmart.andreevmaster.com\/fi\/wp-json\/wp\/v2\/types\/product"}],"replies":[{"embeddable":true,"href":"https:\/\/nordicmart.andreevmaster.com\/fi\/wp-json\/wp\/v2\/comments?post=34481"}],"wp:featuredmedia":[{"embeddable":true,"href":"https:\/\/nordicmart.andreevmaster.com\/fi\/wp-json\/wp\/v2\/media\/43157"}],"wp:attachment":[{"href":"https:\/\/nordicmart.andreevmaster.com\/fi\/wp-json\/wp\/v2\/media?parent=34481"}],"wp:term":[{"taxonomy":"product_brand","embeddable":true,"href":"https:\/\/nordicmart.andreevmaster.com\/fi\/wp-json\/wp\/v2\/product_brand?post=34481"},{"taxonomy":"product_cat","embeddable":true,"href":"https:\/\/nordicmart.andreevmaster.com\/fi\/wp-json\/wp\/v2\/product_cat?post=34481"},{"taxonomy":"product_tag","embeddable":true,"href":"https:\/\/nordicmart.andreevmaster.com\/fi\/wp-json\/wp\/v2\/product_tag?post=34481"}],"curies":[{"name":"wp","href":"https:\/\/api.w.org\/{rel}","templated":true}]}}