{"id":34480,"date":"2026-02-27T00:25:52","date_gmt":"2026-02-27T00:25:52","guid":{"rendered":"https:\/\/nordicmart.andreevmaster.com\/product\/songmics-pistokehysjarjestelma-16-kuutiota-valkoinen\/"},"modified":"2026-02-27T09:45:26","modified_gmt":"2026-02-27T09:45:26","slug":"songmics-pistokehysjarjestelma-16-kuutiota-valkoinen","status":"publish","type":"product","link":"https:\/\/nordicmart.andreevmaster.com\/fi\/tuote\/songmics-pistokehysjarjestelma-16-kuutiota-valkoinen\/","title":{"rendered":"SONGMICS-pistokehysj\u00e4rjestelm\u00e4 16 kuutiota, valkoinen"},"content":{"rendered":"<p>Monik\u00e4ytt\u00f6inen hylly: Hylly\u00e4 on saatavana useina eri kokoonpanoina tarpeen mukaan. Anna luovuudellesi vapaat k\u00e4det. Laadukkaat muoviset liitoskappaleet: Paksunnettu ABS-muovi takaa pitk\u00e4n k\u00e4ytt\u00f6i\u00e4n; 8 sis\u00e4puolella kierteitetty\u00e4 liitoskappaletta lis\u00e4\u00e4v\u00e4t kitkaa levyjen ja liitoskappaleiden v\u00e4lill\u00e4, jotta ne pysyv\u00e4t tiukasti yhdess\u00e4.Saumaton muotoilu: Metallikehyksen nelj\u00e4n kulman hieman kaareva muotoilu yhdist\u00e4\u00e4 liitoskappaleet ja levyt erityisen tiiviisti, joten p\u00f6ly tai hy\u00f6nteiset eiv\u00e4t p\u00e4\u00e4se niiden v\u00e4liin. Lis\u00e4turvallisuus: Jokaisessa Songmics-pistokej\u00e4rjestelm\u00e4ss\u00e4 on kaatumissuoja, joten voit kiinnitt\u00e4\u00e4 pistokehikon sein\u00e4\u00e4n. Tuotetiedot: &#8211; Mitat: 125 x 125 x 31 cm (L x K x S) &#8211; V\u00e4ri: puolil\u00e4pin\u00e4kyv\u00e4 &#8211; Materiaali: PP-muovi (levy) + ABS-muovi (liitoskappale) + rautalangat (levyn reuna) &#8211; Kunkin hyllyn kantavuus: 10 kg &#8211; Nettopaino: 8,3 kg &#8211; Bruttopaino: 8,9 kg Toimitus sis\u00e4lt\u00e4\u00e4:  &#8211; 56 x PP-levy (30 x 30 cm) &#8211; 52 x muovinen liitoskappale &#8211; 1 x puinen vasara &#8211; 1 x ohjeet (DE, EN, FR, IT, ES) &#8211; 1 x kaatumissuoja  Huomautukset:  &#8211; S\u00e4ilyt\u00e4 tuote suljetuissa tiloissa ja suojaa se s\u00e4\u00e4n vaikutuksilta. &#8211; Liitoskappaleita kiinnitt\u00e4ess\u00e4si huomaa, ett\u00e4 py\u00f6reiden pintojen, joissa on logo &#8221;Songmics&#8221;, tulee olla kaikki ulosp\u00e4in. &#8211; Songmics-s\u00e4ilytyslaatikot, jotka on valmistettu kuitukankaasta, eiv\u00e4t mahdu t\u00e4h\u00e4n tuotteeseen.  <\/p>\n","protected":false},"excerpt":{"rendered":"<p>SONGMICS kenk\u00e4hylly muovinen, suorakulmainen hyllyj\u00e4rjestelm\u00e4 16 lokerolla, DIY-pistokehylly, s\u00e4ilytyshylly, vaatekaappi, kenk\u00e4j\u00e4rjestelij\u00e4, 22 x 35 x 22 cm per lokero, metallilanka, valkoinen LPC44S<\/p>\n","protected":false},"featured_media":43156,"comment_status":"open","ping_status":"closed","template":"","meta":[],"product_brand":[],"product_cat":[32],"product_tag":[],"class_list":{"0":"post-34480","1":"product","2":"type-product","3":"status-publish","4":"has-post-thumbnail","6":"product_cat-uncategorized-fi","8":"first","9":"instock","10":"shipping-taxable","11":"purchasable","12":"product-type-simple"},"_links":{"self":[{"href":"https:\/\/nordicmart.andreevmaster.com\/fi\/wp-json\/wp\/v2\/product\/34480","targetHints":{"allow":["GET"]}}],"collection":[{"href":"https:\/\/nordicmart.andreevmaster.com\/fi\/wp-json\/wp\/v2\/product"}],"about":[{"href":"https:\/\/nordicmart.andreevmaster.com\/fi\/wp-json\/wp\/v2\/types\/product"}],"replies":[{"embeddable":true,"href":"https:\/\/nordicmart.andreevmaster.com\/fi\/wp-json\/wp\/v2\/comments?post=34480"}],"wp:featuredmedia":[{"embeddable":true,"href":"https:\/\/nordicmart.andreevmaster.com\/fi\/wp-json\/wp\/v2\/media\/43156"}],"wp:attachment":[{"href":"https:\/\/nordicmart.andreevmaster.com\/fi\/wp-json\/wp\/v2\/media?parent=34480"}],"wp:term":[{"taxonomy":"product_brand","embeddable":true,"href":"https:\/\/nordicmart.andreevmaster.com\/fi\/wp-json\/wp\/v2\/product_brand?post=34480"},{"taxonomy":"product_cat","embeddable":true,"href":"https:\/\/nordicmart.andreevmaster.com\/fi\/wp-json\/wp\/v2\/product_cat?post=34480"},{"taxonomy":"product_tag","embeddable":true,"href":"https:\/\/nordicmart.andreevmaster.com\/fi\/wp-json\/wp\/v2\/product_tag?post=34480"}],"curies":[{"name":"wp","href":"https:\/\/api.w.org\/{rel}","templated":true}]}}