{"id":34479,"date":"2026-02-27T00:25:51","date_gmt":"2026-02-27T00:25:51","guid":{"rendered":"https:\/\/nordicmart.andreevmaster.com\/product\/songmics-kenkahylly-16-kuutiota-musta\/"},"modified":"2026-02-27T09:45:26","modified_gmt":"2026-02-27T09:45:26","slug":"songmics-kenkahylly-16-kuutiota-musta","status":"publish","type":"product","link":"https:\/\/nordicmart.andreevmaster.com\/fi\/tuote\/songmics-kenkahylly-16-kuutiota-musta\/","title":{"rendered":"SONGMICS kenk\u00e4hylly 16 kuutiota musta"},"content":{"rendered":"<p>Vakaa, turvallinen, kest\u00e4v\u00e4: PP-muovilevyt on kiinnitetty tiukasti toisiinsa korkealaatuisilla ABS-liittimill\u00e4, joten jokainen yksikk\u00f6 kest\u00e4\u00e4 jopa 10 kg vaatteita tai kenki\u00e4. Lis\u00e4ksi kaatumissuoja takaa lis\u00e4vakauden ja turvallisen k\u00e4yt\u00f6n. Mukautettavissa tarpeisiisi: Voit rakentaa ja laajentaa t\u00e4t\u00e4 hyllyj\u00e4rjestelm\u00e4\u00e4 eri muodoissa mukana toimitettujen varaosaliittimien avulla, jotta se sopii tiloihisi. Tilaa lis\u00e4\u00e4 hyllyj\u00e4 laajentaaksesi mahdollisuuksiasi! Meill\u00e4 on laaja valikoima s\u00e4ilytyshyllyj\u00e4 eri kokoina ja v\u00e4rein\u00e4. Tutustu my\u00f6s muihin SONGMICS-tuotteisiin, jos et voi pit\u00e4\u00e4 k\u00e4si\u00e4si irti DIY-projekteista!Tuotetiedot: V\u00e4ri: musta Materiaali: PP-muovilevyt, metallirunko, ABS-muoviliittimet Koko porrasmallinen: 113 x 36 x 113 cm (P x L x K) Koko suorakulmainen (4 x 4): 91 x 36 x 91 cm (P x L x K) Paino: 7,2 kg. Suurin staattinen kuormitus kuutiota kohti: 10 kg. Toimitus sis\u00e4lt\u00e4\u00e4: 16 muovilevy\u00e4 (22 x 22 cm), 40 muovilevy\u00e4 (22 x 35 cm), 52 ABS-muoviliitint\u00e4, 1 vasara, 2 kaatumissuojaa, 1 ohje (DE, EN, FR, ES, IT). Muoviliittimet: Valmistettu korkealaatuisesta ABS-muovista, pitk\u00e4 k\u00e4ytt\u00f6ik\u00e4; sis\u00e4kierteet lis\u00e4\u00e4v\u00e4t kitkaa, jolloin levyt ja liitoskappaleet pysyv\u00e4t tiukasti yhdess\u00e4. Saumaton muotoilu: Metallikehyksen nelj\u00e4n kulman hieman kaareva muotoilu yhdist\u00e4\u00e4 liitoskappaleet ja levyt erityisen tiukasti, joten p\u00f6ly tai hy\u00f6nteiset eiv\u00e4t p\u00e4\u00e4se niiden v\u00e4liin.Lis\u00e4turvallisuus: Jokaisessa Songmics-pistokej\u00e4rjestelm\u00e4ss\u00e4 on kaatumissuoja, jonka avulla voit kiinnitt\u00e4\u00e4 pistokehikon sein\u00e4\u00e4n.SONGMICS-ohjeet:\u00c4l\u00e4 istu tuotteen p\u00e4\u00e4lle \u00e4l\u00e4k\u00e4 aseta liian painavia esineit\u00e4 sen p\u00e4\u00e4lle.\u00c4l\u00e4 altista tuotetta voimakkaalle auringonvalolle pitk\u00e4ksi aikaa.Kaikki muovilevyt on painettava tiukasti liitoskappaleisiin; k\u00e4yt\u00e4 tarvittaessa vasaraa varmistaaksesi, ett\u00e4 kaikki osat ovat tukevasti kiinni toisissaan. Paina lis\u00e4ksi jokaisen rivin kokoamisen j\u00e4lkeen liitoskappaleita, kunnes ne ovat t\u00e4ysin lukkiutuneet paikoilleen. Kiinnit\u00e4 tuote sein\u00e4\u00e4n mukana toimitetulla kaatumissuojalla, jos se on yli 60 cm korkea. Pid\u00e4 tuote poissa ter\u00e4vien tai ter\u00e4vien esineiden sek\u00e4 tulen l\u00e4hteiden l\u00e4heisyydest\u00e4 vahingoittumisen v\u00e4ltt\u00e4miseksi.<\/p>\n","protected":false},"excerpt":{"rendered":"<p>SONGMICS kenk\u00e4hylly muovinen, suorakulmainen hyllyj\u00e4rjestelm\u00e4 16 lokerolla, DIY-pistokehylly, s\u00e4ilytyshylly, vaatekaappi, kenk\u00e4j\u00e4rjestelij\u00e4, 22 x 35 x 22 cm per lokero, metallilanka, valkoinen LPC44S<\/p>\n","protected":false},"featured_media":43155,"comment_status":"open","ping_status":"closed","template":"","meta":[],"product_brand":[],"product_cat":[32],"product_tag":[],"class_list":{"0":"post-34479","1":"product","2":"type-product","3":"status-publish","4":"has-post-thumbnail","6":"product_cat-uncategorized-fi","8":"first","9":"instock","10":"shipping-taxable","11":"purchasable","12":"product-type-simple"},"_links":{"self":[{"href":"https:\/\/nordicmart.andreevmaster.com\/fi\/wp-json\/wp\/v2\/product\/34479","targetHints":{"allow":["GET"]}}],"collection":[{"href":"https:\/\/nordicmart.andreevmaster.com\/fi\/wp-json\/wp\/v2\/product"}],"about":[{"href":"https:\/\/nordicmart.andreevmaster.com\/fi\/wp-json\/wp\/v2\/types\/product"}],"replies":[{"embeddable":true,"href":"https:\/\/nordicmart.andreevmaster.com\/fi\/wp-json\/wp\/v2\/comments?post=34479"}],"wp:featuredmedia":[{"embeddable":true,"href":"https:\/\/nordicmart.andreevmaster.com\/fi\/wp-json\/wp\/v2\/media\/43155"}],"wp:attachment":[{"href":"https:\/\/nordicmart.andreevmaster.com\/fi\/wp-json\/wp\/v2\/media?parent=34479"}],"wp:term":[{"taxonomy":"product_brand","embeddable":true,"href":"https:\/\/nordicmart.andreevmaster.com\/fi\/wp-json\/wp\/v2\/product_brand?post=34479"},{"taxonomy":"product_cat","embeddable":true,"href":"https:\/\/nordicmart.andreevmaster.com\/fi\/wp-json\/wp\/v2\/product_cat?post=34479"},{"taxonomy":"product_tag","embeddable":true,"href":"https:\/\/nordicmart.andreevmaster.com\/fi\/wp-json\/wp\/v2\/product_tag?post=34479"}],"curies":[{"name":"wp","href":"https:\/\/api.w.org\/{rel}","templated":true}]}}