{"id":34477,"date":"2026-02-27T00:25:51","date_gmt":"2026-02-27T00:25:51","guid":{"rendered":"https:\/\/nordicmart.andreevmaster.com\/product\/yhdistava-kenkateline-suorakulmainen-sailytysjarjestelija-modulaarinen-diy-sailytyshylly-15-paikalla-metallilanka-vaatekaappi-musta\/"},"modified":"2026-02-27T09:45:25","modified_gmt":"2026-02-27T09:45:25","slug":"yhdistava-kenkateline-suorakulmainen-sailytysjarjestelija-modulaarinen-diy-sailytyshylly-15-paikalla-metallilanka-vaatekaappi-musta","status":"publish","type":"product","link":"https:\/\/nordicmart.andreevmaster.com\/fi\/tuote\/yhdistava-kenkateline-suorakulmainen-sailytysjarjestelija-modulaarinen-diy-sailytyshylly-15-paikalla-metallilanka-vaatekaappi-musta\/","title":{"rendered":"Yhdist\u00e4v\u00e4 kenk\u00e4teline, suorakulmainen s\u00e4ilytysj\u00e4rjestelij\u00e4, modulaarinen DIY-s\u00e4ilytyshylly 15 paikalla, metallilanka-vaatekaappi, musta"},"content":{"rendered":"<p>Hy\u00f6dynn\u00e4 tilasi t\u00e4ysim\u00e4\u00e4r\u00e4isesti: T\u00e4m\u00e4 kenk\u00e4teline on suunniteltu hy\u00f6dynt\u00e4m\u00e4\u00e4n lattiatilaa, ja se voidaan pinota ja mukauttaa tilasi ja mieltymystesi mukaan, jotta voit hy\u00f6dynt\u00e4\u00e4 jokaisen senttimetrin k\u00e4yt\u00e4v\u00e4ss\u00e4, olohuoneessa, portaiden alla, vaatekaapissa, oven takana, ullakolla ja toimistossa.Mahtuu kaikki: T\u00e4h\u00e4n yhdistett\u00e4v\u00e4\u00e4n kenk\u00e4hyllyyn mahtuu 16\u201325 paria kenki\u00e4, joten voit vihdoin saada korkeakorkoiset keng\u00e4t, lenkkarit ja lasten keng\u00e4t j\u00e4rjestykseen! Voit my\u00f6s poistaa v\u00e4lisein\u00e4n saadaksesi suuremman hyllyn \u2013 korkeammat kenk\u00e4si tai pehmolelusi saavat mukavan paikan t\u00e4\u00e4lt\u00e4. <\/p>\n<p>Laatu on t\u00e4rke\u00e4\u00e4: Laadukkaat ABS-liitokset, tukeva metallirunko ja vedenpit\u00e4v\u00e4t PP-muovilevyt ajattomassa mustassa v\u00e4riss\u00e4, jotka on helppo puhdistaa, kukin 22 x 35 x 22 cm (P x L x K) kest\u00e4\u00e4 jopa 5 kg; lis\u00e4ksi mukana toimitetaan kaatumissuoja, jotta kokoelmasi pysyy turvallisesti paikallaan.Helpompaa kuin luulet: Vasaralla ja kuvitetuilla ohjeilla t\u00e4m\u00e4n kenk\u00e4kaapin kokoaminen on hauskaa \u2013 melkein kuin leikkisi rakennuspalikoilla! Oletko muuttamassa? T\u00e4m\u00e4 helposti purettava yksikk\u00f6 helpottaa muuttoa!<\/p>\n<p>Mit\u00e4 saat: Modulaarinen kenk\u00e4hylly, jossa on 16 tilavaa lokeroa, jotka tekev\u00e4t eteisest\u00e4 siistimm\u00e4n, sarja kaatumissuojia lis\u00e4varman turvallisuuden takaamiseksi ja yksityiskohtaiset, helppotajuiset ohjeet, jotka helpottavat kokoamista.Vakaa, turvallinen ja kest\u00e4v\u00e4: PP-muovipaneelit pysyv\u00e4t hyvin yhdess\u00e4 korkealaatuisten ABS-liitosten ansiosta, joten jokainen yksikk\u00f6 kest\u00e4\u00e4 jopa 10 kg vaatteita tai kenki\u00e4. Lis\u00e4ksi kaatumissuoja antaa ylim\u00e4\u00e4r\u00e4ist\u00e4 vakautta ja turvallisuutta. Mukautettavissa tarpeisiisi: Voit koota ja laajentaa t\u00e4t\u00e4 hyllyj\u00e4rjestelm\u00e4\u00e4 eri muodoissa mukana toimitettujen korvaavien liittimien ansiosta, jotta voit mukauttaa sen tilaasi. Tilaa lis\u00e4\u00e4 pultittomia hyllyj\u00e4 laajentaaksesi mahdollisuuksiasi entisest\u00e4\u00e4n! Meill\u00e4 on monia erilaisia s\u00e4ilytyshyllyj\u00e4 eri kokoina ja v\u00e4rein\u00e4. Joten tutustu muihin SONGMICS-tuotteisiin, jos et voi pit\u00e4\u00e4 k\u00e4si\u00e4si irti DIY-projekteista! Tuotetiedot: V\u00e4ri: Musta Materiaali: PP-muovipaneelit, lankakehys, ABS-muoviliitokset Koko porrasmallinen: 113 x 36 x 113 cm (P x L x K) Koko suorakulmainen (4 x 4): 91 x 36 x 91 cm (P x L x K)Paino: 7,2 kg Maks. staattinen kuormituskapasiteetti kuutiota kohti: 10 kg Toimitus sis\u00e4lt\u00e4\u00e4: 16 x muovilevy (22 x 22 cm) 40 x muovilevy (22 x 35 cm) 52 x ABS-muoviliitin 1 x vasara 2 x kaatumissuoja 1 x k\u00e4ytt\u00f6ohje (DE, EN, FR, ES, IT)Muovipalat: Valmistettu korkealaatuisesta ABS-muovista, mik\u00e4 takaa pitk\u00e4n k\u00e4ytt\u00f6i\u00e4n; sis\u00e4iset kierteet lis\u00e4\u00e4v\u00e4t kitkaa, joten paneelit ja palat pysyv\u00e4t hyvin yhdess\u00e4.Saumaton muotoilu: Metallikeh\u00e4n nelj\u00e4n kulman kevyesti kaareva muotoilu tekee kiinnikkeist\u00e4 ja paneeleista erityisen tiiviit\u00e4, jotta p\u00f6ly tai hy\u00f6nteiset eiv\u00e4t p\u00e4\u00e4se l\u00e4pi.Lis\u00e4turvallisuus: Jokainen Songmics-reik\u00e4levyj\u00e4rjestelm\u00e4 on varustettu kaatumisenestolla, joten voit kiinnitt\u00e4\u00e4 reik\u00e4levyhyllyn sein\u00e4\u00e4n. SONGICS-ohjeet: \u00c4l\u00e4 istu tuotteen p\u00e4\u00e4lle \u00e4l\u00e4k\u00e4 aseta sen p\u00e4\u00e4lle painavia esineit\u00e4. \u00c4l\u00e4 altista tuotetta voimakkaalle auringonvalolle pitk\u00e4ksi aikaa.Kaikki muovipaneelit on painettava tiukasti liitoskappaleisiin; k\u00e4yt\u00e4 my\u00f6s vasaraa varmistaaksesi kaikkien yksitt\u00e4isten osien vakaan liitoksen. Kun olet koonnut jokaisen rivin, paina liitoskappaleita, kunnes ne ovat t\u00e4ysin kiinni. Kiinnit\u00e4 tuote sein\u00e4\u00e4n mukana toimitetulla kallistustangolla, jos se on yli 60 cm korkea. Pid\u00e4 tuote poissa ter\u00e4vist\u00e4 tai ter\u00e4vist\u00e4 esineist\u00e4 ja tulen l\u00e4hteist\u00e4 vahinkojen v\u00e4ltt\u00e4miseksi.<\/p>\n","protected":false},"excerpt":{"rendered":"<p>Hy\u00f6dynn\u00e4 tilasi t\u00e4ysim\u00e4\u00e4r\u00e4isesti: T\u00e4m\u00e4 kenk\u00e4teline on suunniteltu hy\u00f6dynt\u00e4m\u00e4\u00e4n lattiatilaa, ja se voidaan pinota ja mukauttaa tilasi ja mieltymystesi mukaan, jotta voit hy\u00f6dynt\u00e4\u00e4 jokaisen senttimetrin k\u00e4yt\u00e4v\u00e4ss\u00e4, olohuoneessa, portaiden alla, vaatekaapissa, oven takana, ullakolla ja toimistossa.Mahtuu kaikki: T\u00e4h\u00e4n yhdistett\u00e4v\u00e4\u00e4n kenk\u00e4hyllyyn mahtuu 16\u201325 paria kenki\u00e4, joten voit vihdoin saada korkeakorkoiset keng\u00e4t, lenkkarit ja lasten keng\u00e4t j\u00e4rjestykseen! Voit my\u00f6s [&hellip;]<\/p>\n","protected":false},"featured_media":0,"comment_status":"open","ping_status":"closed","template":"","meta":[],"product_brand":[],"product_cat":[32],"product_tag":[],"class_list":{"0":"post-34477","1":"product","2":"type-product","3":"status-publish","5":"product_cat-uncategorized-fi","7":"first","8":"instock","9":"shipping-taxable","10":"product-type-simple"},"_links":{"self":[{"href":"https:\/\/nordicmart.andreevmaster.com\/fi\/wp-json\/wp\/v2\/product\/34477","targetHints":{"allow":["GET"]}}],"collection":[{"href":"https:\/\/nordicmart.andreevmaster.com\/fi\/wp-json\/wp\/v2\/product"}],"about":[{"href":"https:\/\/nordicmart.andreevmaster.com\/fi\/wp-json\/wp\/v2\/types\/product"}],"replies":[{"embeddable":true,"href":"https:\/\/nordicmart.andreevmaster.com\/fi\/wp-json\/wp\/v2\/comments?post=34477"}],"wp:attachment":[{"href":"https:\/\/nordicmart.andreevmaster.com\/fi\/wp-json\/wp\/v2\/media?parent=34477"}],"wp:term":[{"taxonomy":"product_brand","embeddable":true,"href":"https:\/\/nordicmart.andreevmaster.com\/fi\/wp-json\/wp\/v2\/product_brand?post=34477"},{"taxonomy":"product_cat","embeddable":true,"href":"https:\/\/nordicmart.andreevmaster.com\/fi\/wp-json\/wp\/v2\/product_cat?post=34477"},{"taxonomy":"product_tag","embeddable":true,"href":"https:\/\/nordicmart.andreevmaster.com\/fi\/wp-json\/wp\/v2\/product_tag?post=34477"}],"curies":[{"name":"wp","href":"https:\/\/api.w.org\/{rel}","templated":true}]}}