{"id":34476,"date":"2026-02-27T00:25:51","date_gmt":"2026-02-27T00:25:51","guid":{"rendered":"https:\/\/nordicmart.andreevmaster.com\/product\/songmics-kenkahylly-15-lokerolla\/"},"modified":"2026-02-27T09:45:25","modified_gmt":"2026-02-27T09:45:25","slug":"songmics-kenkahylly-15-lokerolla","status":"publish","type":"product","link":"https:\/\/nordicmart.andreevmaster.com\/fi\/tuote\/songmics-kenkahylly-15-lokerolla\/","title":{"rendered":"SONGMICS kenk\u00e4hylly 15 lokerolla"},"content":{"rendered":"<p>Vakaa, turvallinen, kest\u00e4v\u00e4: PP-muovilevyt on kiinnitetty tiukasti toisiinsa korkealaatuisilla ABS-liitoskappaleilla, joten jokainen yksikk\u00f6 kest\u00e4\u00e4 jopa 10 kg vaatteita tai kenki\u00e4. Lis\u00e4ksi kaatumissuoja takaa lis\u00e4vakauden ja turvallisen k\u00e4yt\u00f6n.<\/p>\n<p>Mukautettavissa tarpeisiisi: Voit rakentaa ja laajentaa t\u00e4t\u00e4 hyllyj\u00e4rjestelm\u00e4\u00e4 eri muodoissa mukana toimitettujen varaosaliittimien avulla, jotta se sopii tiloihisi. Anna mielikuvituksesi lent\u00e4\u00e4 ja l\u00f6yd\u00e4 lis\u00e4\u00e4 mahdollisuuksia t\u00e4m\u00e4n tyylikk\u00e4\u00e4n harmaan kenk\u00e4hyllyn avulla! Tuotetiedot:<br \/>\nV\u00e4ri: harmaa<br \/>\nMateriaali: PP-muovilevyt, metallirunko, ABS-muoviliittimet<br \/>\nKoko porrasmallinen: 113 x 36 x 113 cm (P x L x K)<br \/>\nKoko suorakulmainen (4 x 4): 91 x 36 x 91 cm (P x L x K)<br \/>\nPaino: 7,2 kg<br \/>\nSuurin staattinen kuormitus kuutiota kohti: 10 kg<\/p>\n<p>Toimitus sis\u00e4lt\u00e4\u00e4<br \/>\n15 x muovilevy (22 x 22 cm)<br \/>\n40 x muovilevy (22 x 35 cm)<br \/>\n52 x ABS-muoviliitin<br \/>\n1 x vasara<br \/>\n2 x kaatumissuoja<br \/>\n1 x ohjeet (DE, EN, FR, ES, IT)<\/p>\n<p>SONGMICS-ohjeet:<br \/>\nPid\u00e4 tuote poissa ter\u00e4vien tai ter\u00e4vien esineiden sek\u00e4 tulen l\u00e4hteiden l\u00e4heisyydest\u00e4 vahingoittumisen v\u00e4ltt\u00e4miseksi.<br \/>\n\u00c4l\u00e4 altista tuotetta voimakkaalle auringonvalolle pitk\u00e4ksi aikaa.<br \/>\n\u00c4l\u00e4 istu tuotteen p\u00e4\u00e4lle \u00e4l\u00e4k\u00e4 aseta liian painavia esineit\u00e4 sen p\u00e4\u00e4lle.<br \/>\nKaikki muovilevyt on painettava tiukasti liitoskappaleisiin; k\u00e4yt\u00e4 t\u00e4h\u00e4n my\u00f6s vasaraa, jotta kaikki osat ovat tukevasti kiinni toisissaan. Paina lis\u00e4ksi jokaisen rivin kokoamisen j\u00e4lkeen liitoskappaleita, kunnes ne ovat t\u00e4ysin lukkiutuneet.<br \/>\nKiinnit\u00e4 tuote sein\u00e4\u00e4n mukana toimitetulla kaatumissuojalla, jos se on yli 60 cm korkea.<\/p>\n","protected":false},"excerpt":{"rendered":"<p>SONGMICS kenk\u00e4hylly muovinen, suorakulmainen hyllyj\u00e4rjestelm\u00e4 16 lokerolla, DIY-pistokehylly, s\u00e4ilytyshylly, vaatekaappi, kenk\u00e4j\u00e4rjestelij\u00e4, 22 x 35 x 22 cm per lokero, metallilanka, valkoinen LPC44S<\/p>\n","protected":false},"featured_media":43153,"comment_status":"open","ping_status":"closed","template":"","meta":[],"product_brand":[],"product_cat":[32],"product_tag":[],"class_list":{"0":"post-34476","1":"product","2":"type-product","3":"status-publish","4":"has-post-thumbnail","6":"product_cat-uncategorized-fi","8":"first","9":"instock","10":"shipping-taxable","11":"purchasable","12":"product-type-simple"},"_links":{"self":[{"href":"https:\/\/nordicmart.andreevmaster.com\/fi\/wp-json\/wp\/v2\/product\/34476","targetHints":{"allow":["GET"]}}],"collection":[{"href":"https:\/\/nordicmart.andreevmaster.com\/fi\/wp-json\/wp\/v2\/product"}],"about":[{"href":"https:\/\/nordicmart.andreevmaster.com\/fi\/wp-json\/wp\/v2\/types\/product"}],"replies":[{"embeddable":true,"href":"https:\/\/nordicmart.andreevmaster.com\/fi\/wp-json\/wp\/v2\/comments?post=34476"}],"wp:featuredmedia":[{"embeddable":true,"href":"https:\/\/nordicmart.andreevmaster.com\/fi\/wp-json\/wp\/v2\/media\/43153"}],"wp:attachment":[{"href":"https:\/\/nordicmart.andreevmaster.com\/fi\/wp-json\/wp\/v2\/media?parent=34476"}],"wp:term":[{"taxonomy":"product_brand","embeddable":true,"href":"https:\/\/nordicmart.andreevmaster.com\/fi\/wp-json\/wp\/v2\/product_brand?post=34476"},{"taxonomy":"product_cat","embeddable":true,"href":"https:\/\/nordicmart.andreevmaster.com\/fi\/wp-json\/wp\/v2\/product_cat?post=34476"},{"taxonomy":"product_tag","embeddable":true,"href":"https:\/\/nordicmart.andreevmaster.com\/fi\/wp-json\/wp\/v2\/product_tag?post=34476"}],"curies":[{"name":"wp","href":"https:\/\/api.w.org\/{rel}","templated":true}]}}