{"id":34474,"date":"2026-02-27T00:25:50","date_gmt":"2026-02-27T00:25:50","guid":{"rendered":"https:\/\/nordicmart.andreevmaster.com\/product\/songmics-pistokehysjarjestelma-16-kuutiota-musta\/"},"modified":"2026-02-27T09:45:24","modified_gmt":"2026-02-27T09:45:24","slug":"songmics-pistokehysjarjestelma-16-kuutiota-musta","status":"publish","type":"product","link":"https:\/\/nordicmart.andreevmaster.com\/fi\/tuote\/songmics-pistokehysjarjestelma-16-kuutiota-musta\/","title":{"rendered":"SONGMICS-pistokehysj\u00e4rjestelm\u00e4 16 kuutiota, musta"},"content":{"rendered":"<p>Helppo liitostekniikka: T\u00e4m\u00e4 sarja koostuu yhteens\u00e4 56 muovilevyst\u00e4, joissa on integroitu metallirunko, sek\u00e4 52 ABS-muovista valmistetusta liitoskappaleesta. Mukana toimitetaan my\u00f6s pieni kumivasara. N\u00e4iden komponenttien avulla t\u00e4m\u00e4 liitoshylly on helppo koota ty\u00f6nt\u00e4m\u00e4ll\u00e4 levyt liitoskappaleisiin ja naputtamalla ne kiinni vasaralla. Lopuksi voit kiinnitt\u00e4\u00e4 n\u00e4in syntyneen huonekalun sein\u00e4\u00e4n kaatumissuojalla. N\u00e4in se toimii: &#8211; Kokoa hyllykk\u00f6 porrastetusti ja aseta se portaiden alle eteiseen, jotta voit s\u00e4ilytt\u00e4\u00e4 siell\u00e4 kenki\u00e4 ja laukkuja. &#8211; Aseta hyllykk\u00f6 pystyyn makuuhuoneeseesi ja k\u00e4yt\u00e4 sit\u00e4 vaatekaappina.- Jaa 16 kuutiota ja aseta 3 pient\u00e4 hylly\u00e4 tiloihin, joissa on rajoitettu pinta-ala. Aseta esimerkiksi 6 kuution kaappi kylpyhuoneeseesi, jotta voit s\u00e4ilytt\u00e4\u00e4 kaikki hygieniatuotteesi siististi. &#8211; K\u00e4yt\u00e4 hyllyj\u00e4rjestelm\u00e4\u00e4 rakentaaksesi tilavan ulkoilualueen hamstereille, marsuille, kotirotille ja muille.Tuotetiedot: V\u00e4ri: musta Materiaali: PP-muovi, rautakehys, ABS-muovi Koko: 125 x 31 x 125 cm Kuution koko: 30 x 30 x 30 cm Paino: 8,3 kg Kuution enimm\u00e4iskuormitus: 10 kg<\/p>\n","protected":false},"excerpt":{"rendered":"<p>SONGMICS kenk\u00e4hylly muovinen, suorakulmainen hyllyj\u00e4rjestelm\u00e4 16 lokerolla, DIY-pistokehylly, s\u00e4ilytyshylly, vaatekaappi, kenk\u00e4j\u00e4rjestelij\u00e4, 22 x 35 x 22 cm per lokero, metallilanka, valkoinen LPC44S<\/p>\n","protected":false},"featured_media":43151,"comment_status":"open","ping_status":"closed","template":"","meta":[],"product_brand":[],"product_cat":[32],"product_tag":[],"class_list":{"0":"post-34474","1":"product","2":"type-product","3":"status-publish","4":"has-post-thumbnail","6":"product_cat-uncategorized-fi","8":"first","9":"instock","10":"shipping-taxable","11":"purchasable","12":"product-type-simple"},"_links":{"self":[{"href":"https:\/\/nordicmart.andreevmaster.com\/fi\/wp-json\/wp\/v2\/product\/34474","targetHints":{"allow":["GET"]}}],"collection":[{"href":"https:\/\/nordicmart.andreevmaster.com\/fi\/wp-json\/wp\/v2\/product"}],"about":[{"href":"https:\/\/nordicmart.andreevmaster.com\/fi\/wp-json\/wp\/v2\/types\/product"}],"replies":[{"embeddable":true,"href":"https:\/\/nordicmart.andreevmaster.com\/fi\/wp-json\/wp\/v2\/comments?post=34474"}],"wp:featuredmedia":[{"embeddable":true,"href":"https:\/\/nordicmart.andreevmaster.com\/fi\/wp-json\/wp\/v2\/media\/43151"}],"wp:attachment":[{"href":"https:\/\/nordicmart.andreevmaster.com\/fi\/wp-json\/wp\/v2\/media?parent=34474"}],"wp:term":[{"taxonomy":"product_brand","embeddable":true,"href":"https:\/\/nordicmart.andreevmaster.com\/fi\/wp-json\/wp\/v2\/product_brand?post=34474"},{"taxonomy":"product_cat","embeddable":true,"href":"https:\/\/nordicmart.andreevmaster.com\/fi\/wp-json\/wp\/v2\/product_cat?post=34474"},{"taxonomy":"product_tag","embeddable":true,"href":"https:\/\/nordicmart.andreevmaster.com\/fi\/wp-json\/wp\/v2\/product_tag?post=34474"}],"curies":[{"name":"wp","href":"https:\/\/api.w.org\/{rel}","templated":true}]}}