{"id":34472,"date":"2026-02-27T00:25:50","date_gmt":"2026-02-27T00:25:50","guid":{"rendered":"https:\/\/nordicmart.andreevmaster.com\/product\/songmics-hyllyjarjestelma-16-kuution-sarja\/"},"modified":"2026-02-27T09:45:24","modified_gmt":"2026-02-27T09:45:24","slug":"songmics-hyllyjarjestelma-16-kuution-sarja","status":"publish","type":"product","link":"https:\/\/nordicmart.andreevmaster.com\/fi\/tuote\/songmics-hyllyjarjestelma-16-kuution-sarja\/","title":{"rendered":"SONGMICS-hyllyj\u00e4rjestelm\u00e4, 16 kuution sarja"},"content":{"rendered":"<p>SONGMICS kenk\u00e4hylly muovinen, suorakulmainen hyllyj\u00e4rjestelm\u00e4 16 lokerolla, DIY-pistokehylly, s\u00e4ilytyshylly, vaatekaappi, kenk\u00e4j\u00e4rjestelij\u00e4, 22 x 35 x 22 cm per lokero, metallilanka, valkoinen LPC44S<br \/>\nV\u00e4ri: harmaa<br \/>\nMateriaali: PP-muovilevyt metallilankakehyksell\u00e4, ABS-muoviliittimet<br \/>\nKoko (15 kuutiota): 153 x 31 x 153 cm (P x L x K)<br \/>\nKoko (16 kuutiota): 123 x 31 x 123 cm (P x L x K)<br \/>\nKoko per muovilevy: 30 x 30 cm<br \/>\nPaino: 10,7 kg<br \/>\nKuvion maks. staattinen kantavuus: 10 kg<\/p>\n","protected":false},"excerpt":{"rendered":"<p>SONGMICS kenk\u00e4hylly muovinen, suorakulmainen hyllyj\u00e4rjestelm\u00e4 16 lokerolla, DIY-pistokehylly, s\u00e4ilytyshylly, vaatekaappi, kenk\u00e4j\u00e4rjestelij\u00e4, 22 x 35 x 22 cm per lokero, metallilanka, valkoinen LPC44S<\/p>\n","protected":false},"featured_media":43149,"comment_status":"open","ping_status":"closed","template":"","meta":[],"product_brand":[],"product_cat":[32],"product_tag":[],"class_list":{"0":"post-34472","1":"product","2":"type-product","3":"status-publish","4":"has-post-thumbnail","6":"product_cat-uncategorized-fi","8":"first","9":"instock","10":"shipping-taxable","11":"purchasable","12":"product-type-simple"},"_links":{"self":[{"href":"https:\/\/nordicmart.andreevmaster.com\/fi\/wp-json\/wp\/v2\/product\/34472","targetHints":{"allow":["GET"]}}],"collection":[{"href":"https:\/\/nordicmart.andreevmaster.com\/fi\/wp-json\/wp\/v2\/product"}],"about":[{"href":"https:\/\/nordicmart.andreevmaster.com\/fi\/wp-json\/wp\/v2\/types\/product"}],"replies":[{"embeddable":true,"href":"https:\/\/nordicmart.andreevmaster.com\/fi\/wp-json\/wp\/v2\/comments?post=34472"}],"wp:featuredmedia":[{"embeddable":true,"href":"https:\/\/nordicmart.andreevmaster.com\/fi\/wp-json\/wp\/v2\/media\/43149"}],"wp:attachment":[{"href":"https:\/\/nordicmart.andreevmaster.com\/fi\/wp-json\/wp\/v2\/media?parent=34472"}],"wp:term":[{"taxonomy":"product_brand","embeddable":true,"href":"https:\/\/nordicmart.andreevmaster.com\/fi\/wp-json\/wp\/v2\/product_brand?post=34472"},{"taxonomy":"product_cat","embeddable":true,"href":"https:\/\/nordicmart.andreevmaster.com\/fi\/wp-json\/wp\/v2\/product_cat?post=34472"},{"taxonomy":"product_tag","embeddable":true,"href":"https:\/\/nordicmart.andreevmaster.com\/fi\/wp-json\/wp\/v2\/product_tag?post=34472"}],"curies":[{"name":"wp","href":"https:\/\/api.w.org\/{rel}","templated":true}]}}