{"id":34471,"date":"2026-02-27T00:25:50","date_gmt":"2026-02-27T00:25:50","guid":{"rendered":"https:\/\/nordicmart.andreevmaster.com\/product\/songmics-kenkahylly-153-x-31-x-153-cm-15-lokeroa-kermanvalkoinen\/"},"modified":"2026-02-27T09:45:24","modified_gmt":"2026-02-27T09:45:24","slug":"songmics-kenkahylly-153-x-31-x-153-cm-15-lokeroa-kermanvalkoinen","status":"publish","type":"product","link":"https:\/\/nordicmart.andreevmaster.com\/fi\/tuote\/songmics-kenkahylly-153-x-31-x-153-cm-15-lokeroa-kermanvalkoinen\/","title":{"rendered":"SONGMICS kenk\u00e4hylly 153 x 31 x 153 cm, 15 lokeroa, kermanvalkoinen"},"content":{"rendered":"<p>SONGMICS kenk\u00e4hylly, hyllyj\u00e4rjestelm\u00e4, pistokehylly, 15 kuution sarja, DIY-hylly, pinottava, PP-muovia, vaatekaappina, makuuhuoneeseen, toimistoon<br \/>\nV\u00e4ri: kermanvalkoinen<br \/>\nMateriaali: PP-muovi, metallirunko, ABS-muovi<br \/>\nKoko: 31 x 153 x 153 cm (S x L x K)<br \/>\nKoko per lokero: 30 x 30 x 30 cm (S x L x K)<br \/>\nPaino: 8,3 kg<br \/>\nEnimm\u00e4iskantavuus per lokero: 5 kg<\/p>\n","protected":false},"excerpt":{"rendered":"<p>SONGMICS kenk\u00e4hylly, hyllyj\u00e4rjestelm\u00e4, pistokehylly, 15 kuution sarja, DIY-hylly, pinottava, PP-muovia, vaatekaappina, makuuhuoneeseen, toimistoon<\/p>\n","protected":false},"featured_media":43148,"comment_status":"open","ping_status":"closed","template":"","meta":[],"product_brand":[],"product_cat":[32],"product_tag":[],"class_list":{"0":"post-34471","1":"product","2":"type-product","3":"status-publish","4":"has-post-thumbnail","6":"product_cat-uncategorized-fi","8":"first","9":"instock","10":"shipping-taxable","11":"purchasable","12":"product-type-simple"},"_links":{"self":[{"href":"https:\/\/nordicmart.andreevmaster.com\/fi\/wp-json\/wp\/v2\/product\/34471","targetHints":{"allow":["GET"]}}],"collection":[{"href":"https:\/\/nordicmart.andreevmaster.com\/fi\/wp-json\/wp\/v2\/product"}],"about":[{"href":"https:\/\/nordicmart.andreevmaster.com\/fi\/wp-json\/wp\/v2\/types\/product"}],"replies":[{"embeddable":true,"href":"https:\/\/nordicmart.andreevmaster.com\/fi\/wp-json\/wp\/v2\/comments?post=34471"}],"wp:featuredmedia":[{"embeddable":true,"href":"https:\/\/nordicmart.andreevmaster.com\/fi\/wp-json\/wp\/v2\/media\/43148"}],"wp:attachment":[{"href":"https:\/\/nordicmart.andreevmaster.com\/fi\/wp-json\/wp\/v2\/media?parent=34471"}],"wp:term":[{"taxonomy":"product_brand","embeddable":true,"href":"https:\/\/nordicmart.andreevmaster.com\/fi\/wp-json\/wp\/v2\/product_brand?post=34471"},{"taxonomy":"product_cat","embeddable":true,"href":"https:\/\/nordicmart.andreevmaster.com\/fi\/wp-json\/wp\/v2\/product_cat?post=34471"},{"taxonomy":"product_tag","embeddable":true,"href":"https:\/\/nordicmart.andreevmaster.com\/fi\/wp-json\/wp\/v2\/product_tag?post=34471"}],"curies":[{"name":"wp","href":"https:\/\/api.w.org\/{rel}","templated":true}]}}