{"id":34467,"date":"2026-02-27T00:25:49","date_gmt":"2026-02-27T00:25:49","guid":{"rendered":"https:\/\/nordicmart.andreevmaster.com\/product\/songmics-diy-pistokehysjarjestelma-9-lokeroa-valkoinen\/"},"modified":"2026-02-27T09:45:23","modified_gmt":"2026-02-27T09:45:23","slug":"songmics-diy-pistokehysjarjestelma-9-lokeroa-valkoinen","status":"publish","type":"product","link":"https:\/\/nordicmart.andreevmaster.com\/fi\/tuote\/songmics-diy-pistokehysjarjestelma-9-lokeroa-valkoinen\/","title":{"rendered":"SONGMICS DIY-pistokehysj\u00e4rjestelm\u00e4 9 lokeroa Valkoinen"},"content":{"rendered":"<p>SONGMICS kenk\u00e4hyllyhyllyj\u00e4rjestelm\u00e4 koukkuilla ja v\u00e4liseinill\u00e4, modulaarinen muovinen vaatekaappi, pistokehyllykuutio, helppo asentaa, vaatteille, leluille, lastenhuoneeseen, valkoinen LPC36W<\/p>\n","protected":false},"excerpt":{"rendered":"<p>SONGMICS kenk\u00e4hyllyhyllyj\u00e4rjestelm\u00e4 koukkuilla ja v\u00e4liseinill\u00e4, modulaarinen muovinen vaatekaappi, pistokehyllykuutio, helppo asentaa, vaatteille, leluille, lastenhuoneeseen, valkoinen LPC36W<\/p>\n","protected":false},"featured_media":43144,"comment_status":"open","ping_status":"closed","template":"","meta":[],"product_brand":[],"product_cat":[32],"product_tag":[],"class_list":{"0":"post-34467","1":"product","2":"type-product","3":"status-publish","4":"has-post-thumbnail","6":"product_cat-uncategorized-fi","8":"first","9":"instock","10":"shipping-taxable","11":"purchasable","12":"product-type-simple"},"_links":{"self":[{"href":"https:\/\/nordicmart.andreevmaster.com\/fi\/wp-json\/wp\/v2\/product\/34467","targetHints":{"allow":["GET"]}}],"collection":[{"href":"https:\/\/nordicmart.andreevmaster.com\/fi\/wp-json\/wp\/v2\/product"}],"about":[{"href":"https:\/\/nordicmart.andreevmaster.com\/fi\/wp-json\/wp\/v2\/types\/product"}],"replies":[{"embeddable":true,"href":"https:\/\/nordicmart.andreevmaster.com\/fi\/wp-json\/wp\/v2\/comments?post=34467"}],"wp:featuredmedia":[{"embeddable":true,"href":"https:\/\/nordicmart.andreevmaster.com\/fi\/wp-json\/wp\/v2\/media\/43144"}],"wp:attachment":[{"href":"https:\/\/nordicmart.andreevmaster.com\/fi\/wp-json\/wp\/v2\/media?parent=34467"}],"wp:term":[{"taxonomy":"product_brand","embeddable":true,"href":"https:\/\/nordicmart.andreevmaster.com\/fi\/wp-json\/wp\/v2\/product_brand?post=34467"},{"taxonomy":"product_cat","embeddable":true,"href":"https:\/\/nordicmart.andreevmaster.com\/fi\/wp-json\/wp\/v2\/product_cat?post=34467"},{"taxonomy":"product_tag","embeddable":true,"href":"https:\/\/nordicmart.andreevmaster.com\/fi\/wp-json\/wp\/v2\/product_tag?post=34467"}],"curies":[{"name":"wp","href":"https:\/\/api.w.org\/{rel}","templated":true}]}}