{"id":34466,"date":"2026-02-27T00:25:48","date_gmt":"2026-02-27T00:25:48","guid":{"rendered":"https:\/\/nordicmart.andreevmaster.com\/product\/songmics-pistokehysjarjestelma-12-kuutiota-valkoinen\/"},"modified":"2026-02-27T09:45:23","modified_gmt":"2026-02-27T09:45:23","slug":"songmics-pistokehysjarjestelma-12-kuutiota-valkoinen","status":"publish","type":"product","link":"https:\/\/nordicmart.andreevmaster.com\/fi\/tuote\/songmics-pistokehysjarjestelma-12-kuutiota-valkoinen\/","title":{"rendered":"SONGMICS-pistokehysj\u00e4rjestelm\u00e4 12 kuutiota, valkoinen"},"content":{"rendered":"<p>\u201eApua! Kotona on liikaa tavaraa!\u201dT\u00e4\u00e4lt\u00e4 tulee apu! T\u00e4m\u00e4 monik\u00e4ytt\u00f6inen, puolil\u00e4pin\u00e4kyv\u00e4 valkoinen s\u00e4ilytyskaappi auttaa sinua s\u00e4ilytt\u00e4m\u00e4\u00e4n kaikki pienet tavarat yhdess\u00e4 paikassa. N\u00e4in l\u00f6yd\u00e4t tarvitsemasi tavarat nopeasti ilman pitk\u00e4\u00e4 etsimist\u00e4.Vakaus on etusijalla: t\u00e4m\u00e4 s\u00e4ilytysratkaisu on valmistettu korkealaatuisista PP-muovilevyist\u00e4, ABS-muoviliittimist\u00e4 ja rautalankakehyksest\u00e4, joten se on vakaa s\u00e4ilytyspaikka kirjoillesi, DVD-levyillesi, kengillesi jne. Loputtomat mahdollisuudet odottavat toteutusta: t\u00e4m\u00e4 toisiinsa kiinnittyv\u00e4 hyllyj\u00e4rjestelm\u00e4 tarjoaa monipuolisia k\u00e4ytt\u00f6mahdollisuuksia. Voit koota kuutiot tarpeen mukaan, jotta s\u00e4ilytysj\u00e4rjestelm\u00e4 sopii optimaalisesti tiloihisi. Yksinkertaisen ja modernin muotoilunsa ansiosta t\u00e4m\u00e4 kenk\u00e4kaappi sopii hyvin my\u00f6s olohuoneeseesi, autotalliisi tai kellariisi.Tuotetiedot: V\u00e4ri: puolil\u00e4pin\u00e4kyv\u00e4 valkoinen Materiaali: PP-muovilevyt metallilankakehyksell\u00e4, ABS-muoviliittimet Mitat: 93 x 31 x 123 cm (P x L x K) Paino: 6,5 kg Maks. kantavuus kuutiota kohti: 10 kg Yleisk\u00e4ytt\u00f6inen hylly: Hylly\u00e4 on saatavana erilaisina kokoonpanovaihtoehtoina tarpeen mukaan. Anna luovuudellesi vapaat k\u00e4det. Laadukkaat muoviliittimet: Paksunnettu ABS-muovi takaa pitk\u00e4n k\u00e4ytt\u00f6i\u00e4n; 8 sis\u00e4puolella kierteitetty\u00e4 liitoskoloa lis\u00e4\u00e4v\u00e4t levyjen ja liittimien v\u00e4list\u00e4 kitkaa, jotta ne pysyv\u00e4t tiukasti yhdess\u00e4.Saumaton muotoilu: Metallikehyksen nelj\u00e4n kulman hieman kaareva muotoilu yhdist\u00e4\u00e4 liitoskappaleet ja levyt erityisen tiiviisti, joten p\u00f6ly tai hy\u00f6nteiset eiv\u00e4t p\u00e4\u00e4se niiden v\u00e4liin. Lis\u00e4turvallisuus: Jokaisessa Songmics-pistokej\u00e4rjestelm\u00e4ss\u00e4 on kaatumissuoja, joten voit kiinnitt\u00e4\u00e4 pistohyllyn sein\u00e4\u00e4n.Toimitus sis\u00e4lt\u00e4\u00e4: 43 x puolil\u00e4pin\u00e4kyv\u00e4 valkoinen muovilevy (30 x 30 cm) 46 x musta ABS-muoviliitin 1 x kumivasara 2 x kaatumissuoja 1 x ohjeet (DE, EN, FR, ES, IT) SONGMICS Huomautukset: Tuote ei saa joutua kosketuksiin ter\u00e4vien esineiden kanssa. Lis\u00e4ksi se on pidett\u00e4v\u00e4 poissa syttymisl\u00e4hteist\u00e4.\u00c4l\u00e4 istu tuotteen p\u00e4\u00e4lle. \u00c4l\u00e4 my\u00f6sk\u00e4\u00e4n j\u00e4t\u00e4 tuotetta pitk\u00e4ksi aikaa ulos, jotta s\u00e4\u00e4olosuhteet eiv\u00e4t vahingoita sit\u00e4. Kaikki muovilevyt on painettava kokonaan alas asennuksen aikana. Tarkista jokaisen rivin valmistuttua, ett\u00e4 lankakehykset on painettu kokonaan liitoskappaleeseen, jotta tuotteen vakaus paranee.<\/p>\n","protected":false},"excerpt":{"rendered":"<p>SONGMICS vaatekaappi, kirjahylly, hyllyj\u00e4rjestelm\u00e4, toisiinsa kiinnittyv\u00e4t muovikuutiot, helppo asentaa, olohuoneeseen, pukeutumishuoneeseen, kylpyhuoneeseen, toimistoon, mukana kumivasara, valkoinen LPC34L<\/p>\n","protected":false},"featured_media":43143,"comment_status":"open","ping_status":"closed","template":"","meta":[],"product_brand":[],"product_cat":[32],"product_tag":[],"class_list":{"0":"post-34466","1":"product","2":"type-product","3":"status-publish","4":"has-post-thumbnail","6":"product_cat-uncategorized-fi","8":"first","9":"instock","10":"shipping-taxable","11":"purchasable","12":"product-type-simple"},"_links":{"self":[{"href":"https:\/\/nordicmart.andreevmaster.com\/fi\/wp-json\/wp\/v2\/product\/34466","targetHints":{"allow":["GET"]}}],"collection":[{"href":"https:\/\/nordicmart.andreevmaster.com\/fi\/wp-json\/wp\/v2\/product"}],"about":[{"href":"https:\/\/nordicmart.andreevmaster.com\/fi\/wp-json\/wp\/v2\/types\/product"}],"replies":[{"embeddable":true,"href":"https:\/\/nordicmart.andreevmaster.com\/fi\/wp-json\/wp\/v2\/comments?post=34466"}],"wp:featuredmedia":[{"embeddable":true,"href":"https:\/\/nordicmart.andreevmaster.com\/fi\/wp-json\/wp\/v2\/media\/43143"}],"wp:attachment":[{"href":"https:\/\/nordicmart.andreevmaster.com\/fi\/wp-json\/wp\/v2\/media?parent=34466"}],"wp:term":[{"taxonomy":"product_brand","embeddable":true,"href":"https:\/\/nordicmart.andreevmaster.com\/fi\/wp-json\/wp\/v2\/product_brand?post=34466"},{"taxonomy":"product_cat","embeddable":true,"href":"https:\/\/nordicmart.andreevmaster.com\/fi\/wp-json\/wp\/v2\/product_cat?post=34466"},{"taxonomy":"product_tag","embeddable":true,"href":"https:\/\/nordicmart.andreevmaster.com\/fi\/wp-json\/wp\/v2\/product_tag?post=34466"}],"curies":[{"name":"wp","href":"https:\/\/api.w.org\/{rel}","templated":true}]}}