{"id":34464,"date":"2026-02-27T00:25:48","date_gmt":"2026-02-27T00:25:48","guid":{"rendered":"https:\/\/nordicmart.andreevmaster.com\/product\/songmics-vaateteline-musta\/"},"modified":"2026-02-27T09:45:22","modified_gmt":"2026-02-27T09:45:22","slug":"songmics-vaateteline-musta","status":"publish","type":"product","link":"https:\/\/nordicmart.andreevmaster.com\/fi\/tuote\/songmics-vaateteline-musta\/","title":{"rendered":"SONGMICS vaateteline, musta"},"content":{"rendered":"<p>SONGMICS-vaatekaappi tarjoaa runsaasti s\u00e4ilytystilaa, erinomaista laatua ja kohtuullisen hinnan! Se yhdist\u00e4\u00e4 ihanteellisella tavalla keveyden ja vakauden. Asennus perustuu nerokkaaseen pistokej\u00e4rjestelm\u00e4\u00e4n, ja graafiset asennusohjeet opastavat sinut askel askeleelta k\u00e4yt\u00e4nn\u00f6llisen tilan s\u00e4\u00e4st\u00e4j\u00e4n luomiseen. Tarvittaessa kaappi voidaan helposti purkaa, jotta se voidaan varastoida tai kuljettaa tilaa s\u00e4\u00e4st\u00e4en. Etsitp\u00e4 sitten vaatekaappia tai tarvitset vain s\u00e4ilytystilaa eteiseen \u2013 Songmics tarjoaa joustavan j\u00e4rjestelm\u00e4ns\u00e4 ansiosta sopivan ratkaisun kaikkiin n\u00e4ihin teht\u00e4viin! Tuotetiedot:Mitat: 143 x 178 x 36 cm (L x K x S) Materiaali: PP-muovi (levy) + ABS-muovi (liitoskappale) V\u00e4ri: musta, painettu koriste Maks. kantavuus jokaisessa lokerossa: 10 kg Toimitus sis\u00e4lt\u00e4\u00e4: 63 x PP-levy (35 x 35 cm; musta, painettu koriste) 12 x ovi (35 x 35 cm; puolil\u00e4pin\u00e4kyv\u00e4 valkoinen, painettu koriste) 60 x muovinen liitoskappale (musta) 12 x muovikoukku 2 x vaatetanko (valkoinen) 1 x kumivasara (175 g) 1 x ohjeet (DE, EN, FR, IT, ES) 1 x kaatumissuoja (2 sarjaa ruuveja, tulppia ja nailonhihnoja)<\/p>\n","protected":false},"excerpt":{"rendered":"<p>SONGMICS vaatekaappi vaatekaappi hyllyj\u00e4rjestelm\u00e4 2 vaatetangolla 178 x 143 x 36 cm musta LPC30H<\/p>\n","protected":false},"featured_media":43141,"comment_status":"open","ping_status":"closed","template":"","meta":[],"product_brand":[],"product_cat":[32],"product_tag":[],"class_list":{"0":"post-34464","1":"product","2":"type-product","3":"status-publish","4":"has-post-thumbnail","6":"product_cat-uncategorized-fi","8":"first","9":"instock","10":"shipping-taxable","11":"purchasable","12":"product-type-simple"},"_links":{"self":[{"href":"https:\/\/nordicmart.andreevmaster.com\/fi\/wp-json\/wp\/v2\/product\/34464","targetHints":{"allow":["GET"]}}],"collection":[{"href":"https:\/\/nordicmart.andreevmaster.com\/fi\/wp-json\/wp\/v2\/product"}],"about":[{"href":"https:\/\/nordicmart.andreevmaster.com\/fi\/wp-json\/wp\/v2\/types\/product"}],"replies":[{"embeddable":true,"href":"https:\/\/nordicmart.andreevmaster.com\/fi\/wp-json\/wp\/v2\/comments?post=34464"}],"wp:featuredmedia":[{"embeddable":true,"href":"https:\/\/nordicmart.andreevmaster.com\/fi\/wp-json\/wp\/v2\/media\/43141"}],"wp:attachment":[{"href":"https:\/\/nordicmart.andreevmaster.com\/fi\/wp-json\/wp\/v2\/media?parent=34464"}],"wp:term":[{"taxonomy":"product_brand","embeddable":true,"href":"https:\/\/nordicmart.andreevmaster.com\/fi\/wp-json\/wp\/v2\/product_brand?post=34464"},{"taxonomy":"product_cat","embeddable":true,"href":"https:\/\/nordicmart.andreevmaster.com\/fi\/wp-json\/wp\/v2\/product_cat?post=34464"},{"taxonomy":"product_tag","embeddable":true,"href":"https:\/\/nordicmart.andreevmaster.com\/fi\/wp-json\/wp\/v2\/product_tag?post=34464"}],"curies":[{"name":"wp","href":"https:\/\/api.w.org\/{rel}","templated":true}]}}