{"id":34463,"date":"2026-02-27T00:25:48","date_gmt":"2026-02-27T00:25:48","guid":{"rendered":"https:\/\/nordicmart.andreevmaster.com\/product\/songmics-6-tasoinen-kenkahylly\/"},"modified":"2026-02-27T09:45:22","modified_gmt":"2026-02-27T09:45:22","slug":"songmics-6-tasoinen-kenkahylly","status":"publish","type":"product","link":"https:\/\/nordicmart.andreevmaster.com\/fi\/tuote\/songmics-6-tasoinen-kenkahylly\/","title":{"rendered":"SONGMICS 6-tasoinen kenk\u00e4hylly"},"content":{"rendered":"<p>Vakaa, turvallinen, kest\u00e4v\u00e4: PP-muovilevyt on kiinnitetty tiukasti toisiinsa korkealaatuisilla ABS-liitoskappaleilla, joten jokainen yksikk\u00f6 kest\u00e4\u00e4 jopa 10 kg vaatteita tai kenki\u00e4. Lis\u00e4ksi kaatumissuoja takaa lis\u00e4vakauden ja turvallisen k\u00e4yt\u00f6n. Mukautettavissa tarpeisiisi: Voit rakentaa ja laajentaa t\u00e4t\u00e4 hyllyj\u00e4rjestelm\u00e4\u00e4 eri muodoissa mukana toimitettujen varaosaliittimien avulla, jotta se sopii tiloihisi. Tuotetiedot: V\u00e4ri: valkoinen Materiaali: PP-muovilevyt, lankakehys, ABS-muoviliittimet Koko (2 x 6): 83 x 31 x 105 cm (P x L x K) Koko (3 x 4): 123 x 31 x 71 cm (P x L x K) Paino: 7,9 kg Maks. staattinen kantavuus per hylly: 10 kg Toimitus sis\u00e4lt\u00e4\u00e4: 12 x puolil\u00e4pin\u00e4kyv\u00e4 muovilevy (40 x 17 cm) 15 x puolil\u00e4pin\u00e4kyv\u00e4 muovilevy (40 x 30 cm)18 x puolil\u00e4pin\u00e4kyv\u00e4 muovilevy (30 x 17 cm)12 x puolil\u00e4pin\u00e4kyv\u00e4 muovilevy (40 x 17 cm)42 x ABS-muoviliitin1 x vasara2 x kaatumissuoja1 x ohjeet (DE, EN, FR, ES, IT)SONGMICS Huomautukset:\u00c4l\u00e4 istu tuotteen p\u00e4\u00e4lle tai aseta sen p\u00e4\u00e4lle liian painavia esineit\u00e4. \u00c4l\u00e4 altista tuotetta voimakkaalle auringonvalolle pitk\u00e4ksi aikaa. Kaikki muovilevyt on painettava tiukasti liitoskappaleisiin; k\u00e4yt\u00e4 t\u00e4h\u00e4n my\u00f6s vasaraa, jotta kaikki osat ovat tukevasti kiinni toisissaan. Paina lis\u00e4ksi jokaisen rivin kokoamisen j\u00e4lkeen liitoskappaleita, kunnes ne ovat t\u00e4ysin lukittuneet. Kiinnit\u00e4 tuote sein\u00e4\u00e4n mukana toimitetulla kaatumissuojalla, jos se on yli 60 cm korkea. Pid\u00e4 tuote poissa ter\u00e4vist\u00e4 tai ter\u00e4isist\u00e4 esineist\u00e4 vahingoittumisen v\u00e4ltt\u00e4miseksi.<\/p>\n","protected":false},"excerpt":{"rendered":"<p>SONGMICS kenk\u00e4hylly muovista, suorakulmainen hyllyj\u00e4rjestelm\u00e4 12 lokerolla, DIY-pistohylly, s\u00e4ilytyshylly, vaatekaappi, kenk\u00e4j\u00e4rjestelij\u00e4, 40 x 30 x 17 cm per lokero, metallilanka, musta LPC26HV1<\/p>\n","protected":false},"featured_media":43140,"comment_status":"open","ping_status":"closed","template":"","meta":[],"product_brand":[],"product_cat":[32],"product_tag":[],"class_list":{"0":"post-34463","1":"product","2":"type-product","3":"status-publish","4":"has-post-thumbnail","6":"product_cat-uncategorized-fi","8":"first","9":"instock","10":"shipping-taxable","11":"purchasable","12":"product-type-simple"},"_links":{"self":[{"href":"https:\/\/nordicmart.andreevmaster.com\/fi\/wp-json\/wp\/v2\/product\/34463","targetHints":{"allow":["GET"]}}],"collection":[{"href":"https:\/\/nordicmart.andreevmaster.com\/fi\/wp-json\/wp\/v2\/product"}],"about":[{"href":"https:\/\/nordicmart.andreevmaster.com\/fi\/wp-json\/wp\/v2\/types\/product"}],"replies":[{"embeddable":true,"href":"https:\/\/nordicmart.andreevmaster.com\/fi\/wp-json\/wp\/v2\/comments?post=34463"}],"wp:featuredmedia":[{"embeddable":true,"href":"https:\/\/nordicmart.andreevmaster.com\/fi\/wp-json\/wp\/v2\/media\/43140"}],"wp:attachment":[{"href":"https:\/\/nordicmart.andreevmaster.com\/fi\/wp-json\/wp\/v2\/media?parent=34463"}],"wp:term":[{"taxonomy":"product_brand","embeddable":true,"href":"https:\/\/nordicmart.andreevmaster.com\/fi\/wp-json\/wp\/v2\/product_brand?post=34463"},{"taxonomy":"product_cat","embeddable":true,"href":"https:\/\/nordicmart.andreevmaster.com\/fi\/wp-json\/wp\/v2\/product_cat?post=34463"},{"taxonomy":"product_tag","embeddable":true,"href":"https:\/\/nordicmart.andreevmaster.com\/fi\/wp-json\/wp\/v2\/product_tag?post=34463"}],"curies":[{"name":"wp","href":"https:\/\/api.w.org\/{rel}","templated":true}]}}