{"id":34461,"date":"2026-02-27T00:25:47","date_gmt":"2026-02-27T00:25:47","guid":{"rendered":"https:\/\/nordicmart.andreevmaster.com\/product\/yhdistava-kenkateline-suorakulmainen-sailytysjarjestelija-modulaarinen-diy-sailytyshylly-jossa-12-paikkaa-40-x-30-x-17-cm-jokaiselle-paikalle-metallilanka-vaatekaappi-musta-lpc26hv1\/"},"modified":"2026-02-27T09:45:22","modified_gmt":"2026-02-27T09:45:22","slug":"yhdistava-kenkateline-suorakulmainen-sailytysjarjestelija-modulaarinen-diy-sailytyshylly-jossa-12-paikkaa-40-x-30-x-17-cm-jokaiselle-paikalle-metallilanka-vaatekaappi-musta-lpc26hv1","status":"publish","type":"product","link":"https:\/\/nordicmart.andreevmaster.com\/fi\/tuote\/yhdistava-kenkateline-suorakulmainen-sailytysjarjestelija-modulaarinen-diy-sailytyshylly-jossa-12-paikkaa-40-x-30-x-17-cm-jokaiselle-paikalle-metallilanka-vaatekaappi-musta-lpc26hv1\/","title":{"rendered":"Yhdist\u00e4v\u00e4 kenk\u00e4teline, suorakulmainen s\u00e4ilytysj\u00e4rjestelij\u00e4, modulaarinen DIY-s\u00e4ilytyshylly, jossa 12 paikkaa, 40 x 30 x 17 cm jokaiselle paikalle, metallilanka-vaatekaappi, musta LPC26HV1"},"content":{"rendered":"<p>CHAOS HELPER: T\u00e4m\u00e4 kenk\u00e4hylly on suunniteltu hy\u00f6dynt\u00e4m\u00e4\u00e4n lattiatilaa, ja se voidaan pinota ja mukauttaa tilaan ja mieltymyksiisi sopivaksi, jotta saat parhaan hy\u00f6dyn irti jokaisesta senttimetrist\u00e4 k\u00e4yt\u00e4v\u00e4ss\u00e4, olohuoneessa, portaiden alla, vaatehuoneessa, oven takana, ullakolla ja toimistossa.LETTERE END DU TROR: Vasaralla ja kuvitetuilla ohjeilla t\u00e4m\u00e4n kenk\u00e4telineen kokoaminen on hauskaa \u2013 melkein kuin leikkisi rakennuspalikoilla! Oletko muuttamassa? T\u00e4m\u00e4 helposti purettava yksikk\u00f6 helpottaa muuttoa!<\/p>\n<p>KVALITETEN ER AFG\u00d8RENDE: Jokainen 40 x 30 x 17 cm (P x L x K) kokoinen lokero kest\u00e4\u00e4 jopa 10 kg:n painon ja siin\u00e4 on korkealaatuiset ABS-liitokset, tukeva metallirunko ja vett\u00e4 hylkiv\u00e4t PP-muovilevyt, jotka on helppo puhdistaa. mukana toimitetaan kaatumissuoja, jotta kokoelmasi pysyy turvallisesti paikallaan. <\/p>\n<p>TILAA KAIKILLE: 24\u201335 parin kenkien tilaan mahtuvat korkeakorkoiset keng\u00e4t, lenkkarit ja lasten keng\u00e4t vihdoin t\u00e4h\u00e4n yhdistett\u00e4v\u00e4\u00e4n kenk\u00e4hyllyyn! Voit my\u00f6s poistaa v\u00e4lisein\u00e4n, jotta saat suuremman hyllyn korkeammille kengille tai pehmoleluille. <\/p>\n<p>MIT\u00c4 SAAT: Kenk\u00e4hylly, joka tarjoaa houkuttelevan tavan s\u00e4ilytt\u00e4\u00e4 kenk\u00e4si tyylikk\u00e4\u00e4sti. T\u00e4ydenn\u00e4 huoneesi t\u00e4ll\u00e4 monipuolisella kenk\u00e4hyllyll\u00e4!<\/p>\n<p>Vakaa, turvallinen, kest\u00e4v\u00e4 PP-muovipaneelit on kiinnitetty toisiinsa korkealaatuisilla ABS-liitoksilla, joten jokainen yksikk\u00f6 kest\u00e4\u00e4 jopa 10 kg vaatteita tai kenki\u00e4. Lis\u00e4ksi kallistumissuoja tarjoaa ylim\u00e4\u00e4r\u00e4ist\u00e4 vakautta ja turvallisuutta. Mukautettavissa tarpeisiisi Voit rakentaa ja laajentaa t\u00e4t\u00e4 pultittomalla hyllyj\u00e4rjestelm\u00e4\u00e4 eri muodoissa, jotta se sopii tilaanne, mukana toimitettujen vaihtopistokkeiden ansiosta. Tilaa lis\u00e4\u00e4 pultittomia hyllyj\u00e4 laajentaaksesi mahdollisuuksiasi entisest\u00e4\u00e4n! Tuotetiedot: &#8211; V\u00e4ri: musta, puolil\u00e4pin\u00e4kyv\u00e4t ovet &#8211; Materiaali: PP-muovipaneelit, lankakehys, ABS-muoviliitokset &#8211; Maks. staattinen kantavuus hylly\u00e4 kohti: 10 kg Toimitus sis\u00e4lt\u00e4\u00e4: &#8211; 12 x musta muovihylly (40 x 17 cm) &#8211; 15 x musta muovihylly (40 x 30 cm) &#8211; 18 x musta muovihylly (30 x 17 cm) &#8211; 12 x puolil\u00e4pin\u00e4kyv\u00e4 muovihylly (40 x 17 cm) &#8211; 42 x ABS-muoviliitint\u00e4 &#8211; 1 x vasara &#8211; 2 x kaatumisenestolaitetta &#8211; 1 x k\u00e4ytt\u00f6ohje (DE, EN, FR, ES, IT) SONGMICS Huomautukset: &#8211; \u00c4l\u00e4 istu tuotteen p\u00e4\u00e4lle \u00e4l\u00e4k\u00e4 aseta sen p\u00e4\u00e4lle painavia esineit\u00e4. &#8211; \u00c4l\u00e4 altista tuotetta voimakkaalle auringonvalolle pitk\u00e4ksi aikaa. &#8211; Kaikki muovipaneelit on painettava tiukasti liitoskappaleisiin; k\u00e4yt\u00e4 my\u00f6s vasaraa varmistaaksesi kaikkien osien vakaan liitoksen. Kun olet koonnut jokaisen rivin, paina my\u00f6s liitoskappaleita, kunnes ne ovat t\u00e4ysin kiinni. &#8211; Kiinnit\u00e4 tuote sein\u00e4\u00e4n mukana toimitetulla kallistustangolla, jos se on yli 60 cm korkea. &#8211; Pid\u00e4 tuote poissa ter\u00e4vist\u00e4 tai ter\u00e4ksisist\u00e4 esineist\u00e4 vahinkojen v\u00e4ltt\u00e4miseksi.<\/p>\n","protected":false},"excerpt":{"rendered":"<p>CHAOS HELPER: T\u00e4m\u00e4 kenk\u00e4hylly on suunniteltu hy\u00f6dynt\u00e4m\u00e4\u00e4n lattiatilaa, ja se voidaan pinota ja mukauttaa tilaan ja mieltymyksiisi sopivaksi, jotta saat parhaan hy\u00f6dyn irti jokaisesta senttimetrist\u00e4 k\u00e4yt\u00e4v\u00e4ss\u00e4, olohuoneessa, portaiden alla, vaatehuoneessa, oven takana, ullakolla ja toimistossa.LETTERE END DU TROR: Vasaralla ja kuvitetuilla ohjeilla t\u00e4m\u00e4n kenk\u00e4telineen kokoaminen on hauskaa \u2013 melkein kuin leikkisi rakennuspalikoilla! Oletko muuttamassa? T\u00e4m\u00e4 [&hellip;]<\/p>\n","protected":false},"featured_media":0,"comment_status":"open","ping_status":"closed","template":"","meta":[],"product_brand":[],"product_cat":[32],"product_tag":[],"class_list":{"0":"post-34461","1":"product","2":"type-product","3":"status-publish","5":"product_cat-uncategorized-fi","7":"first","8":"instock","9":"shipping-taxable","10":"product-type-simple"},"_links":{"self":[{"href":"https:\/\/nordicmart.andreevmaster.com\/fi\/wp-json\/wp\/v2\/product\/34461","targetHints":{"allow":["GET"]}}],"collection":[{"href":"https:\/\/nordicmart.andreevmaster.com\/fi\/wp-json\/wp\/v2\/product"}],"about":[{"href":"https:\/\/nordicmart.andreevmaster.com\/fi\/wp-json\/wp\/v2\/types\/product"}],"replies":[{"embeddable":true,"href":"https:\/\/nordicmart.andreevmaster.com\/fi\/wp-json\/wp\/v2\/comments?post=34461"}],"wp:attachment":[{"href":"https:\/\/nordicmart.andreevmaster.com\/fi\/wp-json\/wp\/v2\/media?parent=34461"}],"wp:term":[{"taxonomy":"product_brand","embeddable":true,"href":"https:\/\/nordicmart.andreevmaster.com\/fi\/wp-json\/wp\/v2\/product_brand?post=34461"},{"taxonomy":"product_cat","embeddable":true,"href":"https:\/\/nordicmart.andreevmaster.com\/fi\/wp-json\/wp\/v2\/product_cat?post=34461"},{"taxonomy":"product_tag","embeddable":true,"href":"https:\/\/nordicmart.andreevmaster.com\/fi\/wp-json\/wp\/v2\/product_tag?post=34461"}],"curies":[{"name":"wp","href":"https:\/\/api.w.org\/{rel}","templated":true}]}}