{"id":34460,"date":"2026-02-27T00:25:47","date_gmt":"2026-02-27T00:25:47","guid":{"rendered":"https:\/\/nordicmart.andreevmaster.com\/product\/songmics-kenkakaappi-kapea-puolilapinakyva-valkoinen\/"},"modified":"2026-02-27T09:45:22","modified_gmt":"2026-02-27T09:45:22","slug":"songmics-kenkakaappi-kapea-puolilapinakyva-valkoinen","status":"publish","type":"product","link":"https:\/\/nordicmart.andreevmaster.com\/fi\/tuote\/songmics-kenkakaappi-kapea-puolilapinakyva-valkoinen\/","title":{"rendered":"SONGMICS kenk\u00e4kaappi, kapea, puolil\u00e4pin\u00e4kyv\u00e4, valkoinen"},"content":{"rendered":"<p>Miesten keng\u00e4t, naisten keng\u00e4t, lasten keng\u00e4t, tossut, avokkaat jne. Kaikille kengille on tilaa. Se yhdist\u00e4\u00e4 keveyden ja vakauden ihanteellisella tavalla. Asennus perustuu er\u00e4\u00e4nlaiseen nerokkaaseen pistokej\u00e4rjestelm\u00e4\u00e4n, ja graafiset asennusohjeet opastavat sinut askel askeleelta k\u00e4yt\u00e4nn\u00f6llisen tilan s\u00e4\u00e4st\u00e4j\u00e4n luomiseen. Tarvittaessa kaappi voidaan helposti purkaa, jotta se voidaan varastoida tai kuljettaa tilaa s\u00e4\u00e4st\u00e4en. Etsitp\u00e4 sitten kenk\u00e4kaappia tai tarvitset vain s\u00e4ilytystilaa eteiseen \u2013 Songmics tarjoaa joustavan j\u00e4rjestelm\u00e4ns\u00e4 ansiosta sopivan ratkaisun kaikkiin n\u00e4ihin teht\u00e4viin! Tuotetiedot: Mitat: 83 x 31 x 88 cm (L x S x K) Koon koko per kuutio: 40 x 30 x 17 cm (L x S x K) Materiaali: PP-muovi (levy) + ABS-muovi (liitoskappale)V\u00e4ri: puolil\u00e4pin\u00e4kyv\u00e4 valkoinenKunkin lokeron enimm\u00e4iskuormitus: 10 kgMik\u00e4\u00e4n yksityiskohta ei ole merkitykset\u00f6nToimitus sis\u00e4lt\u00e4\u00e4:12 x PP-levy (40 x 30 cm; puolil\u00e4pin\u00e4kyv\u00e4 valkoinen)10 x PP-levy (40 x 17 cm; puolil\u00e4pin\u00e4kyv\u00e4 valkoinen) 16 x PP-levy (30 x 17 cm; puolil\u00e4pin\u00e4kyv\u00e4 valkoinen) 38 x muoviliitoskappale (musta) 1 x kumivasara (175 g) 1 x ohjeet (DE, EN, FR, IT, ES) 1 x kaatumissuoja (2 sarjaa ruuveja, tulppia ja nailonhihnoja)Huomautukset: Koska hylly on valmistettu p\u00e4\u00e4asiassa PP-muovista, v\u00e4lt\u00e4 painamasta hylly\u00e4 kovalla paineella, ly\u00f6m\u00e4st\u00e4 sit\u00e4 voimakkaasti tai altistamasta sit\u00e4 ter\u00e4vien\/ter\u00e4vien esineiden kosketukselle. Varo my\u00f6s istumasta hyllylle. Pid\u00e4 se poissa syttymisl\u00e4hteist\u00e4 ja avotulesta. Kun kiinnit\u00e4t liitoskappaleita, huomaa, ett\u00e4 kaikkien pintojen, joissa on \u201dSongmics\u201d-logo, tulee olla ulosp\u00e4in.Kun kiinnit\u00e4t levyj\u00e4, varmista, ett\u00e4 levyjen ulkonevat kulmat on painettu liitoskappaleiden kiinnityskoloihin loppuun asti. T\u00e4t\u00e4 varten jokainen liitoskappale on painettava jokaisen tason rakentamisen j\u00e4lkeen, kunnes osat ovat &#8221;t\u00e4ysin alhaalla&#8221; ja lukittuvat paikoilleen. On ehdottomasti huolehdittava siit\u00e4, ett\u00e4 osat sopivat tarkasti yhteen, muuten hylly n\u00e4ytt\u00e4\u00e4 v\u00e4\u00e4ntyneelt\u00e4. Levyt koostuvat metallikehyksest\u00e4, joka on p\u00e4\u00e4llystetty tukevalla muovikalvolla, asetettu reunojen yli ja sitten hitsattu kiinni. Kirjojen, k\u00e4sipainojen tai muiden raskaiden esineiden s\u00e4ilytt\u00e4mist\u00e4 hyllyll\u00e4 ei suositella.<\/p>\n","protected":false},"excerpt":{"rendered":"<p>SONGMICS 5-tasoinen kenk\u00e4hylly, kenk\u00e4kaappi, kenk\u00e4teline, hyllyj\u00e4rjestelm\u00e4, valkoinen, 73 x 36 x 88 cm LPC20W<\/p>\n","protected":false},"featured_media":43138,"comment_status":"open","ping_status":"closed","template":"","meta":[],"product_brand":[],"product_cat":[32],"product_tag":[],"class_list":{"0":"post-34460","1":"product","2":"type-product","3":"status-publish","4":"has-post-thumbnail","6":"product_cat-uncategorized-fi","8":"first","9":"instock","10":"shipping-taxable","11":"purchasable","12":"product-type-simple"},"_links":{"self":[{"href":"https:\/\/nordicmart.andreevmaster.com\/fi\/wp-json\/wp\/v2\/product\/34460","targetHints":{"allow":["GET"]}}],"collection":[{"href":"https:\/\/nordicmart.andreevmaster.com\/fi\/wp-json\/wp\/v2\/product"}],"about":[{"href":"https:\/\/nordicmart.andreevmaster.com\/fi\/wp-json\/wp\/v2\/types\/product"}],"replies":[{"embeddable":true,"href":"https:\/\/nordicmart.andreevmaster.com\/fi\/wp-json\/wp\/v2\/comments?post=34460"}],"wp:featuredmedia":[{"embeddable":true,"href":"https:\/\/nordicmart.andreevmaster.com\/fi\/wp-json\/wp\/v2\/media\/43138"}],"wp:attachment":[{"href":"https:\/\/nordicmart.andreevmaster.com\/fi\/wp-json\/wp\/v2\/media?parent=34460"}],"wp:term":[{"taxonomy":"product_brand","embeddable":true,"href":"https:\/\/nordicmart.andreevmaster.com\/fi\/wp-json\/wp\/v2\/product_brand?post=34460"},{"taxonomy":"product_cat","embeddable":true,"href":"https:\/\/nordicmart.andreevmaster.com\/fi\/wp-json\/wp\/v2\/product_cat?post=34460"},{"taxonomy":"product_tag","embeddable":true,"href":"https:\/\/nordicmart.andreevmaster.com\/fi\/wp-json\/wp\/v2\/product_tag?post=34460"}],"curies":[{"name":"wp","href":"https:\/\/api.w.org\/{rel}","templated":true}]}}