{"id":34459,"date":"2026-02-27T00:25:47","date_gmt":"2026-02-27T00:25:47","guid":{"rendered":"https:\/\/nordicmart.andreevmaster.com\/product\/schmall-skoskab-semi-transparent-hvid-2\/"},"modified":"2026-02-27T09:45:22","modified_gmt":"2026-02-27T09:45:22","slug":"schmall-skoskab-semi-transparent-hvid-2","status":"publish","type":"product","link":"https:\/\/nordicmart.andreevmaster.com\/fi\/tuote\/schmall-skoskab-semi-transparent-hvid-2\/","title":{"rendered":"Schmall skoskab semi-transparent hvid"},"content":{"rendered":"<p>Miesten keng\u00e4t, naisten keng\u00e4t, lasten keng\u00e4t, tossut, loaferit, avokkaat jne. Se yhdist\u00e4\u00e4 keveyden ja vakauden ihanteellisella tavalla. Kokoelma perustuu er\u00e4\u00e4nlaiseen nerokkaaseen plug-in-j\u00e4rjestelm\u00e4\u00e4n, ja graafinen kokoamisohje opastaa sinut askel askeleelta k\u00e4yt\u00e4nn\u00f6llisen tilaa s\u00e4\u00e4st\u00e4v\u00e4n ihmeen luomiseen. Tarvittaessa kaappi voidaan helposti purkaa tilaa s\u00e4\u00e4st\u00e4v\u00e4\u00e4n s\u00e4ilytykseen tai kuljetukseen. Etsitp\u00e4 sitten kenk\u00e4kaappia tai tarvitset vain s\u00e4ilytystilaa eteiseen, Songmics tarjoaa oikean ratkaisun kaikkiin n\u00e4ihin teht\u00e4viin joustavan j\u00e4rjestelm\u00e4ns\u00e4 ansiosta.Tuotetiedot: Mitat: 83 x 31 x 88 cm (L x S x K) Yhden kuution koko: 40 x 30 x 17 cm (L x S x K) Materiaali: PP-muovi (yl\u00e4osa) + ABS-muovi (liitoskappale)V\u00e4ri: puolil\u00e4pin\u00e4kyv\u00e4 valkoinenEnimm\u00e4iskuormituskapasiteetti jokaiselle hyllylle: 10 kg. Kunkin hyllyn kantavuus: 10 kg Mik\u00e4\u00e4n yksityiskohta ei ole merkitykset\u00f6n Toimitus sis\u00e4lt\u00e4\u00e4: 12 x PP-levy (40 x 30 cm; puolil\u00e4pin\u00e4kyv\u00e4 valkoinen) 10 x PP-levy (40 x 17 cm; puolil\u00e4pin\u00e4kyv\u00e4 valkoinen)16 x PP-levy (30 x 17 cm; puolil\u00e4pin\u00e4kyv\u00e4 valkoinen) 38 x muovikiinnike (musta) 1 x kumivasara (175 g) 1 x k\u00e4ytt\u00f6ohje (DE, EN, FR, IT, ES) 1 x kaatumissuoja (2 sarjaa nailonruuveja, tulppia ja hihnoja)Huomautukset: Koska hylly on p\u00e4\u00e4osin valmistettu PP-muovista, v\u00e4lt\u00e4 painamasta hylly\u00e4 voimakkaasti, ly\u00f6m\u00e4st\u00e4 sit\u00e4 voimakkaasti tai altistamasta sit\u00e4 ter\u00e4vien esineiden kosketukselle. Varo my\u00f6s istumasta hyllylle. Kun kiinnit\u00e4t liitoskappaleita, huomaa, ett\u00e4 kaikkien &#8221;Songmics&#8221;-logolla varustettujen pintojen on oltava ulosp\u00e4in, ja kun kiinnit\u00e4t paneeleita, varmista, ett\u00e4 paneelien upotetut kulmat asetetaan liitoskappaleiden aukkoihin painamalla niit\u00e4 kokonaan loppuun asti. T\u00e4t\u00e4 varten sinun on aina painettava jokaista liitoskappaletta, kun olet rakentanut yhden tason, kunnes osat ovat &#8221;t\u00e4ysin alhaalla&#8221; ja napsautuvat paikoilleen. On oltava huolellinen, jotta osat sopivat tarkasti yhteen, muuten hylly n\u00e4ytt\u00e4\u00e4 vinoilta. Paneelit koostuvat metallikehyksest\u00e4, joka on peitetty kest\u00e4v\u00e4ll\u00e4 muovikalvolla, asetettu reunojen p\u00e4\u00e4lle ja sitten hitsattu. Ei ole suositeltavaa sijoittaa hyllyyn kirjoja, k\u00e4sipainoja tai muita painavia esineit\u00e4.<\/p>\n","protected":false},"excerpt":{"rendered":"<p>Miesten keng\u00e4t, naisten keng\u00e4t, lasten keng\u00e4t, tossut, loaferit, avokkaat jne. Se yhdist\u00e4\u00e4 keveyden ja vakauden ihanteellisella tavalla. Kokoelma perustuu er\u00e4\u00e4nlaiseen nerokkaaseen plug-in-j\u00e4rjestelm\u00e4\u00e4n, ja graafinen kokoamisohje opastaa sinut askel askeleelta k\u00e4yt\u00e4nn\u00f6llisen tilaa s\u00e4\u00e4st\u00e4v\u00e4n ihmeen luomiseen. Tarvittaessa kaappi voidaan helposti purkaa tilaa s\u00e4\u00e4st\u00e4v\u00e4\u00e4n s\u00e4ilytykseen tai kuljetukseen. Etsitp\u00e4 sitten kenk\u00e4kaappia tai tarvitset vain s\u00e4ilytystilaa eteiseen, Songmics tarjoaa oikean [&hellip;]<\/p>\n","protected":false},"featured_media":0,"comment_status":"open","ping_status":"closed","template":"","meta":[],"product_brand":[],"product_cat":[32],"product_tag":[],"class_list":{"0":"post-34459","1":"product","2":"type-product","3":"status-publish","5":"product_cat-uncategorized-fi","7":"first","8":"instock","9":"shipping-taxable","10":"product-type-simple"},"_links":{"self":[{"href":"https:\/\/nordicmart.andreevmaster.com\/fi\/wp-json\/wp\/v2\/product\/34459","targetHints":{"allow":["GET"]}}],"collection":[{"href":"https:\/\/nordicmart.andreevmaster.com\/fi\/wp-json\/wp\/v2\/product"}],"about":[{"href":"https:\/\/nordicmart.andreevmaster.com\/fi\/wp-json\/wp\/v2\/types\/product"}],"replies":[{"embeddable":true,"href":"https:\/\/nordicmart.andreevmaster.com\/fi\/wp-json\/wp\/v2\/comments?post=34459"}],"wp:attachment":[{"href":"https:\/\/nordicmart.andreevmaster.com\/fi\/wp-json\/wp\/v2\/media?parent=34459"}],"wp:term":[{"taxonomy":"product_brand","embeddable":true,"href":"https:\/\/nordicmart.andreevmaster.com\/fi\/wp-json\/wp\/v2\/product_brand?post=34459"},{"taxonomy":"product_cat","embeddable":true,"href":"https:\/\/nordicmart.andreevmaster.com\/fi\/wp-json\/wp\/v2\/product_cat?post=34459"},{"taxonomy":"product_tag","embeddable":true,"href":"https:\/\/nordicmart.andreevmaster.com\/fi\/wp-json\/wp\/v2\/product_tag?post=34459"}],"curies":[{"name":"wp","href":"https:\/\/api.w.org\/{rel}","templated":true}]}}