{"id":34457,"date":"2026-02-27T00:25:46","date_gmt":"2026-02-27T00:25:46","guid":{"rendered":"https:\/\/nordicmart.andreevmaster.com\/product\/songmics-muovikaappi-9-kuutiota\/"},"modified":"2026-02-27T09:45:21","modified_gmt":"2026-02-27T09:45:21","slug":"songmics-muovikaappi-9-kuutiota","status":"publish","type":"product","link":"https:\/\/nordicmart.andreevmaster.com\/fi\/tuote\/songmics-muovikaappi-9-kuutiota\/","title":{"rendered":"SONGMICS muovikaappi, 9 kuutiota"},"content":{"rendered":"<p>Todellinen monitoimituote &#8221;Apua! Kotona on liikaa tavaraa!&#8221; T\u00e4\u00e4lt\u00e4 tulee apu! T\u00e4m\u00e4 monitoiminen s\u00e4ilytyskaappi auttaa sinua pit\u00e4m\u00e4\u00e4n kaikki pienet tavarat poissa n\u00e4kyvist\u00e4. Vakaa, kest\u00e4v\u00e4 ja pitk\u00e4ik\u00e4inen Valmistettu tukevasta metallilankakehyksest\u00e4, PP-muovilevyist\u00e4 ja korkealaatuisista ABS-muoviliittimist\u00e4, t\u00e4m\u00e4 kaappi on eritt\u00e4in kest\u00e4v\u00e4, ja jokainen kuutio kest\u00e4\u00e4 jopa 10 kg vaatteita tai kenki\u00e4. Lis\u00e4ksi kaatumissuoja takaa lis\u00e4vakauden ja turvallisen k\u00e4yt\u00f6n. Tuotetiedot: &#8211; V\u00e4ri: musta &#8211; Materiaali: PP-muovilevyt metallilankakehyksell\u00e4, ABS-muoviliittimet &#8211; Koko: 93 x 31 x 93 cm (P x L x K) &#8211; Koko per muovilevy: 30 x 30 cm &#8211; Paino: 6,6 kg &#8211; Maks. staattinen kantavuus per kuutio: 10 kgToimitus sis\u00e4lt\u00e4\u00e4:- 34 x puolil\u00e4pin\u00e4kyv\u00e4 musta levy (30 x 30 cm) &#8211; 9 x puolil\u00e4pin\u00e4kyv\u00e4 valkoinen levy (30 x 30 cm) &#8211; 34 x musta ABS-muoviliitin &#8211; 9 x ovikoukku &#8211; 1 x pieni vasara &#8211; 2 x kaatumissuoja &#8211; 1 x ohjeet (DE, EN, FR, ES, IT) Tuotekuvaus<\/p>\n","protected":false},"excerpt":{"rendered":"<p>SONGMICS 9 kuution DIY-hyllyj\u00e4rjestelm\u00e4 muovinen vaatekaappi ovilla, tyylik\u00e4s valkoinen, vakaa ja helppo asentaa, pistokehylly, LPC116WS<\/p>\n","protected":false},"featured_media":43136,"comment_status":"open","ping_status":"closed","template":"","meta":[],"product_brand":[],"product_cat":[32],"product_tag":[],"class_list":{"0":"post-34457","1":"product","2":"type-product","3":"status-publish","4":"has-post-thumbnail","6":"product_cat-uncategorized-fi","8":"first","9":"instock","10":"shipping-taxable","11":"purchasable","12":"product-type-simple"},"_links":{"self":[{"href":"https:\/\/nordicmart.andreevmaster.com\/fi\/wp-json\/wp\/v2\/product\/34457","targetHints":{"allow":["GET"]}}],"collection":[{"href":"https:\/\/nordicmart.andreevmaster.com\/fi\/wp-json\/wp\/v2\/product"}],"about":[{"href":"https:\/\/nordicmart.andreevmaster.com\/fi\/wp-json\/wp\/v2\/types\/product"}],"replies":[{"embeddable":true,"href":"https:\/\/nordicmart.andreevmaster.com\/fi\/wp-json\/wp\/v2\/comments?post=34457"}],"wp:featuredmedia":[{"embeddable":true,"href":"https:\/\/nordicmart.andreevmaster.com\/fi\/wp-json\/wp\/v2\/media\/43136"}],"wp:attachment":[{"href":"https:\/\/nordicmart.andreevmaster.com\/fi\/wp-json\/wp\/v2\/media?parent=34457"}],"wp:term":[{"taxonomy":"product_brand","embeddable":true,"href":"https:\/\/nordicmart.andreevmaster.com\/fi\/wp-json\/wp\/v2\/product_brand?post=34457"},{"taxonomy":"product_cat","embeddable":true,"href":"https:\/\/nordicmart.andreevmaster.com\/fi\/wp-json\/wp\/v2\/product_cat?post=34457"},{"taxonomy":"product_tag","embeddable":true,"href":"https:\/\/nordicmart.andreevmaster.com\/fi\/wp-json\/wp\/v2\/product_tag?post=34457"}],"curies":[{"name":"wp","href":"https:\/\/api.w.org\/{rel}","templated":true}]}}