{"id":34456,"date":"2026-02-27T00:25:46","date_gmt":"2026-02-27T00:25:46","guid":{"rendered":"https:\/\/nordicmart.andreevmaster.com\/product\/songmics-pistokehysjarjestelma-9-kuutiota-valkoinen\/"},"modified":"2026-02-27T09:45:21","modified_gmt":"2026-02-27T09:45:21","slug":"songmics-pistokehysjarjestelma-9-kuutiota-valkoinen","status":"publish","type":"product","link":"https:\/\/nordicmart.andreevmaster.com\/fi\/tuote\/songmics-pistokehysjarjestelma-9-kuutiota-valkoinen\/","title":{"rendered":"SONGMICS-pistokehysj\u00e4rjestelm\u00e4 9 kuutiota, valkoinen"},"content":{"rendered":"<p>Songmics-hylly tarjoaa paljon s\u00e4ilytystilaa, erinomaista laatua ja kohtuullisen hinnan! Se yhdist\u00e4\u00e4 keveyden ja vakauden ihanteellisella tavalla. Asennus perustuu er\u00e4\u00e4nlaiseen nerokkaaseen pistokej\u00e4rjestelm\u00e4\u00e4n, ja graafiset asennusohjeet opastavat sinut askel askeleelta k\u00e4yt\u00e4nn\u00f6llisen tilans\u00e4\u00e4st\u00f6ratkaisun luomiseen. Tarvittaessa hylly voidaan helposti purkaa, jotta se voidaan varastoida tai kuljettaa tilaa s\u00e4\u00e4st\u00e4en. Etsitp\u00e4 sitten s\u00e4ilytyshylly\u00e4 toimistoon tai tarvitsetpa vain s\u00e4ilytystilaa eteiseen, Songmics tarjoaa joustavan j\u00e4rjestelm\u00e4ns\u00e4 ansiosta sopivan ratkaisun kaikkiin n\u00e4ihin teht\u00e4viin! Huomautukset: &#8211; Kun kiinnit\u00e4t levyj\u00e4, varmista, ett\u00e4 levyjen ulkonevat kulmat on painettu liitoskappaleiden kiinnityskoloihin loppuun asti. T\u00e4t\u00e4 varten jokainen liitoskappale on painettava jokaisen tason rakentamisen j\u00e4lkeen, kunnes osat ovat &#8221;t\u00e4ysin alhaalla&#8221; ja lukittuvat paikoilleen. On ehdottomasti huolehdittava siit\u00e4, ett\u00e4 osat sopivat tarkasti yhteen, muuten hylly n\u00e4ytt\u00e4\u00e4 v\u00e4\u00e4ntyneelt\u00e4. &#8211; Levyt koostuvat metallikehyksest\u00e4, joka on p\u00e4\u00e4llystetty tukevalla muovikalvolla, asetettu reunojen yli ja sitten hitsattu kiinni. Kirjojen, k\u00e4sipainojen tai muiden raskaiden esineiden s\u00e4ilytt\u00e4mist\u00e4 hyllyll\u00e4 ei suositella. Tuotetiedot: &#8211; Mitat: 96 x 96 x 31,5 cm (L x K x S) &#8211; Materiaali: PP-muovi (levy) + ABS-muovi (liitoskappale) &#8211; V\u00e4ri: puolil\u00e4pin\u00e4kyv\u00e4 valkoinen &#8211; Kunkin hyllyn enimm\u00e4iskuormitus: 10 kg Toimitus sis\u00e4lt\u00e4\u00e4:- 34 x PP-levy (30 x 30 cm; puolil\u00e4pin\u00e4kyv\u00e4 valkoinen) &#8211; 34 x muovinen liitoskappale (musta) &#8211; 1 x puinen vasara &#8211; 1 x ohjeet (DE, EN, FR, IT, ES) &#8211; 1 x kaatumissuoja (2 sarjaa ruuveja, tulppia ja nailonhihnoja)<\/p>\n","protected":false},"excerpt":{"rendered":"<p>SONGMICS hyllyj\u00e4rjestelm\u00e4 Cube s\u00e4ilytys kylpyhuoneen hyllyt kenk\u00e4hylly sivup\u00f6yt\u00e4 lipasto vaatekaappi s\u00e4ilytyslaatikko valkoinen 93 x 31 x 123 cm LPC115S<\/p>\n","protected":false},"featured_media":43135,"comment_status":"open","ping_status":"closed","template":"","meta":[],"product_brand":[],"product_cat":[32],"product_tag":[],"class_list":{"0":"post-34456","1":"product","2":"type-product","3":"status-publish","4":"has-post-thumbnail","6":"product_cat-uncategorized-fi","8":"first","9":"instock","10":"shipping-taxable","11":"purchasable","12":"product-type-simple"},"_links":{"self":[{"href":"https:\/\/nordicmart.andreevmaster.com\/fi\/wp-json\/wp\/v2\/product\/34456","targetHints":{"allow":["GET"]}}],"collection":[{"href":"https:\/\/nordicmart.andreevmaster.com\/fi\/wp-json\/wp\/v2\/product"}],"about":[{"href":"https:\/\/nordicmart.andreevmaster.com\/fi\/wp-json\/wp\/v2\/types\/product"}],"replies":[{"embeddable":true,"href":"https:\/\/nordicmart.andreevmaster.com\/fi\/wp-json\/wp\/v2\/comments?post=34456"}],"wp:featuredmedia":[{"embeddable":true,"href":"https:\/\/nordicmart.andreevmaster.com\/fi\/wp-json\/wp\/v2\/media\/43135"}],"wp:attachment":[{"href":"https:\/\/nordicmart.andreevmaster.com\/fi\/wp-json\/wp\/v2\/media?parent=34456"}],"wp:term":[{"taxonomy":"product_brand","embeddable":true,"href":"https:\/\/nordicmart.andreevmaster.com\/fi\/wp-json\/wp\/v2\/product_brand?post=34456"},{"taxonomy":"product_cat","embeddable":true,"href":"https:\/\/nordicmart.andreevmaster.com\/fi\/wp-json\/wp\/v2\/product_cat?post=34456"},{"taxonomy":"product_tag","embeddable":true,"href":"https:\/\/nordicmart.andreevmaster.com\/fi\/wp-json\/wp\/v2\/product_tag?post=34456"}],"curies":[{"name":"wp","href":"https:\/\/api.w.org\/{rel}","templated":true}]}}